{"id":3049,"date":"2021-12-02T11:24:59","date_gmt":"2021-12-02T10:24:59","guid":{"rendered":"https:\/\/www.greenvalley.pl\/?post_type=product&#038;p=3049"},"modified":"2022-09-22T13:19:48","modified_gmt":"2022-09-22T11:19:48","slug":"komoda-lazienkowa-bombato-2-szufladowa","status":"publish","type":"product","link":"https:\/\/www.greenvalley.pl\/en\/product\/komoda-lazienkowa-bombato-2-szufladowa\/","title":{"rendered":"Rounded bathroom cabinet with 2 drawers"},"content":{"rendered":"<p>Komoda \u0142azienkowa Bombato 2-szufladowa z umywalk\u0105 ceramiczn\u0105. Mebel idealnie wpasuje si\u0119 w stylowe wn\u0119trze. Komoda dost\u0119pna r\u00f3wnie\u017c w wersji z trzema szufladami.<\/p>\n<p>Dodatkowo wed\u0142ug konfiguracji stworzonej indywidualnie przez klienta, komod\u0119 mo\u017cemy wykona\u0107 w dowolnym wybarwieniu kolorystycznym oraz dowolnym stopniu po\u0142ysku.<\/p>\n<p>Za dodatkow\u0105 op\u0142at\u0105 mo\u017cna r\u00f3wnie\u017c zainstalowa\u0107 system prowadnic z cichym domykiem (standardowo prowadnice na k\u00f3\u0142kach).<\/p>\n<p>&nbsp;<\/p>\n<p><strong>Dimensions:<\/strong><br \/>\nD\u0142ugo\u015b\u0107: 108cm<br \/>\nG\u0142\u0119boko\u015b\u0107: 55cm<br \/>\nWysoko\u015b\u0107: 82cm<\/p>\n<p>&nbsp;<\/p>\n<p>Nogi komody s\u0105 wykonane z litego drewna bukowego. Fronty szuflad oraz boki wykonane ze sklejki fornirowanej.<\/p>\n<p>Dost\u0119pne wybarwienia drewna:\u00a0<a href=\"https:\/\/www.greenvalley.pl\/en\/wybarwienia-drewna\/\">https:\/\/www.greenvalley.pl\/wybarwienia-drewna\/<\/a><\/p>","protected":false},"excerpt":{"rendered":"<p>Komoda \u0142azienkowa Bombato 2-szufladowa z umywalk\u0105 ceramiczn\u0105. Mebel idealnie wpasuje si\u0119 w stylowe wn\u0119trze. Komoda dost\u0119pna r\u00f3wnie\u017c w wersji z trzema szufladami. Dodatkowo wed\u0142ug konfiguracji stworzonej indywidualnie przez klienta, komod\u0119 mo\u017cemy wykona\u0107 w dowolnym wybarwieniu kolorystycznym oraz dowolnym stopniu po\u0142ysku. Za dodatkow\u0105 op\u0142at\u0105 mo\u017cna r\u00f3wnie\u017c zainstalowa\u0107 system prowadnic z cichym domykiem (standardowo prowadnice na k\u00f3\u0142kach). [&hellip;]<\/p>","protected":false},"featured_media":3050,"comment_status":"open","ping_status":"closed","template":"","meta":{"site-sidebar-layout":"default","site-content-layout":"default","ast-site-content-layout":"","site-content-style":"default","site-sidebar-style":"default","ast-global-header-display":"","ast-banner-title-visibility":"","ast-main-header-display":"","ast-hfb-above-header-display":"","ast-hfb-below-header-display":"","ast-hfb-mobile-header-display":"","site-post-title":"","ast-breadcrumbs-content":"","ast-featured-img":"","footer-sml-layout":"","theme-transparent-header-meta":"default","adv-header-id-meta":"","stick-header-meta":"","header-above-stick-meta":"","header-main-stick-meta":"","header-below-stick-meta":"","astra-migrate-meta-layouts":"default","ast-page-background-enabled":"default","ast-page-background-meta":{"desktop":{"background-color":"","background-image":"","background-repeat":"repeat","background-position":"center center","background-size":"auto","background-attachment":"scroll","background-type":"","background-media":"","overlay-type":"","overlay-color":"","overlay-opacity":"","overlay-gradient":""},"tablet":{"background-color":"","background-image":"","background-repeat":"repeat","background-position":"center center","background-size":"auto","background-attachment":"scroll","background-type":"","background-media":"","overlay-type":"","overlay-color":"","overlay-opacity":"","overlay-gradient":""},"mobile":{"background-color":"","background-image":"","background-repeat":"repeat","background-position":"center center","background-size":"auto","background-attachment":"scroll","background-type":"","background-media":"","overlay-type":"","overlay-color":"","overlay-opacity":"","overlay-gradient":""}},"ast-content-background-meta":{"desktop":{"background-color":"var(--ast-global-color-5)","background-image":"","background-repeat":"repeat","background-position":"center center","background-size":"auto","background-attachment":"scroll","background-type":"","background-media":"","overlay-type":"","overlay-color":"","overlay-opacity":"","overlay-gradient":""},"tablet":{"background-color":"var(--ast-global-color-5)","background-image":"","background-repeat":"repeat","background-position":"center center","background-size":"auto","background-attachment":"scroll","background-type":"","background-media":"","overlay-type":"","overlay-color":"","overlay-opacity":"","overlay-gradient":""},"mobile":{"background-color":"var(--ast-global-color-5)","background-image":"","background-repeat":"repeat","background-position":"center center","background-size":"auto","background-attachment":"scroll","background-type":"","background-media":"","overlay-type":"","overlay-color":"","overlay-opacity":"","overlay-gradient":""}}},"product_brand":[],"product_cat":[189,356],"product_tag":[190,357,358,192,359],"class_list":{"0":"post-3049","1":"product","2":"type-product","3":"status-publish","4":"has-post-thumbnail","6":"product_cat-komody","7":"product_cat-lazienka","8":"product_tag-komoda-bombato","9":"product_tag-komoda-bombka","10":"product_tag-komoda-lazienkowa-bombato","11":"product_tag-wloska-komoda-bombato","12":"product_tag-wloska-komoda-lazienkowa","13":"desktop-align-left","14":"tablet-align-left","15":"mobile-align-left","17":"first","18":"instock","19":"shipping-taxable","20":"product-type-simple"},"_links":{"self":[{"href":"https:\/\/www.greenvalley.pl\/en\/wp-json\/wp\/v2\/product\/3049","targetHints":{"allow":["GET"]}}],"collection":[{"href":"https:\/\/www.greenvalley.pl\/en\/wp-json\/wp\/v2\/product"}],"about":[{"href":"https:\/\/www.greenvalley.pl\/en\/wp-json\/wp\/v2\/types\/product"}],"replies":[{"embeddable":true,"href":"https:\/\/www.greenvalley.pl\/en\/wp-json\/wp\/v2\/comments?post=3049"}],"wp:featuredmedia":[{"embeddable":true,"href":"https:\/\/www.greenvalley.pl\/en\/wp-json\/wp\/v2\/media\/3050"}],"wp:attachment":[{"href":"https:\/\/www.greenvalley.pl\/en\/wp-json\/wp\/v2\/media?parent=3049"}],"wp:term":[{"taxonomy":"product_brand","embeddable":true,"href":"https:\/\/www.greenvalley.pl\/en\/wp-json\/wp\/v2\/product_brand?post=3049"},{"taxonomy":"product_cat","embeddable":true,"href":"https:\/\/www.greenvalley.pl\/en\/wp-json\/wp\/v2\/product_cat?post=3049"},{"taxonomy":"product_tag","embeddable":true,"href":"https:\/\/www.greenvalley.pl\/en\/wp-json\/wp\/v2\/product_tag?post=3049"}],"curies":[{"name":"wp","href":"https:\/\/api.w.org\/{rel}","templated":true}]}}