{"id":2851,"date":"2021-11-19T10:41:02","date_gmt":"2021-11-19T09:41:02","guid":{"rendered":"https:\/\/www.greenvalley.pl\/?post_type=product&#038;p=2851"},"modified":"2021-11-19T12:36:25","modified_gmt":"2021-11-19T11:36:25","slug":"krzeslo-buffo","status":"publish","type":"product","link":"https:\/\/www.greenvalley.pl\/en\/product\/krzeslo-buffo\/","title":{"rendered":"Buffo armchair"},"content":{"rendered":"<p class=\"translation-block\">Wszystkie realizacj\u0119 wykonujemy na indywidualne zam\u00f3wienie. Klient mo\u017ce skonfigurowa\u0107 sw\u00f3j mebel wybieraj\u0105c wybarwienie drewna, stopie\u0144 po\u0142ysku, tkanin\u0119 oraz spos\u00f3b wyko\u0144czenia.<br>\r\nKa\u017cde zam\u00f3wienie jest inne dlatego, wycena przygotowywana jest precyzyjnie pod konkretne zapytanie.<\/p>\n<p><strong>Dimensions:<\/strong><br \/>\nL. 55 P. 48 H. 84 &#8211; HS. 53<\/p>\n<p><img fetchpriority=\"high\" decoding=\"async\" class=\"alignnone size-full wp-image-2853\" src=\"https:\/\/www.greenvalley.pl\/wp-content\/uploads\/2021\/11\/Krzeslo-Buffino-2.png\" alt=\"Krzes\u0142o Buffino jak Krzes\u0142o Pratto\" width=\"1500\" height=\"1500\" title=\"\" srcset=\"https:\/\/www.greenvalley.pl\/wp-content\/uploads\/2021\/11\/Krzeslo-Buffino-2.png 1500w, https:\/\/www.greenvalley.pl\/wp-content\/uploads\/2021\/11\/Krzeslo-Buffino-2-300x300.png 300w, https:\/\/www.greenvalley.pl\/wp-content\/uploads\/2021\/11\/Krzeslo-Buffino-2-500x500.png 500w, https:\/\/www.greenvalley.pl\/wp-content\/uploads\/2021\/11\/Krzeslo-Buffino-2-150x150.png 150w, https:\/\/www.greenvalley.pl\/wp-content\/uploads\/2021\/11\/Krzeslo-Buffino-2-768x768.png 768w, https:\/\/www.greenvalley.pl\/wp-content\/uploads\/2021\/11\/Krzeslo-Buffino-2-350x350.png 350w, https:\/\/www.greenvalley.pl\/wp-content\/uploads\/2021\/11\/Krzeslo-Buffino-2-600x600.png 600w, https:\/\/www.greenvalley.pl\/wp-content\/uploads\/2021\/11\/Krzeslo-Buffino-2-100x100.png 100w, https:\/\/www.greenvalley.pl\/wp-content\/uploads\/2021\/11\/Krzeslo-Buffino-2-64x64.png 64w\" sizes=\"(max-width: 1500px) 100vw, 1500px\" \/> <img decoding=\"async\" class=\"alignnone size-full wp-image-2854\" src=\"https:\/\/www.greenvalley.pl\/wp-content\/uploads\/2021\/11\/Krzeslo-Buffino-3.png\" alt=\"Krzes\u0142o Buffino jak Krzes\u0142o Pratto\" width=\"1500\" height=\"1500\" title=\"\" srcset=\"https:\/\/www.greenvalley.pl\/wp-content\/uploads\/2021\/11\/Krzeslo-Buffino-3.png 1500w, https:\/\/www.greenvalley.pl\/wp-content\/uploads\/2021\/11\/Krzeslo-Buffino-3-300x300.png 300w, https:\/\/www.greenvalley.pl\/wp-content\/uploads\/2021\/11\/Krzeslo-Buffino-3-500x500.png 500w, https:\/\/www.greenvalley.pl\/wp-content\/uploads\/2021\/11\/Krzeslo-Buffino-3-150x150.png 150w, https:\/\/www.greenvalley.pl\/wp-content\/uploads\/2021\/11\/Krzeslo-Buffino-3-768x768.png 768w, https:\/\/www.greenvalley.pl\/wp-content\/uploads\/2021\/11\/Krzeslo-Buffino-3-350x350.png 350w, https:\/\/www.greenvalley.pl\/wp-content\/uploads\/2021\/11\/Krzeslo-Buffino-3-600x600.png 600w, https:\/\/www.greenvalley.pl\/wp-content\/uploads\/2021\/11\/Krzeslo-Buffino-3-100x100.png 100w, https:\/\/www.greenvalley.pl\/wp-content\/uploads\/2021\/11\/Krzeslo-Buffino-3-64x64.png 64w\" sizes=\"(max-width: 1500px) 100vw, 1500px\" \/><\/p>\n<p><img decoding=\"async\" class=\"alignnone size-full wp-image-2855\" src=\"https:\/\/www.greenvalley.pl\/wp-content\/uploads\/2021\/11\/Krzeslo-Buffino-4-detal.png\" alt=\"\" width=\"1500\" height=\"1500\" title=\"\" srcset=\"https:\/\/www.greenvalley.pl\/wp-content\/uploads\/2021\/11\/Krzeslo-Buffino-4-detal.png 1500w, https:\/\/www.greenvalley.pl\/wp-content\/uploads\/2021\/11\/Krzeslo-Buffino-4-detal-300x300.png 300w, https:\/\/www.greenvalley.pl\/wp-content\/uploads\/2021\/11\/Krzeslo-Buffino-4-detal-500x500.png 500w, https:\/\/www.greenvalley.pl\/wp-content\/uploads\/2021\/11\/Krzeslo-Buffino-4-detal-150x150.png 150w, https:\/\/www.greenvalley.pl\/wp-content\/uploads\/2021\/11\/Krzeslo-Buffino-4-detal-768x768.png 768w, https:\/\/www.greenvalley.pl\/wp-content\/uploads\/2021\/11\/Krzeslo-Buffino-4-detal-350x350.png 350w, https:\/\/www.greenvalley.pl\/wp-content\/uploads\/2021\/11\/Krzeslo-Buffino-4-detal-600x600.png 600w, https:\/\/www.greenvalley.pl\/wp-content\/uploads\/2021\/11\/Krzeslo-Buffino-4-detal-100x100.png 100w, https:\/\/www.greenvalley.pl\/wp-content\/uploads\/2021\/11\/Krzeslo-Buffino-4-detal-64x64.png 64w\" sizes=\"(max-width: 1500px) 100vw, 1500px\" \/><\/p>","protected":false},"excerpt":{"rendered":"<p>Wszystkie realizacj\u0119 wykonujemy na indywidualne zam\u00f3wienie. Klient mo\u017ce skonfigurowa\u0107 sw\u00f3j mebel wybieraj\u0105c wybarwienie drewna, stopie\u0144 po\u0142ysku, tkanin\u0119 oraz spos\u00f3b wyko\u0144czenia. Ka\u017cde zam\u00f3wienie jest inne dlatego, wycena przygotowywana jest precyzyjnie pod konkretne zapytanie. Wymiary: L. 55 P. 48 H. 84 &#8211; HS. 53<\/p>","protected":false},"featured_media":2854,"comment_status":"open","ping_status":"closed","template":"","meta":{"site-sidebar-layout":"default","site-content-layout":"default","ast-site-content-layout":"","site-content-style":"default","site-sidebar-style":"default","ast-global-header-display":"","ast-banner-title-visibility":"","ast-main-header-display":"","ast-hfb-above-header-display":"","ast-hfb-below-header-display":"","ast-hfb-mobile-header-display":"","site-post-title":"","ast-breadcrumbs-content":"","ast-featured-img":"","footer-sml-layout":"","theme-transparent-header-meta":"default","adv-header-id-meta":"","stick-header-meta":"","header-above-stick-meta":"","header-main-stick-meta":"","header-below-stick-meta":"","astra-migrate-meta-layouts":"default","ast-page-background-enabled":"default","ast-page-background-meta":{"desktop":{"background-color":"","background-image":"","background-repeat":"repeat","background-position":"center center","background-size":"auto","background-attachment":"scroll","background-type":"","background-media":"","overlay-type":"","overlay-color":"","overlay-opacity":"","overlay-gradient":""},"tablet":{"background-color":"","background-image":"","background-repeat":"repeat","background-position":"center center","background-size":"auto","background-attachment":"scroll","background-type":"","background-media":"","overlay-type":"","overlay-color":"","overlay-opacity":"","overlay-gradient":""},"mobile":{"background-color":"","background-image":"","background-repeat":"repeat","background-position":"center center","background-size":"auto","background-attachment":"scroll","background-type":"","background-media":"","overlay-type":"","overlay-color":"","overlay-opacity":"","overlay-gradient":""}},"ast-content-background-meta":{"desktop":{"background-color":"var(--ast-global-color-5)","background-image":"","background-repeat":"repeat","background-position":"center center","background-size":"auto","background-attachment":"scroll","background-type":"","background-media":"","overlay-type":"","overlay-color":"","overlay-opacity":"","overlay-gradient":""},"tablet":{"background-color":"var(--ast-global-color-5)","background-image":"","background-repeat":"repeat","background-position":"center center","background-size":"auto","background-attachment":"scroll","background-type":"","background-media":"","overlay-type":"","overlay-color":"","overlay-opacity":"","overlay-gradient":""},"mobile":{"background-color":"var(--ast-global-color-5)","background-image":"","background-repeat":"repeat","background-position":"center center","background-size":"auto","background-attachment":"scroll","background-type":"","background-media":"","overlay-type":"","overlay-color":"","overlay-opacity":"","overlay-gradient":""}}},"product_brand":[],"product_cat":[34],"product_tag":[313],"class_list":{"0":"post-2851","1":"product","2":"type-product","3":"status-publish","4":"has-post-thumbnail","6":"product_cat-krzesla","7":"product_tag-krzeslo-buffo","8":"desktop-align-left","9":"tablet-align-left","10":"mobile-align-left","12":"first","13":"instock","14":"shipping-taxable","15":"product-type-simple"},"_links":{"self":[{"href":"https:\/\/www.greenvalley.pl\/en\/wp-json\/wp\/v2\/product\/2851","targetHints":{"allow":["GET"]}}],"collection":[{"href":"https:\/\/www.greenvalley.pl\/en\/wp-json\/wp\/v2\/product"}],"about":[{"href":"https:\/\/www.greenvalley.pl\/en\/wp-json\/wp\/v2\/types\/product"}],"replies":[{"embeddable":true,"href":"https:\/\/www.greenvalley.pl\/en\/wp-json\/wp\/v2\/comments?post=2851"}],"wp:featuredmedia":[{"embeddable":true,"href":"https:\/\/www.greenvalley.pl\/en\/wp-json\/wp\/v2\/media\/2854"}],"wp:attachment":[{"href":"https:\/\/www.greenvalley.pl\/en\/wp-json\/wp\/v2\/media?parent=2851"}],"wp:term":[{"taxonomy":"product_brand","embeddable":true,"href":"https:\/\/www.greenvalley.pl\/en\/wp-json\/wp\/v2\/product_brand?post=2851"},{"taxonomy":"product_cat","embeddable":true,"href":"https:\/\/www.greenvalley.pl\/en\/wp-json\/wp\/v2\/product_cat?post=2851"},{"taxonomy":"product_tag","embeddable":true,"href":"https:\/\/www.greenvalley.pl\/en\/wp-json\/wp\/v2\/product_tag?post=2851"}],"curies":[{"name":"wp","href":"https:\/\/api.w.org\/{rel}","templated":true}]}}