{"id":2576,"date":"2021-07-20T10:38:45","date_gmt":"2021-07-20T08:38:45","guid":{"rendered":"https:\/\/www.greenvalley.pl\/?post_type=product&#038;p=2576"},"modified":"2021-07-20T10:41:25","modified_gmt":"2021-07-20T08:41:25","slug":"stol-ludwik-xvi-grande","status":"publish","type":"product","link":"https:\/\/www.greenvalley.pl\/en\/product\/stol-ludwik-xvi-grande\/","title":{"rendered":"Luigi XVI Grande table"},"content":{"rendered":"<p class=\"translation-block\">Dost\u0119pny w wersji nierozk\u0142adanej oraz rozk\u0142adanej z wk\u0142adkami.<br>\r\nMo\u017cliwo\u015b\u0107 pe\u0142nej konfiguracji rozmiaru, wybarwienia drewna i stopnia po\u0142ysku.<\/p>\n<p>Chair suggestions for this table:<br \/>\n<a href=\"https:\/\/www.greenvalley.pl\/en\/product\/krzeslo-ludwik-xvi\/\">Luigi XVI chair<\/a><br \/>\n<a href=\"https:\/\/www.greenvalley.pl\/en\/product\/krzeslo-z-podlokietnikami-ludwik-xvi\/\">Luigi XVI armchair<\/a><br \/>\n<a href=\"https:\/\/www.greenvalley.pl\/en\/product\/krzeslo-ludwik-xvi-arco\/\">Luigi XVI Arco chair<\/a><br \/>\n<a href=\"https:\/\/www.greenvalley.pl\/en\/product\/krzeslo-ludwik-xvi-quadro\/\">Luigi XVI Quadro chair<\/a><\/p>","protected":false},"excerpt":{"rendered":"<p>Dost\u0119pny w wersji nierozk\u0142adanej oraz rozk\u0142adanej z wk\u0142adkami. Mo\u017cliwo\u015b\u0107 pe\u0142nej konfiguracji rozmiaru, wybarwienia drewna i stopnia po\u0142ysku. Propozycje krzese\u0142 do tego sto\u0142u: Krzes\u0142o Ludwik XVI Krzes\u0142o z Pod\u0142okietnikami Ludwik XVI Krzes\u0142o Ludwik XVI Arco Krzes\u0142o Ludwik XVI Quadro<\/p>","protected":false},"featured_media":2577,"comment_status":"open","ping_status":"closed","template":"","meta":{"site-sidebar-layout":"default","site-content-layout":"default","ast-site-content-layout":"","site-content-style":"default","site-sidebar-style":"default","ast-global-header-display":"","ast-banner-title-visibility":"","ast-main-header-display":"","ast-hfb-above-header-display":"","ast-hfb-below-header-display":"","ast-hfb-mobile-header-display":"","site-post-title":"","ast-breadcrumbs-content":"","ast-featured-img":"","footer-sml-layout":"","theme-transparent-header-meta":"default","adv-header-id-meta":"","stick-header-meta":"","header-above-stick-meta":"","header-main-stick-meta":"","header-below-stick-meta":"","astra-migrate-meta-layouts":"default","ast-page-background-enabled":"default","ast-page-background-meta":{"desktop":{"background-color":"","background-image":"","background-repeat":"repeat","background-position":"center center","background-size":"auto","background-attachment":"scroll","background-type":"","background-media":"","overlay-type":"","overlay-color":"","overlay-opacity":"","overlay-gradient":""},"tablet":{"background-color":"","background-image":"","background-repeat":"repeat","background-position":"center center","background-size":"auto","background-attachment":"scroll","background-type":"","background-media":"","overlay-type":"","overlay-color":"","overlay-opacity":"","overlay-gradient":""},"mobile":{"background-color":"","background-image":"","background-repeat":"repeat","background-position":"center center","background-size":"auto","background-attachment":"scroll","background-type":"","background-media":"","overlay-type":"","overlay-color":"","overlay-opacity":"","overlay-gradient":""}},"ast-content-background-meta":{"desktop":{"background-color":"var(--ast-global-color-5)","background-image":"","background-repeat":"repeat","background-position":"center center","background-size":"auto","background-attachment":"scroll","background-type":"","background-media":"","overlay-type":"","overlay-color":"","overlay-opacity":"","overlay-gradient":""},"tablet":{"background-color":"var(--ast-global-color-5)","background-image":"","background-repeat":"repeat","background-position":"center center","background-size":"auto","background-attachment":"scroll","background-type":"","background-media":"","overlay-type":"","overlay-color":"","overlay-opacity":"","overlay-gradient":""},"mobile":{"background-color":"var(--ast-global-color-5)","background-image":"","background-repeat":"repeat","background-position":"center center","background-size":"auto","background-attachment":"scroll","background-type":"","background-media":"","overlay-type":"","overlay-color":"","overlay-opacity":"","overlay-gradient":""}}},"product_brand":[],"product_cat":[247,52,175,116],"product_tag":[249,250,248],"class_list":{"0":"post-2576","1":"product","2":"type-product","3":"status-publish","4":"has-post-thumbnail","6":"product_cat-stoly","7":"product_cat-jadalnia","8":"product_cat-ludwik-xvi","9":"product_cat-styl-klasyczny","10":"product_tag-stol-do-jadalni","11":"product_tag-stol-klasyczny","12":"product_tag-stol-ludwik-xvi","13":"desktop-align-left","14":"tablet-align-left","15":"mobile-align-left","17":"first","18":"instock","19":"shipping-taxable","20":"product-type-simple"},"_links":{"self":[{"href":"https:\/\/www.greenvalley.pl\/en\/wp-json\/wp\/v2\/product\/2576","targetHints":{"allow":["GET"]}}],"collection":[{"href":"https:\/\/www.greenvalley.pl\/en\/wp-json\/wp\/v2\/product"}],"about":[{"href":"https:\/\/www.greenvalley.pl\/en\/wp-json\/wp\/v2\/types\/product"}],"replies":[{"embeddable":true,"href":"https:\/\/www.greenvalley.pl\/en\/wp-json\/wp\/v2\/comments?post=2576"}],"wp:featuredmedia":[{"embeddable":true,"href":"https:\/\/www.greenvalley.pl\/en\/wp-json\/wp\/v2\/media\/2577"}],"wp:attachment":[{"href":"https:\/\/www.greenvalley.pl\/en\/wp-json\/wp\/v2\/media?parent=2576"}],"wp:term":[{"taxonomy":"product_brand","embeddable":true,"href":"https:\/\/www.greenvalley.pl\/en\/wp-json\/wp\/v2\/product_brand?post=2576"},{"taxonomy":"product_cat","embeddable":true,"href":"https:\/\/www.greenvalley.pl\/en\/wp-json\/wp\/v2\/product_cat?post=2576"},{"taxonomy":"product_tag","embeddable":true,"href":"https:\/\/www.greenvalley.pl\/en\/wp-json\/wp\/v2\/product_tag?post=2576"}],"curies":[{"name":"wp","href":"https:\/\/api.w.org\/{rel}","templated":true}]}}