{"id":2341,"date":"2021-04-30T15:18:11","date_gmt":"2021-04-30T13:18:11","guid":{"rendered":"https:\/\/www.greenvalley.pl\/?post_type=product&#038;p=2341"},"modified":"2021-08-18T19:08:29","modified_gmt":"2021-08-18T17:08:29","slug":"komoda-bombato-3-szufladowa","status":"publish","type":"product","link":"https:\/\/www.greenvalley.pl\/en\/product\/komoda-bombato-3-szufladowa\/","title":{"rendered":"Rounded cabinet with 3 drawers"},"content":{"rendered":"<p><strong>Dimensions:<\/strong><\/p>\n<p>D\u0142ugo\u015b\u0107: 118 cm<br \/>\n<span style=\"font-size: 16px;\">G\u0142\u0119boko\u015b\u0107: 50 cm<br \/>\n<\/span><span style=\"font-size: 16px;\">Wysoko\u015b\u0107: 85 cm<\/span><\/p>\n<p>Wszystkie realizacj\u0119 wykonujemy na indywidualne zam\u00f3wienie. Klient mo\u017ce skonfigurowa\u0107 sw\u00f3j mebel wybieraj\u0105c wybarwienie drewna i stopie\u0144 po\u0142ysku.<br \/>\nKa\u017cde zam\u00f3wienie jest inne dlatego, wycena przygotowywana jest precyzyjnie pod konkretne zapytanie.<\/p>\n<p>&nbsp;<\/p>\n<p style=\"text-align: center;\">Skonfiguruj swoj\u0105 komod\u0119 i wybierz unikalne <span style=\"color: #b1976b;\"><a style=\"color: #b1976b;\" href=\"https:\/\/instile.pl\/\" target=\"_blank\" rel=\"nofollow noopener\"><strong>w\u0142oskie uchwyty meblowe<\/strong><\/a>:<\/span><br \/>\n<a href=\"https:\/\/instile.pl\/\" target=\"_blank\" rel=\"nofollow noopener\"><img decoding=\"async\" class=\"alignnone wp-image-1734 size-medium\" src=\"https:\/\/www.greenvalley.pl\/wp-content\/uploads\/2021\/04\/logo-odswiezone-instile-300x140.png\" alt=\"instile.pl w\u0142oskie uchwyty meblowe\" width=\"300\" height=\"140\" title=\"\" srcset=\"https:\/\/www.greenvalley.pl\/wp-content\/uploads\/2021\/04\/logo-odswiezone-instile-300x140.png 300w, https:\/\/www.greenvalley.pl\/wp-content\/uploads\/2021\/04\/logo-odswiezone-instile-600x280.png 600w, https:\/\/www.greenvalley.pl\/wp-content\/uploads\/2021\/04\/logo-odswiezone-instile-64x30.png 64w, https:\/\/www.greenvalley.pl\/wp-content\/uploads\/2021\/04\/logo-odswiezone-instile.png 750w\" sizes=\"(max-width: 300px) 100vw, 300px\" \/><\/a><br \/>\n<a href=\"https:\/\/instile.pl\/\" target=\"_blank\" rel=\"nofollow noopener\">Kliknij tutaj i sprawd\u017a ofert\u0119 uchwyt\u00f3w meblowych<\/a><\/p>\n<p><img fetchpriority=\"high\" decoding=\"async\" class=\"alignnone size-large wp-image-2342\" src=\"https:\/\/www.greenvalley.pl\/wp-content\/uploads\/2021\/04\/Komoda-Bombato-1024x1024.jpg\" alt=\"W\u0142oska Komoda Bombato\" width=\"1024\" height=\"1024\" title=\"\" srcset=\"https:\/\/www.greenvalley.pl\/wp-content\/uploads\/2021\/04\/Komoda-Bombato-1024x1024.jpg 1024w, https:\/\/www.greenvalley.pl\/wp-content\/uploads\/2021\/04\/Komoda-Bombato-300x300.jpg 300w, https:\/\/www.greenvalley.pl\/wp-content\/uploads\/2021\/04\/Komoda-Bombato-150x150.jpg 150w, https:\/\/www.greenvalley.pl\/wp-content\/uploads\/2021\/04\/Komoda-Bombato-768x768.jpg 768w, https:\/\/www.greenvalley.pl\/wp-content\/uploads\/2021\/04\/Komoda-Bombato-350x350.jpg 350w, https:\/\/www.greenvalley.pl\/wp-content\/uploads\/2021\/04\/Komoda-Bombato-600x600.jpg 600w, https:\/\/www.greenvalley.pl\/wp-content\/uploads\/2021\/04\/Komoda-Bombato-100x100.jpg 100w, https:\/\/www.greenvalley.pl\/wp-content\/uploads\/2021\/04\/Komoda-Bombato-64x64.jpg 64w, https:\/\/www.greenvalley.pl\/wp-content\/uploads\/2021\/04\/Komoda-Bombato.jpg 1500w\" sizes=\"(max-width: 1024px) 100vw, 1024px\" \/> <img decoding=\"async\" class=\"alignnone size-large wp-image-2344\" src=\"https:\/\/www.greenvalley.pl\/wp-content\/uploads\/2021\/04\/Komoda-Bombato-2-1024x1024.jpg\" alt=\"W\u0142oska Komoda Bombato\" width=\"1024\" height=\"1024\" title=\"\" srcset=\"https:\/\/www.greenvalley.pl\/wp-content\/uploads\/2021\/04\/Komoda-Bombato-2-1024x1024.jpg 1024w, https:\/\/www.greenvalley.pl\/wp-content\/uploads\/2021\/04\/Komoda-Bombato-2-300x300.jpg 300w, https:\/\/www.greenvalley.pl\/wp-content\/uploads\/2021\/04\/Komoda-Bombato-2-150x150.jpg 150w, https:\/\/www.greenvalley.pl\/wp-content\/uploads\/2021\/04\/Komoda-Bombato-2-768x768.jpg 768w, https:\/\/www.greenvalley.pl\/wp-content\/uploads\/2021\/04\/Komoda-Bombato-2-350x350.jpg 350w, https:\/\/www.greenvalley.pl\/wp-content\/uploads\/2021\/04\/Komoda-Bombato-2-600x600.jpg 600w, https:\/\/www.greenvalley.pl\/wp-content\/uploads\/2021\/04\/Komoda-Bombato-2-100x100.jpg 100w, https:\/\/www.greenvalley.pl\/wp-content\/uploads\/2021\/04\/Komoda-Bombato-2-64x64.jpg 64w, https:\/\/www.greenvalley.pl\/wp-content\/uploads\/2021\/04\/Komoda-Bombato-2.jpg 1500w\" sizes=\"(max-width: 1024px) 100vw, 1024px\" \/><\/p>","protected":false},"excerpt":{"rendered":"<p>Wymiary: D\u0142ugo\u015b\u0107: 118 cm G\u0142\u0119boko\u015b\u0107: 50 cm Wysoko\u015b\u0107: 85 cm Wszystkie realizacj\u0119 wykonujemy na indywidualne zam\u00f3wienie. Klient mo\u017ce skonfigurowa\u0107 sw\u00f3j mebel wybieraj\u0105c wybarwienie drewna i stopie\u0144 po\u0142ysku. Ka\u017cde zam\u00f3wienie jest inne dlatego, wycena przygotowywana jest precyzyjnie pod konkretne zapytanie. &nbsp; Skonfiguruj swoj\u0105 komod\u0119 i wybierz unikalne w\u0142oskie uchwyty meblowe: Kliknij tutaj i sprawd\u017a ofert\u0119 uchwyt\u00f3w [&hellip;]<\/p>","protected":false},"featured_media":2342,"comment_status":"closed","ping_status":"closed","template":"","meta":{"site-sidebar-layout":"default","site-content-layout":"default","ast-site-content-layout":"","site-content-style":"default","site-sidebar-style":"default","ast-global-header-display":"","ast-banner-title-visibility":"","ast-main-header-display":"","ast-hfb-above-header-display":"","ast-hfb-below-header-display":"","ast-hfb-mobile-header-display":"","site-post-title":"","ast-breadcrumbs-content":"","ast-featured-img":"","footer-sml-layout":"","theme-transparent-header-meta":"default","adv-header-id-meta":"","stick-header-meta":"","header-above-stick-meta":"","header-main-stick-meta":"","header-below-stick-meta":"","astra-migrate-meta-layouts":"default","ast-page-background-enabled":"default","ast-page-background-meta":{"desktop":{"background-color":"","background-image":"","background-repeat":"repeat","background-position":"center center","background-size":"auto","background-attachment":"scroll","background-type":"","background-media":"","overlay-type":"","overlay-color":"","overlay-opacity":"","overlay-gradient":""},"tablet":{"background-color":"","background-image":"","background-repeat":"repeat","background-position":"center center","background-size":"auto","background-attachment":"scroll","background-type":"","background-media":"","overlay-type":"","overlay-color":"","overlay-opacity":"","overlay-gradient":""},"mobile":{"background-color":"","background-image":"","background-repeat":"repeat","background-position":"center center","background-size":"auto","background-attachment":"scroll","background-type":"","background-media":"","overlay-type":"","overlay-color":"","overlay-opacity":"","overlay-gradient":""}},"ast-content-background-meta":{"desktop":{"background-color":"var(--ast-global-color-5)","background-image":"","background-repeat":"repeat","background-position":"center center","background-size":"auto","background-attachment":"scroll","background-type":"","background-media":"","overlay-type":"","overlay-color":"","overlay-opacity":"","overlay-gradient":""},"tablet":{"background-color":"var(--ast-global-color-5)","background-image":"","background-repeat":"repeat","background-position":"center center","background-size":"auto","background-attachment":"scroll","background-type":"","background-media":"","overlay-type":"","overlay-color":"","overlay-opacity":"","overlay-gradient":""},"mobile":{"background-color":"var(--ast-global-color-5)","background-image":"","background-repeat":"repeat","background-position":"center center","background-size":"auto","background-attachment":"scroll","background-type":"","background-media":"","overlay-type":"","overlay-color":"","overlay-opacity":"","overlay-gradient":""}}},"product_brand":[],"product_cat":[189],"product_tag":[190,191,192],"class_list":{"0":"post-2341","1":"product","2":"type-product","3":"status-publish","4":"has-post-thumbnail","6":"product_cat-komody","7":"product_tag-komoda-bombato","8":"product_tag-wloska-komoda","9":"product_tag-wloska-komoda-bombato","10":"desktop-align-left","11":"tablet-align-left","12":"mobile-align-left","14":"first","15":"instock","16":"shipping-taxable","17":"product-type-simple"},"_links":{"self":[{"href":"https:\/\/www.greenvalley.pl\/en\/wp-json\/wp\/v2\/product\/2341","targetHints":{"allow":["GET"]}}],"collection":[{"href":"https:\/\/www.greenvalley.pl\/en\/wp-json\/wp\/v2\/product"}],"about":[{"href":"https:\/\/www.greenvalley.pl\/en\/wp-json\/wp\/v2\/types\/product"}],"replies":[{"embeddable":true,"href":"https:\/\/www.greenvalley.pl\/en\/wp-json\/wp\/v2\/comments?post=2341"}],"wp:featuredmedia":[{"embeddable":true,"href":"https:\/\/www.greenvalley.pl\/en\/wp-json\/wp\/v2\/media\/2342"}],"wp:attachment":[{"href":"https:\/\/www.greenvalley.pl\/en\/wp-json\/wp\/v2\/media?parent=2341"}],"wp:term":[{"taxonomy":"product_brand","embeddable":true,"href":"https:\/\/www.greenvalley.pl\/en\/wp-json\/wp\/v2\/product_brand?post=2341"},{"taxonomy":"product_cat","embeddable":true,"href":"https:\/\/www.greenvalley.pl\/en\/wp-json\/wp\/v2\/product_cat?post=2341"},{"taxonomy":"product_tag","embeddable":true,"href":"https:\/\/www.greenvalley.pl\/en\/wp-json\/wp\/v2\/product_tag?post=2341"}],"curies":[{"name":"wp","href":"https:\/\/api.w.org\/{rel}","templated":true}]}}