{"id":2331,"date":"2021-04-30T13:05:13","date_gmt":"2021-04-30T11:05:13","guid":{"rendered":"https:\/\/www.greenvalley.pl\/?post_type=product&#038;p=2331"},"modified":"2021-08-18T19:15:40","modified_gmt":"2021-08-18T17:15:40","slug":"stylowy-fotel-uszak","status":"publish","type":"product","link":"https:\/\/www.greenvalley.pl\/en\/product\/stylowy-fotel-uszak\/","title":{"rendered":"Wing armchair"},"content":{"rendered":"<p>Stylowy\u00a0<strong>fotel tapicerowany<\/strong>\u00a0wykonany z\u00a0<strong>drewna bukowego.<\/strong><br \/>\nModel:\u00a0<strong>Fotel Uszak<\/strong><\/p>\n<p><strong>Dimensions:<\/strong><br \/>\n71 cm x 94 cm x H 111cm<br \/>\nWysoko\u015b\u0107 siedziska: 50 cm<br \/>\nWysoko\u015b\u0107 pod\u0142okietnik\u00f3w: 64 cm<\/p>\n<p class=\"translation-block\">Wszystkie realizacj\u0119 wykonujemy na indywidualne zam\u00f3wienie. Klient mo\u017ce skonfigurowa\u0107 sw\u00f3j mebel wybieraj\u0105c wybarwienie drewna, stopie\u0144 po\u0142ysku, tkanin\u0119 oraz spos\u00f3b wyko\u0144czenia.<br>\r\nKa\u017cde zam\u00f3wienie jest inne dlatego, wycena przygotowywana jest precyzyjnie pod konkretne zapytanie.<\/p>\n<p><b>Fotel<\/b> <b>uszak<\/b><span style=\"font-weight: 400;\"> to kwintesencja ponadczasowego stylu i klasycznego wzornictwa. Wysokie oparcie, stylowo wyprofilowane pod\u0142okietniki i komfortowe siedzisko, to najwa\u017cniejsze elementy, kt\u00f3re nadaj\u0105 charakteru ca\u0142emu fotelowi. Warto zaznaczy\u0107, i\u017c fotel wykonany zosta\u0142 z wysokiej jako\u015bci drewna bukowego, kt\u00f3re wyr\u00f3\u017cnia si\u0119 trwa\u0142o\u015bci\u0105 oraz pi\u0119knym, dystyngowanym wygl\u0105dem. Fotel sprzedawany jest ze stylowym <\/span><b>podn\u00f3\u017ckiem<\/b><span style=\"font-weight: 400;\">, kt\u00f3ry zapewnia maksymalnym komfort wypoczynku \u2013 roz\u0142o\u017cenie si\u0119 w fotelu i wyci\u0105gni\u0119cie n\u00f3g na podn\u00f3\u017cek, to podstawa relaksu i momentu odpr\u0119\u017cenia na tym stylowym meblu.\u00a0<\/span><\/p>\n<p><span style=\"font-weight: 400;\">Co wi\u0119cej, oferowany przez nas <\/span><b>fotel<\/b> <b>uszak<\/b><span style=\"font-weight: 400;\"> sprzedawany jest na indywidualne zam\u00f3wienie, dzi\u0119ki czemu mo\u017cna idealnie dopasowa\u0107 go do stylu, kt\u00f3ry obowi\u0105zuje w danym domu czy mieszkaniu. Wybiera\u0107 mo\u017cna nie tylko tkanin\u0119 do tapicerowania, ale tak\u017ce wybarwienie drewna, stopie\u0144 po\u0142ysku czy spos\u00f3b wyko\u0144czenia. Wybierz <\/span><b>fotel<\/b> <b>uszak z podn\u00f3\u017ckiem<\/b><span style=\"font-weight: 400;\"> i odkryj nowy wymiar przyjemno\u015bci.<a href=\"https:\/\/www.greenvalley.pl\/en\/blog\/dlaczego-fotel-uszak-jest-tak-wygodny\/\"><span style=\"color: #b1976b;\"> [Kliknij tutaj aby zobaczy\u0107 ca\u0142y wpis]<\/span><\/a><\/span><\/p>","protected":false},"excerpt":{"rendered":"<p>Stylowy\u00a0fotel tapicerowany\u00a0wykonany z\u00a0drewna bukowego. Model:\u00a0Fotel Uszak Wymiary: 71 cm x 94 cm x H 111cm Wysoko\u015b\u0107 siedziska: 50 cm Wysoko\u015b\u0107 pod\u0142okietnik\u00f3w: 64 cm Wszystkie realizacj\u0119 wykonujemy na indywidualne zam\u00f3wienie. Klient mo\u017ce skonfigurowa\u0107 sw\u00f3j mebel wybieraj\u0105c wybarwienie drewna, stopie\u0144 po\u0142ysku, tkanin\u0119 oraz spos\u00f3b wyko\u0144czenia. Ka\u017cde zam\u00f3wienie jest inne dlatego, wycena przygotowywana jest precyzyjnie pod konkretne zapytanie. [&hellip;]<\/p>","protected":false},"featured_media":2335,"comment_status":"open","ping_status":"closed","template":"","meta":{"site-sidebar-layout":"default","site-content-layout":"default","ast-site-content-layout":"","site-content-style":"default","site-sidebar-style":"default","ast-global-header-display":"","ast-banner-title-visibility":"","ast-main-header-display":"","ast-hfb-above-header-display":"","ast-hfb-below-header-display":"","ast-hfb-mobile-header-display":"","site-post-title":"","ast-breadcrumbs-content":"","ast-featured-img":"","footer-sml-layout":"","theme-transparent-header-meta":"default","adv-header-id-meta":"","stick-header-meta":"","header-above-stick-meta":"","header-main-stick-meta":"","header-below-stick-meta":"","astra-migrate-meta-layouts":"default","ast-page-background-enabled":"default","ast-page-background-meta":{"desktop":{"background-color":"","background-image":"","background-repeat":"repeat","background-position":"center center","background-size":"auto","background-attachment":"scroll","background-type":"","background-media":"","overlay-type":"","overlay-color":"","overlay-opacity":"","overlay-gradient":""},"tablet":{"background-color":"","background-image":"","background-repeat":"repeat","background-position":"center center","background-size":"auto","background-attachment":"scroll","background-type":"","background-media":"","overlay-type":"","overlay-color":"","overlay-opacity":"","overlay-gradient":""},"mobile":{"background-color":"","background-image":"","background-repeat":"repeat","background-position":"center center","background-size":"auto","background-attachment":"scroll","background-type":"","background-media":"","overlay-type":"","overlay-color":"","overlay-opacity":"","overlay-gradient":""}},"ast-content-background-meta":{"desktop":{"background-color":"var(--ast-global-color-5)","background-image":"","background-repeat":"repeat","background-position":"center center","background-size":"auto","background-attachment":"scroll","background-type":"","background-media":"","overlay-type":"","overlay-color":"","overlay-opacity":"","overlay-gradient":""},"tablet":{"background-color":"var(--ast-global-color-5)","background-image":"","background-repeat":"repeat","background-position":"center center","background-size":"auto","background-attachment":"scroll","background-type":"","background-media":"","overlay-type":"","overlay-color":"","overlay-opacity":"","overlay-gradient":""},"mobile":{"background-color":"var(--ast-global-color-5)","background-image":"","background-repeat":"repeat","background-position":"center center","background-size":"auto","background-attachment":"scroll","background-type":"","background-media":"","overlay-type":"","overlay-color":"","overlay-opacity":"","overlay-gradient":""}}},"product_brand":[],"product_cat":[35,118,116],"product_tag":[186,187,185],"class_list":{"0":"post-2331","1":"product","2":"type-product","3":"status-publish","4":"has-post-thumbnail","6":"product_cat-fotele","7":"product_cat-salon","8":"product_cat-styl-klasyczny","9":"product_tag-fotel-uszak-z-podnozkiem","10":"product_tag-klasyczny-fotel-uszak","11":"product_tag-stylowy-fotel-uszak","12":"desktop-align-left","13":"tablet-align-left","14":"mobile-align-left","16":"first","17":"instock","18":"shipping-taxable","19":"product-type-simple"},"_links":{"self":[{"href":"https:\/\/www.greenvalley.pl\/en\/wp-json\/wp\/v2\/product\/2331","targetHints":{"allow":["GET"]}}],"collection":[{"href":"https:\/\/www.greenvalley.pl\/en\/wp-json\/wp\/v2\/product"}],"about":[{"href":"https:\/\/www.greenvalley.pl\/en\/wp-json\/wp\/v2\/types\/product"}],"replies":[{"embeddable":true,"href":"https:\/\/www.greenvalley.pl\/en\/wp-json\/wp\/v2\/comments?post=2331"}],"wp:featuredmedia":[{"embeddable":true,"href":"https:\/\/www.greenvalley.pl\/en\/wp-json\/wp\/v2\/media\/2335"}],"wp:attachment":[{"href":"https:\/\/www.greenvalley.pl\/en\/wp-json\/wp\/v2\/media?parent=2331"}],"wp:term":[{"taxonomy":"product_brand","embeddable":true,"href":"https:\/\/www.greenvalley.pl\/en\/wp-json\/wp\/v2\/product_brand?post=2331"},{"taxonomy":"product_cat","embeddable":true,"href":"https:\/\/www.greenvalley.pl\/en\/wp-json\/wp\/v2\/product_cat?post=2331"},{"taxonomy":"product_tag","embeddable":true,"href":"https:\/\/www.greenvalley.pl\/en\/wp-json\/wp\/v2\/product_tag?post=2331"}],"curies":[{"name":"wp","href":"https:\/\/api.w.org\/{rel}","templated":true}]}}