{"id":2156,"date":"2021-04-20T10:17:55","date_gmt":"2021-04-20T08:17:55","guid":{"rendered":"https:\/\/www.greenvalley.pl\/?post_type=product&#038;p=2156"},"modified":"2021-04-20T10:19:35","modified_gmt":"2021-04-20T08:19:35","slug":"fotel-cleopatra","status":"publish","type":"product","link":"https:\/\/www.greenvalley.pl\/en\/product\/fotel-cleopatra\/","title":{"rendered":"Cleopatra armchair"},"content":{"rendered":"<p>Stylowy <strong>fotel tapicerowany<\/strong> wykonany z <strong>drewna bukowego.<\/strong><br \/>\nModel: <a href=\"https:\/\/www.greenvalley.pl\/en\/tag\/fotel-cleopatra\/\"><strong>Cleopatra armchair<\/strong><\/a><br \/>\nSymbol:<strong> art. 38\/31<\/strong><\/p>\n<p><strong>Dimensions:<\/strong><br \/>\n90 cm x 90 cm x H 103cm<br \/>\nWysoko\u015b\u0107 siedziska: 51 cm<br \/>\nWysoko\u015b\u0107 pod\u0142okietnik\u00f3w: 67 cm<\/p>\n<p class=\"translation-block\">Wszystkie realizacj\u0119 wykonujemy na indywidualne zam\u00f3wienie. Klient mo\u017ce skonfigurowa\u0107 sw\u00f3j mebel wybieraj\u0105c wybarwienie drewna, stopie\u0144 po\u0142ysku, tkanin\u0119 oraz spos\u00f3b wyko\u0144czenia.<br>\r\nKa\u017cde zam\u00f3wienie jest inne dlatego, wycena przygotowywana jest precyzyjnie pod konkretne zapytanie.<\/p>","protected":false},"excerpt":{"rendered":"<p>Stylowy fotel tapicerowany wykonany z drewna bukowego. Model: Fotel Cleopatra Symbol: art. 38\/31 Wymiary: 90 cm x 90 cm x H 103cm Wysoko\u015b\u0107 siedziska: 51 cm Wysoko\u015b\u0107 pod\u0142okietnik\u00f3w: 67 cm Wszystkie realizacj\u0119 wykonujemy na indywidualne zam\u00f3wienie. Klient mo\u017ce skonfigurowa\u0107 sw\u00f3j mebel wybieraj\u0105c wybarwienie drewna, stopie\u0144 po\u0142ysku, tkanin\u0119 oraz spos\u00f3b wyko\u0144czenia. Ka\u017cde zam\u00f3wienie jest inne dlatego, [&hellip;]<\/p>","protected":false},"featured_media":2160,"comment_status":"open","ping_status":"closed","template":"","meta":{"site-sidebar-layout":"default","site-content-layout":"default","ast-site-content-layout":"","site-content-style":"default","site-sidebar-style":"default","ast-global-header-display":"","ast-banner-title-visibility":"","ast-main-header-display":"","ast-hfb-above-header-display":"","ast-hfb-below-header-display":"","ast-hfb-mobile-header-display":"","site-post-title":"","ast-breadcrumbs-content":"","ast-featured-img":"","footer-sml-layout":"","theme-transparent-header-meta":"default","adv-header-id-meta":"","stick-header-meta":"","header-above-stick-meta":"","header-main-stick-meta":"","header-below-stick-meta":"","astra-migrate-meta-layouts":"default","ast-page-background-enabled":"default","ast-page-background-meta":{"desktop":{"background-color":"","background-image":"","background-repeat":"repeat","background-position":"center center","background-size":"auto","background-attachment":"scroll","background-type":"","background-media":"","overlay-type":"","overlay-color":"","overlay-opacity":"","overlay-gradient":""},"tablet":{"background-color":"","background-image":"","background-repeat":"repeat","background-position":"center center","background-size":"auto","background-attachment":"scroll","background-type":"","background-media":"","overlay-type":"","overlay-color":"","overlay-opacity":"","overlay-gradient":""},"mobile":{"background-color":"","background-image":"","background-repeat":"repeat","background-position":"center center","background-size":"auto","background-attachment":"scroll","background-type":"","background-media":"","overlay-type":"","overlay-color":"","overlay-opacity":"","overlay-gradient":""}},"ast-content-background-meta":{"desktop":{"background-color":"var(--ast-global-color-5)","background-image":"","background-repeat":"repeat","background-position":"center center","background-size":"auto","background-attachment":"scroll","background-type":"","background-media":"","overlay-type":"","overlay-color":"","overlay-opacity":"","overlay-gradient":""},"tablet":{"background-color":"var(--ast-global-color-5)","background-image":"","background-repeat":"repeat","background-position":"center center","background-size":"auto","background-attachment":"scroll","background-type":"","background-media":"","overlay-type":"","overlay-color":"","overlay-opacity":"","overlay-gradient":""},"mobile":{"background-color":"var(--ast-global-color-5)","background-image":"","background-repeat":"repeat","background-position":"center center","background-size":"auto","background-attachment":"scroll","background-type":"","background-media":"","overlay-type":"","overlay-color":"","overlay-opacity":"","overlay-gradient":""}}},"product_brand":[],"product_cat":[35,68,59,118,116],"product_tag":[176,177],"class_list":{"0":"post-2156","1":"product","2":"type-product","3":"status-publish","4":"has-post-thumbnail","6":"product_cat-fotele","7":"product_cat-gabinet","8":"product_cat-meble","9":"product_cat-salon","10":"product_cat-styl-klasyczny","11":"product_tag-fotel-cleopatra","12":"product_tag-stylowy-fotel","13":"desktop-align-left","14":"tablet-align-left","15":"mobile-align-left","17":"first","18":"instock","19":"shipping-taxable","20":"product-type-simple"},"_links":{"self":[{"href":"https:\/\/www.greenvalley.pl\/en\/wp-json\/wp\/v2\/product\/2156","targetHints":{"allow":["GET"]}}],"collection":[{"href":"https:\/\/www.greenvalley.pl\/en\/wp-json\/wp\/v2\/product"}],"about":[{"href":"https:\/\/www.greenvalley.pl\/en\/wp-json\/wp\/v2\/types\/product"}],"replies":[{"embeddable":true,"href":"https:\/\/www.greenvalley.pl\/en\/wp-json\/wp\/v2\/comments?post=2156"}],"wp:featuredmedia":[{"embeddable":true,"href":"https:\/\/www.greenvalley.pl\/en\/wp-json\/wp\/v2\/media\/2160"}],"wp:attachment":[{"href":"https:\/\/www.greenvalley.pl\/en\/wp-json\/wp\/v2\/media?parent=2156"}],"wp:term":[{"taxonomy":"product_brand","embeddable":true,"href":"https:\/\/www.greenvalley.pl\/en\/wp-json\/wp\/v2\/product_brand?post=2156"},{"taxonomy":"product_cat","embeddable":true,"href":"https:\/\/www.greenvalley.pl\/en\/wp-json\/wp\/v2\/product_cat?post=2156"},{"taxonomy":"product_tag","embeddable":true,"href":"https:\/\/www.greenvalley.pl\/en\/wp-json\/wp\/v2\/product_tag?post=2156"}],"curies":[{"name":"wp","href":"https:\/\/api.w.org\/{rel}","templated":true}]}}