{"id":2129,"date":"2021-04-19T13:02:20","date_gmt":"2021-04-19T11:02:20","guid":{"rendered":"https:\/\/www.greenvalley.pl\/?post_type=product&#038;p=2129"},"modified":"2021-04-29T11:12:47","modified_gmt":"2021-04-29T09:12:47","slug":"krzeslo-rosella","status":"publish","type":"product","link":"https:\/\/www.greenvalley.pl\/en\/product\/krzeslo-rosella\/","title":{"rendered":"Rosella chair"},"content":{"rendered":"<p>Stylowe krzes\u0142o tapicerowane wykonane z\u00a0<strong>drewna bukowego<\/strong>.<br \/>\nModel:\u00a0<a href=\"https:\/\/www.greenvalley.pl\/en\/tag\/krzeslo-rosella\/\"><strong>Rosella chair<\/strong><\/a><br \/>\nSymbol:<strong> 1176\/K<\/strong><\/p>\n<p><strong>Dimensions:<\/strong><br \/>\nL. 47,5 P. 55 H. 100 \u2013 HS. 50<\/p>\n<p class=\"translation-block\">Wszystkie realizacj\u0119 wykonujemy na indywidualne zam\u00f3wienie. Klient mo\u017ce skonfigurowa\u0107 sw\u00f3j mebel wybieraj\u0105c wybarwienie drewna, stopie\u0144 po\u0142ysku, tkanin\u0119 oraz spos\u00f3b wyko\u0144czenia.<br>\r\nKa\u017cde zam\u00f3wienie jest inne dlatego, wycena przygotowywana jest precyzyjnie pod konkretne zapytanie.<\/p>\n<p><img fetchpriority=\"high\" decoding=\"async\" class=\"alignnone size-large wp-image-2281\" src=\"https:\/\/www.greenvalley.pl\/wp-content\/uploads\/2021\/04\/Rosella-1176K-2-1024x1024.jpg\" alt=\"Krzes\u0142o Rosella 1176K\" width=\"1024\" height=\"1024\" title=\"\" srcset=\"https:\/\/www.greenvalley.pl\/wp-content\/uploads\/2021\/04\/Rosella-1176K-2-1024x1024.jpg 1024w, https:\/\/www.greenvalley.pl\/wp-content\/uploads\/2021\/04\/Rosella-1176K-2-300x300.jpg 300w, https:\/\/www.greenvalley.pl\/wp-content\/uploads\/2021\/04\/Rosella-1176K-2-150x150.jpg 150w, https:\/\/www.greenvalley.pl\/wp-content\/uploads\/2021\/04\/Rosella-1176K-2-768x768.jpg 768w, https:\/\/www.greenvalley.pl\/wp-content\/uploads\/2021\/04\/Rosella-1176K-2-350x350.jpg 350w, https:\/\/www.greenvalley.pl\/wp-content\/uploads\/2021\/04\/Rosella-1176K-2-600x600.jpg 600w, https:\/\/www.greenvalley.pl\/wp-content\/uploads\/2021\/04\/Rosella-1176K-2-100x100.jpg 100w, https:\/\/www.greenvalley.pl\/wp-content\/uploads\/2021\/04\/Rosella-1176K-2-64x64.jpg 64w, https:\/\/www.greenvalley.pl\/wp-content\/uploads\/2021\/04\/Rosella-1176K-2.jpg 1500w\" sizes=\"(max-width: 1024px) 100vw, 1024px\" \/> <img decoding=\"async\" class=\"alignnone size-large wp-image-2282\" src=\"https:\/\/www.greenvalley.pl\/wp-content\/uploads\/2021\/04\/Rosella-1176K-3-1024x1024.jpg\" alt=\"Krzes\u0142o Rosella 1176K\" width=\"1024\" height=\"1024\" title=\"\" srcset=\"https:\/\/www.greenvalley.pl\/wp-content\/uploads\/2021\/04\/Rosella-1176K-3-1024x1024.jpg 1024w, https:\/\/www.greenvalley.pl\/wp-content\/uploads\/2021\/04\/Rosella-1176K-3-300x300.jpg 300w, https:\/\/www.greenvalley.pl\/wp-content\/uploads\/2021\/04\/Rosella-1176K-3-150x150.jpg 150w, https:\/\/www.greenvalley.pl\/wp-content\/uploads\/2021\/04\/Rosella-1176K-3-768x768.jpg 768w, https:\/\/www.greenvalley.pl\/wp-content\/uploads\/2021\/04\/Rosella-1176K-3-350x350.jpg 350w, https:\/\/www.greenvalley.pl\/wp-content\/uploads\/2021\/04\/Rosella-1176K-3-600x600.jpg 600w, https:\/\/www.greenvalley.pl\/wp-content\/uploads\/2021\/04\/Rosella-1176K-3-100x100.jpg 100w, https:\/\/www.greenvalley.pl\/wp-content\/uploads\/2021\/04\/Rosella-1176K-3-64x64.jpg 64w, https:\/\/www.greenvalley.pl\/wp-content\/uploads\/2021\/04\/Rosella-1176K-3.jpg 1500w\" sizes=\"(max-width: 1024px) 100vw, 1024px\" \/> <img decoding=\"async\" class=\"alignnone size-large wp-image-2283\" src=\"https:\/\/www.greenvalley.pl\/wp-content\/uploads\/2021\/04\/Rosella-1176K-4-1024x1024.jpg\" alt=\"Krzes\u0142o Rosella 1176K\" width=\"1024\" height=\"1024\" title=\"\" srcset=\"https:\/\/www.greenvalley.pl\/wp-content\/uploads\/2021\/04\/Rosella-1176K-4-1024x1024.jpg 1024w, https:\/\/www.greenvalley.pl\/wp-content\/uploads\/2021\/04\/Rosella-1176K-4-300x300.jpg 300w, https:\/\/www.greenvalley.pl\/wp-content\/uploads\/2021\/04\/Rosella-1176K-4-150x150.jpg 150w, https:\/\/www.greenvalley.pl\/wp-content\/uploads\/2021\/04\/Rosella-1176K-4-768x768.jpg 768w, https:\/\/www.greenvalley.pl\/wp-content\/uploads\/2021\/04\/Rosella-1176K-4-350x350.jpg 350w, https:\/\/www.greenvalley.pl\/wp-content\/uploads\/2021\/04\/Rosella-1176K-4-600x600.jpg 600w, https:\/\/www.greenvalley.pl\/wp-content\/uploads\/2021\/04\/Rosella-1176K-4-100x100.jpg 100w, https:\/\/www.greenvalley.pl\/wp-content\/uploads\/2021\/04\/Rosella-1176K-4-64x64.jpg 64w, https:\/\/www.greenvalley.pl\/wp-content\/uploads\/2021\/04\/Rosella-1176K-4.jpg 1500w\" sizes=\"(max-width: 1024px) 100vw, 1024px\" \/> <img loading=\"lazy\" decoding=\"async\" class=\"alignnone size-large wp-image-2284\" src=\"https:\/\/www.greenvalley.pl\/wp-content\/uploads\/2021\/04\/Rosella-1176K-5-1024x1024.jpg\" alt=\"Krzes\u0142o Rosella 1176K\" width=\"1024\" height=\"1024\" title=\"\" srcset=\"https:\/\/www.greenvalley.pl\/wp-content\/uploads\/2021\/04\/Rosella-1176K-5-1024x1024.jpg 1024w, https:\/\/www.greenvalley.pl\/wp-content\/uploads\/2021\/04\/Rosella-1176K-5-300x300.jpg 300w, https:\/\/www.greenvalley.pl\/wp-content\/uploads\/2021\/04\/Rosella-1176K-5-150x150.jpg 150w, https:\/\/www.greenvalley.pl\/wp-content\/uploads\/2021\/04\/Rosella-1176K-5-768x768.jpg 768w, https:\/\/www.greenvalley.pl\/wp-content\/uploads\/2021\/04\/Rosella-1176K-5-350x350.jpg 350w, https:\/\/www.greenvalley.pl\/wp-content\/uploads\/2021\/04\/Rosella-1176K-5-600x600.jpg 600w, https:\/\/www.greenvalley.pl\/wp-content\/uploads\/2021\/04\/Rosella-1176K-5-100x100.jpg 100w, https:\/\/www.greenvalley.pl\/wp-content\/uploads\/2021\/04\/Rosella-1176K-5-64x64.jpg 64w, https:\/\/www.greenvalley.pl\/wp-content\/uploads\/2021\/04\/Rosella-1176K-5.jpg 1500w\" sizes=\"(max-width: 1024px) 100vw, 1024px\" \/><\/p>","protected":false},"excerpt":{"rendered":"<p>Stylowe krzes\u0142o tapicerowane wykonane z\u00a0drewna bukowego. Model:\u00a0Krzes\u0142o Rosella Symbol: 1176\/K Wymiary: L. 47,5 P. 55 H. 100 \u2013 HS. 50 Wszystkie realizacj\u0119 wykonujemy na indywidualne zam\u00f3wienie. Klient mo\u017ce skonfigurowa\u0107 sw\u00f3j mebel wybieraj\u0105c wybarwienie drewna, stopie\u0144 po\u0142ysku, tkanin\u0119 oraz spos\u00f3b wyko\u0144czenia. Ka\u017cde zam\u00f3wienie jest inne dlatego, wycena przygotowywana jest precyzyjnie pod konkretne zapytanie.<\/p>","protected":false},"featured_media":2285,"comment_status":"open","ping_status":"closed","template":"","meta":{"site-sidebar-layout":"default","site-content-layout":"default","ast-site-content-layout":"","site-content-style":"default","site-sidebar-style":"default","ast-global-header-display":"","ast-banner-title-visibility":"","ast-main-header-display":"","ast-hfb-above-header-display":"","ast-hfb-below-header-display":"","ast-hfb-mobile-header-display":"","site-post-title":"","ast-breadcrumbs-content":"","ast-featured-img":"","footer-sml-layout":"","theme-transparent-header-meta":"default","adv-header-id-meta":"","stick-header-meta":"","header-above-stick-meta":"","header-main-stick-meta":"","header-below-stick-meta":"","astra-migrate-meta-layouts":"default","ast-page-background-enabled":"default","ast-page-background-meta":{"desktop":{"background-color":"","background-image":"","background-repeat":"repeat","background-position":"center center","background-size":"auto","background-attachment":"scroll","background-type":"","background-media":"","overlay-type":"","overlay-color":"","overlay-opacity":"","overlay-gradient":""},"tablet":{"background-color":"","background-image":"","background-repeat":"repeat","background-position":"center center","background-size":"auto","background-attachment":"scroll","background-type":"","background-media":"","overlay-type":"","overlay-color":"","overlay-opacity":"","overlay-gradient":""},"mobile":{"background-color":"","background-image":"","background-repeat":"repeat","background-position":"center center","background-size":"auto","background-attachment":"scroll","background-type":"","background-media":"","overlay-type":"","overlay-color":"","overlay-opacity":"","overlay-gradient":""}},"ast-content-background-meta":{"desktop":{"background-color":"var(--ast-global-color-5)","background-image":"","background-repeat":"repeat","background-position":"center center","background-size":"auto","background-attachment":"scroll","background-type":"","background-media":"","overlay-type":"","overlay-color":"","overlay-opacity":"","overlay-gradient":""},"tablet":{"background-color":"var(--ast-global-color-5)","background-image":"","background-repeat":"repeat","background-position":"center center","background-size":"auto","background-attachment":"scroll","background-type":"","background-media":"","overlay-type":"","overlay-color":"","overlay-opacity":"","overlay-gradient":""},"mobile":{"background-color":"var(--ast-global-color-5)","background-image":"","background-repeat":"repeat","background-position":"center center","background-size":"auto","background-attachment":"scroll","background-type":"","background-media":"","overlay-type":"","overlay-color":"","overlay-opacity":"","overlay-gradient":""}}},"product_brand":[],"product_cat":[34,52,59,116],"product_tag":[160,159,105],"class_list":{"0":"post-2129","1":"product","2":"type-product","3":"status-publish","4":"has-post-thumbnail","6":"product_cat-krzesla","7":"product_cat-jadalnia","8":"product_cat-meble","9":"product_cat-styl-klasyczny","10":"product_tag-krzeslo-1176-k","11":"product_tag-krzeslo-rosella","12":"product_tag-krzeslo-stylowe","13":"desktop-align-left","14":"tablet-align-left","15":"mobile-align-left","17":"first","18":"instock","19":"shipping-taxable","20":"product-type-simple"},"_links":{"self":[{"href":"https:\/\/www.greenvalley.pl\/en\/wp-json\/wp\/v2\/product\/2129","targetHints":{"allow":["GET"]}}],"collection":[{"href":"https:\/\/www.greenvalley.pl\/en\/wp-json\/wp\/v2\/product"}],"about":[{"href":"https:\/\/www.greenvalley.pl\/en\/wp-json\/wp\/v2\/types\/product"}],"replies":[{"embeddable":true,"href":"https:\/\/www.greenvalley.pl\/en\/wp-json\/wp\/v2\/comments?post=2129"}],"wp:featuredmedia":[{"embeddable":true,"href":"https:\/\/www.greenvalley.pl\/en\/wp-json\/wp\/v2\/media\/2285"}],"wp:attachment":[{"href":"https:\/\/www.greenvalley.pl\/en\/wp-json\/wp\/v2\/media?parent=2129"}],"wp:term":[{"taxonomy":"product_brand","embeddable":true,"href":"https:\/\/www.greenvalley.pl\/en\/wp-json\/wp\/v2\/product_brand?post=2129"},{"taxonomy":"product_cat","embeddable":true,"href":"https:\/\/www.greenvalley.pl\/en\/wp-json\/wp\/v2\/product_cat?post=2129"},{"taxonomy":"product_tag","embeddable":true,"href":"https:\/\/www.greenvalley.pl\/en\/wp-json\/wp\/v2\/product_tag?post=2129"}],"curies":[{"name":"wp","href":"https:\/\/api.w.org\/{rel}","templated":true}]}}