{"id":2109,"date":"2021-04-19T11:33:17","date_gmt":"2021-04-19T09:33:17","guid":{"rendered":"https:\/\/www.greenvalley.pl\/?post_type=product&#038;p=2109"},"modified":"2021-04-19T11:33:18","modified_gmt":"2021-04-19T09:33:18","slug":"krzeslo-veneziana","status":"publish","type":"product","link":"https:\/\/www.greenvalley.pl\/en\/product\/krzeslo-veneziana\/","title":{"rendered":"Veneziana chair"},"content":{"rendered":"<p>Stylowe krzes\u0142o tapicerowane wykonane z\u00a0<strong>drewna bukowego<\/strong>.<br \/>\nModel: <a href=\"https:\/\/www.greenvalley.pl\/en\/tag\/krzeslo-veneziana\/\"><strong>Veneziana chair<\/strong><\/a><\/p>\n<p><strong>Dimensions:<\/strong><br \/>\nL. 49 P. 49 H. 103 \u2013 HS. 50<\/p>\n<p class=\"translation-block\">Wszystkie realizacj\u0119 wykonujemy na indywidualne zam\u00f3wienie. Klient mo\u017ce skonfigurowa\u0107 sw\u00f3j mebel wybieraj\u0105c wybarwienie drewna, stopie\u0144 po\u0142ysku, tkanin\u0119 oraz spos\u00f3b wyko\u0144czenia.<br>\r\nKa\u017cde zam\u00f3wienie jest inne dlatego, wycena przygotowywana jest precyzyjnie pod konkretne zapytanie.<\/p>\n<p><img fetchpriority=\"high\" decoding=\"async\" class=\"alignnone size-large wp-image-2110\" src=\"https:\/\/www.greenvalley.pl\/wp-content\/uploads\/2021\/04\/Krzesla-Veneziana-2-1024x1024.png\" alt=\"Krzes\u0142o Veneziana 1100\/K A-1006-V\" width=\"1024\" height=\"1024\" title=\"\" srcset=\"https:\/\/www.greenvalley.pl\/wp-content\/uploads\/2021\/04\/Krzesla-Veneziana-2-1024x1024.png 1024w, https:\/\/www.greenvalley.pl\/wp-content\/uploads\/2021\/04\/Krzesla-Veneziana-2-300x300.png 300w, https:\/\/www.greenvalley.pl\/wp-content\/uploads\/2021\/04\/Krzesla-Veneziana-2-150x150.png 150w, https:\/\/www.greenvalley.pl\/wp-content\/uploads\/2021\/04\/Krzesla-Veneziana-2-768x768.png 768w, https:\/\/www.greenvalley.pl\/wp-content\/uploads\/2021\/04\/Krzesla-Veneziana-2-350x350.png 350w, https:\/\/www.greenvalley.pl\/wp-content\/uploads\/2021\/04\/Krzesla-Veneziana-2-600x600.png 600w, https:\/\/www.greenvalley.pl\/wp-content\/uploads\/2021\/04\/Krzesla-Veneziana-2-100x100.png 100w, https:\/\/www.greenvalley.pl\/wp-content\/uploads\/2021\/04\/Krzesla-Veneziana-2-64x64.png 64w, https:\/\/www.greenvalley.pl\/wp-content\/uploads\/2021\/04\/Krzesla-Veneziana-2.png 1500w\" sizes=\"(max-width: 1024px) 100vw, 1024px\" \/> <img decoding=\"async\" class=\"alignnone size-large wp-image-2111\" src=\"https:\/\/www.greenvalley.pl\/wp-content\/uploads\/2021\/04\/Krzesla-Veneziana-detal-1-1024x1024.png\" alt=\"Krzes\u0142o Veneziana 1100\/K\" width=\"1024\" height=\"1024\" title=\"\" srcset=\"https:\/\/www.greenvalley.pl\/wp-content\/uploads\/2021\/04\/Krzesla-Veneziana-detal-1-1024x1024.png 1024w, https:\/\/www.greenvalley.pl\/wp-content\/uploads\/2021\/04\/Krzesla-Veneziana-detal-1-300x300.png 300w, https:\/\/www.greenvalley.pl\/wp-content\/uploads\/2021\/04\/Krzesla-Veneziana-detal-1-150x150.png 150w, https:\/\/www.greenvalley.pl\/wp-content\/uploads\/2021\/04\/Krzesla-Veneziana-detal-1-768x768.png 768w, https:\/\/www.greenvalley.pl\/wp-content\/uploads\/2021\/04\/Krzesla-Veneziana-detal-1-350x350.png 350w, https:\/\/www.greenvalley.pl\/wp-content\/uploads\/2021\/04\/Krzesla-Veneziana-detal-1-600x600.png 600w, https:\/\/www.greenvalley.pl\/wp-content\/uploads\/2021\/04\/Krzesla-Veneziana-detal-1-100x100.png 100w, https:\/\/www.greenvalley.pl\/wp-content\/uploads\/2021\/04\/Krzesla-Veneziana-detal-1-64x64.png 64w, https:\/\/www.greenvalley.pl\/wp-content\/uploads\/2021\/04\/Krzesla-Veneziana-detal-1.png 1500w\" sizes=\"(max-width: 1024px) 100vw, 1024px\" \/> <img decoding=\"async\" class=\"alignnone size-large wp-image-2112\" src=\"https:\/\/www.greenvalley.pl\/wp-content\/uploads\/2021\/04\/Krzesla-Veneziana-z-podlokietnikami-1-1024x1024.jpg\" alt=\"Krzes\u0142o Veneziana\" width=\"1024\" height=\"1024\" title=\"\" srcset=\"https:\/\/www.greenvalley.pl\/wp-content\/uploads\/2021\/04\/Krzesla-Veneziana-z-podlokietnikami-1-1024x1024.jpg 1024w, https:\/\/www.greenvalley.pl\/wp-content\/uploads\/2021\/04\/Krzesla-Veneziana-z-podlokietnikami-1-300x300.jpg 300w, https:\/\/www.greenvalley.pl\/wp-content\/uploads\/2021\/04\/Krzesla-Veneziana-z-podlokietnikami-1-150x150.jpg 150w, https:\/\/www.greenvalley.pl\/wp-content\/uploads\/2021\/04\/Krzesla-Veneziana-z-podlokietnikami-1-768x768.jpg 768w, https:\/\/www.greenvalley.pl\/wp-content\/uploads\/2021\/04\/Krzesla-Veneziana-z-podlokietnikami-1-350x350.jpg 350w, https:\/\/www.greenvalley.pl\/wp-content\/uploads\/2021\/04\/Krzesla-Veneziana-z-podlokietnikami-1-600x600.jpg 600w, https:\/\/www.greenvalley.pl\/wp-content\/uploads\/2021\/04\/Krzesla-Veneziana-z-podlokietnikami-1-100x100.jpg 100w, https:\/\/www.greenvalley.pl\/wp-content\/uploads\/2021\/04\/Krzesla-Veneziana-z-podlokietnikami-1-64x64.jpg 64w, https:\/\/www.greenvalley.pl\/wp-content\/uploads\/2021\/04\/Krzesla-Veneziana-z-podlokietnikami-1.jpg 1500w\" sizes=\"(max-width: 1024px) 100vw, 1024px\" \/> <img loading=\"lazy\" decoding=\"async\" class=\"alignnone size-large wp-image-2114\" src=\"https:\/\/www.greenvalley.pl\/wp-content\/uploads\/2021\/04\/Krzeslo-Veneziana-tyl-1024x1024.png\" alt=\"Krzes\u0142o Veneziana 1100\/K A-1006-V\" width=\"1024\" height=\"1024\" title=\"\" srcset=\"https:\/\/www.greenvalley.pl\/wp-content\/uploads\/2021\/04\/Krzeslo-Veneziana-tyl-1024x1024.png 1024w, https:\/\/www.greenvalley.pl\/wp-content\/uploads\/2021\/04\/Krzeslo-Veneziana-tyl-300x300.png 300w, https:\/\/www.greenvalley.pl\/wp-content\/uploads\/2021\/04\/Krzeslo-Veneziana-tyl-150x150.png 150w, https:\/\/www.greenvalley.pl\/wp-content\/uploads\/2021\/04\/Krzeslo-Veneziana-tyl-768x768.png 768w, https:\/\/www.greenvalley.pl\/wp-content\/uploads\/2021\/04\/Krzeslo-Veneziana-tyl-350x350.png 350w, https:\/\/www.greenvalley.pl\/wp-content\/uploads\/2021\/04\/Krzeslo-Veneziana-tyl-600x600.png 600w, https:\/\/www.greenvalley.pl\/wp-content\/uploads\/2021\/04\/Krzeslo-Veneziana-tyl-100x100.png 100w, https:\/\/www.greenvalley.pl\/wp-content\/uploads\/2021\/04\/Krzeslo-Veneziana-tyl-64x64.png 64w, https:\/\/www.greenvalley.pl\/wp-content\/uploads\/2021\/04\/Krzeslo-Veneziana-tyl.png 1500w\" sizes=\"(max-width: 1024px) 100vw, 1024px\" \/><\/p>","protected":false},"excerpt":{"rendered":"<p>Stylowe krzes\u0142o tapicerowane wykonane z\u00a0drewna bukowego. Model: Krzes\u0142o Veneziana Wymiary: L. 49 P. 49 H. 103 \u2013 HS. 50 Wszystkie realizacj\u0119 wykonujemy na indywidualne zam\u00f3wienie. Klient mo\u017ce skonfigurowa\u0107 sw\u00f3j mebel wybieraj\u0105c wybarwienie drewna, stopie\u0144 po\u0142ysku, tkanin\u0119 oraz spos\u00f3b wyko\u0144czenia. Ka\u017cde zam\u00f3wienie jest inne dlatego, wycena przygotowywana jest precyzyjnie pod konkretne zapytanie.<\/p>","protected":false},"featured_media":2115,"comment_status":"open","ping_status":"closed","template":"","meta":{"site-sidebar-layout":"default","site-content-layout":"default","ast-site-content-layout":"","site-content-style":"default","site-sidebar-style":"default","ast-global-header-display":"","ast-banner-title-visibility":"","ast-main-header-display":"","ast-hfb-above-header-display":"","ast-hfb-below-header-display":"","ast-hfb-mobile-header-display":"","site-post-title":"","ast-breadcrumbs-content":"","ast-featured-img":"","footer-sml-layout":"","theme-transparent-header-meta":"default","adv-header-id-meta":"","stick-header-meta":"","header-above-stick-meta":"","header-main-stick-meta":"","header-below-stick-meta":"","astra-migrate-meta-layouts":"default","ast-page-background-enabled":"default","ast-page-background-meta":{"desktop":{"background-color":"","background-image":"","background-repeat":"repeat","background-position":"center center","background-size":"auto","background-attachment":"scroll","background-type":"","background-media":"","overlay-type":"","overlay-color":"","overlay-opacity":"","overlay-gradient":""},"tablet":{"background-color":"","background-image":"","background-repeat":"repeat","background-position":"center center","background-size":"auto","background-attachment":"scroll","background-type":"","background-media":"","overlay-type":"","overlay-color":"","overlay-opacity":"","overlay-gradient":""},"mobile":{"background-color":"","background-image":"","background-repeat":"repeat","background-position":"center center","background-size":"auto","background-attachment":"scroll","background-type":"","background-media":"","overlay-type":"","overlay-color":"","overlay-opacity":"","overlay-gradient":""}},"ast-content-background-meta":{"desktop":{"background-color":"var(--ast-global-color-5)","background-image":"","background-repeat":"repeat","background-position":"center center","background-size":"auto","background-attachment":"scroll","background-type":"","background-media":"","overlay-type":"","overlay-color":"","overlay-opacity":"","overlay-gradient":""},"tablet":{"background-color":"var(--ast-global-color-5)","background-image":"","background-repeat":"repeat","background-position":"center center","background-size":"auto","background-attachment":"scroll","background-type":"","background-media":"","overlay-type":"","overlay-color":"","overlay-opacity":"","overlay-gradient":""},"mobile":{"background-color":"var(--ast-global-color-5)","background-image":"","background-repeat":"repeat","background-position":"center center","background-size":"auto","background-attachment":"scroll","background-type":"","background-media":"","overlay-type":"","overlay-color":"","overlay-opacity":"","overlay-gradient":""}}},"product_brand":[],"product_cat":[34,59],"product_tag":[151,149,150],"class_list":{"0":"post-2109","1":"product","2":"type-product","3":"status-publish","4":"has-post-thumbnail","6":"product_cat-krzesla","7":"product_cat-meble","8":"product_tag-krzeslo-1100-k","9":"product_tag-krzeslo-veneziana","10":"product_tag-krzeslo-z-podlokietnikami-veneziana","11":"desktop-align-left","12":"tablet-align-left","13":"mobile-align-left","15":"first","16":"instock","17":"shipping-taxable","18":"product-type-simple"},"_links":{"self":[{"href":"https:\/\/www.greenvalley.pl\/en\/wp-json\/wp\/v2\/product\/2109","targetHints":{"allow":["GET"]}}],"collection":[{"href":"https:\/\/www.greenvalley.pl\/en\/wp-json\/wp\/v2\/product"}],"about":[{"href":"https:\/\/www.greenvalley.pl\/en\/wp-json\/wp\/v2\/types\/product"}],"replies":[{"embeddable":true,"href":"https:\/\/www.greenvalley.pl\/en\/wp-json\/wp\/v2\/comments?post=2109"}],"wp:featuredmedia":[{"embeddable":true,"href":"https:\/\/www.greenvalley.pl\/en\/wp-json\/wp\/v2\/media\/2115"}],"wp:attachment":[{"href":"https:\/\/www.greenvalley.pl\/en\/wp-json\/wp\/v2\/media?parent=2109"}],"wp:term":[{"taxonomy":"product_brand","embeddable":true,"href":"https:\/\/www.greenvalley.pl\/en\/wp-json\/wp\/v2\/product_brand?post=2109"},{"taxonomy":"product_cat","embeddable":true,"href":"https:\/\/www.greenvalley.pl\/en\/wp-json\/wp\/v2\/product_cat?post=2109"},{"taxonomy":"product_tag","embeddable":true,"href":"https:\/\/www.greenvalley.pl\/en\/wp-json\/wp\/v2\/product_tag?post=2109"}],"curies":[{"name":"wp","href":"https:\/\/api.w.org\/{rel}","templated":true}]}}