{"id":2052,"date":"2021-04-13T14:03:27","date_gmt":"2021-04-13T12:03:27","guid":{"rendered":"https:\/\/www.greenvalley.pl\/?post_type=product&#038;p=2052"},"modified":"2021-06-08T15:05:47","modified_gmt":"2021-06-08T13:05:47","slug":"hoker-ludwik-xvi","status":"publish","type":"product","link":"https:\/\/www.greenvalley.pl\/en\/product\/hoker-ludwik-xvi\/","title":{"rendered":"Luigi XVI stool"},"content":{"rendered":"<p>Symbol:\u00a0<strong>1102\/HK (hoker kuchenny) lub 1102\/HB (hoker barowy)<\/strong><\/p>\n<p>Hoker Ludwik XVI z charakterystycznym medalionowym oparciem.<\/p>\n<p class=\"translation-block\">Wszystkie realizacj\u0119 wykonujemy na indywidualne zam\u00f3wienie. Klient mo\u017ce skonfigurowa\u0107 sw\u00f3j mebel wybieraj\u0105c wybarwienie drewna, stopie\u0144 po\u0142ysku, tkanin\u0119 oraz spos\u00f3b wyko\u0144czenia.<br>\r\nKa\u017cde zam\u00f3wienie jest inne dlatego, wycena przygotowywana jest precyzyjnie pod konkretne zapytanie.<\/p>\n<p>Hoker dost\u0119pny jest r\u00f3wnie\u017c jako krzes\u0142o o raz krzes\u0142o z pod\u0142okietnikami<\/p>\n<p>Zobacz r\u00f3wnie\u017c:\u00a0<a href=\"https:\/\/www.greenvalley.pl\/en\/product\/krzeslo-ludwik-xvi\/\">Luigi XVI chair<\/a> oraz\u00a0<a href=\"https:\/\/www.greenvalley.pl\/en\/product\/krzeslo-z-podlokietnikami-ludwik-xvi\/\">Luigi XVI armchair<\/a><\/p>\n<p>Dimensions:<br \/>\nHoker Kuchenny: 55 cm x 45 cm x H 112 cm (Wysoko\u015b\u0107 siedziska: 70 cm)<br \/>\nHoker Barowy: 55 cm x 45 cm x H 122 cm (Wysoko\u015b\u0107 siedziska: 80 cm)<\/p>\n<p><img fetchpriority=\"high\" decoding=\"async\" class=\"alignnone size-large wp-image-2191\" src=\"https:\/\/www.greenvalley.pl\/wp-content\/uploads\/2021\/04\/1102HK-Ludwik-XVI-1-1024x1024.jpg\" alt=\"\" width=\"1024\" height=\"1024\" title=\"\" srcset=\"https:\/\/www.greenvalley.pl\/wp-content\/uploads\/2021\/04\/1102HK-Ludwik-XVI-1-1024x1024.jpg 1024w, https:\/\/www.greenvalley.pl\/wp-content\/uploads\/2021\/04\/1102HK-Ludwik-XVI-1-300x300.jpg 300w, https:\/\/www.greenvalley.pl\/wp-content\/uploads\/2021\/04\/1102HK-Ludwik-XVI-1-150x150.jpg 150w, https:\/\/www.greenvalley.pl\/wp-content\/uploads\/2021\/04\/1102HK-Ludwik-XVI-1-768x768.jpg 768w, https:\/\/www.greenvalley.pl\/wp-content\/uploads\/2021\/04\/1102HK-Ludwik-XVI-1-350x350.jpg 350w, https:\/\/www.greenvalley.pl\/wp-content\/uploads\/2021\/04\/1102HK-Ludwik-XVI-1-600x600.jpg 600w, https:\/\/www.greenvalley.pl\/wp-content\/uploads\/2021\/04\/1102HK-Ludwik-XVI-1-100x100.jpg 100w, https:\/\/www.greenvalley.pl\/wp-content\/uploads\/2021\/04\/1102HK-Ludwik-XVI-1-64x64.jpg 64w, https:\/\/www.greenvalley.pl\/wp-content\/uploads\/2021\/04\/1102HK-Ludwik-XVI-1.jpg 1500w\" sizes=\"(max-width: 1024px) 100vw, 1024px\" \/> <img decoding=\"async\" class=\"alignnone size-large wp-image-2192\" src=\"https:\/\/www.greenvalley.pl\/wp-content\/uploads\/2021\/04\/1102HK-Ludwik-XVI-2-1024x1024.jpg\" alt=\"\" width=\"1024\" height=\"1024\" title=\"\" srcset=\"https:\/\/www.greenvalley.pl\/wp-content\/uploads\/2021\/04\/1102HK-Ludwik-XVI-2-1024x1024.jpg 1024w, https:\/\/www.greenvalley.pl\/wp-content\/uploads\/2021\/04\/1102HK-Ludwik-XVI-2-300x300.jpg 300w, https:\/\/www.greenvalley.pl\/wp-content\/uploads\/2021\/04\/1102HK-Ludwik-XVI-2-150x150.jpg 150w, https:\/\/www.greenvalley.pl\/wp-content\/uploads\/2021\/04\/1102HK-Ludwik-XVI-2-768x768.jpg 768w, https:\/\/www.greenvalley.pl\/wp-content\/uploads\/2021\/04\/1102HK-Ludwik-XVI-2-350x350.jpg 350w, https:\/\/www.greenvalley.pl\/wp-content\/uploads\/2021\/04\/1102HK-Ludwik-XVI-2-600x600.jpg 600w, https:\/\/www.greenvalley.pl\/wp-content\/uploads\/2021\/04\/1102HK-Ludwik-XVI-2-100x100.jpg 100w, https:\/\/www.greenvalley.pl\/wp-content\/uploads\/2021\/04\/1102HK-Ludwik-XVI-2-64x64.jpg 64w, https:\/\/www.greenvalley.pl\/wp-content\/uploads\/2021\/04\/1102HK-Ludwik-XVI-2.jpg 1500w\" sizes=\"(max-width: 1024px) 100vw, 1024px\" \/><\/p>\n<p><img decoding=\"async\" class=\"alignnone size-large wp-image-2311\" src=\"https:\/\/www.greenvalley.pl\/wp-content\/uploads\/2021\/04\/Hoker-Ludwik-XVI-1102HK-1-1024x1024.jpg\" alt=\"Stylowy Hoker Medalion Ludwik XVI 1102HK\" width=\"1024\" height=\"1024\" title=\"\" srcset=\"https:\/\/www.greenvalley.pl\/wp-content\/uploads\/2021\/04\/Hoker-Ludwik-XVI-1102HK-1-1024x1024.jpg 1024w, https:\/\/www.greenvalley.pl\/wp-content\/uploads\/2021\/04\/Hoker-Ludwik-XVI-1102HK-1-300x300.jpg 300w, https:\/\/www.greenvalley.pl\/wp-content\/uploads\/2021\/04\/Hoker-Ludwik-XVI-1102HK-1-150x150.jpg 150w, https:\/\/www.greenvalley.pl\/wp-content\/uploads\/2021\/04\/Hoker-Ludwik-XVI-1102HK-1-768x768.jpg 768w, https:\/\/www.greenvalley.pl\/wp-content\/uploads\/2021\/04\/Hoker-Ludwik-XVI-1102HK-1-350x350.jpg 350w, https:\/\/www.greenvalley.pl\/wp-content\/uploads\/2021\/04\/Hoker-Ludwik-XVI-1102HK-1-600x600.jpg 600w, https:\/\/www.greenvalley.pl\/wp-content\/uploads\/2021\/04\/Hoker-Ludwik-XVI-1102HK-1-100x100.jpg 100w, https:\/\/www.greenvalley.pl\/wp-content\/uploads\/2021\/04\/Hoker-Ludwik-XVI-1102HK-1-64x64.jpg 64w, https:\/\/www.greenvalley.pl\/wp-content\/uploads\/2021\/04\/Hoker-Ludwik-XVI-1102HK-1.jpg 1500w\" sizes=\"(max-width: 1024px) 100vw, 1024px\" \/><\/p>","protected":false},"excerpt":{"rendered":"<p>Symbol:\u00a01102\/HK (hoker kuchenny) lub 1102\/HB (hoker barowy) Hoker Ludwik XVI z charakterystycznym medalionowym oparciem. Wszystkie realizacj\u0119 wykonujemy na indywidualne zam\u00f3wienie. Klient mo\u017ce skonfigurowa\u0107 sw\u00f3j mebel wybieraj\u0105c wybarwienie drewna, stopie\u0144 po\u0142ysku, tkanin\u0119 oraz spos\u00f3b wyko\u0144czenia. Ka\u017cde zam\u00f3wienie jest inne dlatego, wycena przygotowywana jest precyzyjnie pod konkretne zapytanie. Hoker dost\u0119pny jest r\u00f3wnie\u017c jako krzes\u0142o o raz krzes\u0142o [&hellip;]<\/p>","protected":false},"featured_media":2192,"comment_status":"closed","ping_status":"closed","template":"","meta":{"site-sidebar-layout":"default","site-content-layout":"default","ast-site-content-layout":"","site-content-style":"default","site-sidebar-style":"default","ast-global-header-display":"","ast-banner-title-visibility":"","ast-main-header-display":"","ast-hfb-above-header-display":"","ast-hfb-below-header-display":"","ast-hfb-mobile-header-display":"","site-post-title":"","ast-breadcrumbs-content":"","ast-featured-img":"","footer-sml-layout":"","theme-transparent-header-meta":"default","adv-header-id-meta":"","stick-header-meta":"","header-above-stick-meta":"","header-main-stick-meta":"","header-below-stick-meta":"","astra-migrate-meta-layouts":"default","ast-page-background-enabled":"default","ast-page-background-meta":{"desktop":{"background-color":"","background-image":"","background-repeat":"repeat","background-position":"center center","background-size":"auto","background-attachment":"scroll","background-type":"","background-media":"","overlay-type":"","overlay-color":"","overlay-opacity":"","overlay-gradient":""},"tablet":{"background-color":"","background-image":"","background-repeat":"repeat","background-position":"center center","background-size":"auto","background-attachment":"scroll","background-type":"","background-media":"","overlay-type":"","overlay-color":"","overlay-opacity":"","overlay-gradient":""},"mobile":{"background-color":"","background-image":"","background-repeat":"repeat","background-position":"center center","background-size":"auto","background-attachment":"scroll","background-type":"","background-media":"","overlay-type":"","overlay-color":"","overlay-opacity":"","overlay-gradient":""}},"ast-content-background-meta":{"desktop":{"background-color":"var(--ast-global-color-5)","background-image":"","background-repeat":"repeat","background-position":"center center","background-size":"auto","background-attachment":"scroll","background-type":"","background-media":"","overlay-type":"","overlay-color":"","overlay-opacity":"","overlay-gradient":""},"tablet":{"background-color":"var(--ast-global-color-5)","background-image":"","background-repeat":"repeat","background-position":"center center","background-size":"auto","background-attachment":"scroll","background-type":"","background-media":"","overlay-type":"","overlay-color":"","overlay-opacity":"","overlay-gradient":""},"mobile":{"background-color":"var(--ast-global-color-5)","background-image":"","background-repeat":"repeat","background-position":"center center","background-size":"auto","background-attachment":"scroll","background-type":"","background-media":"","overlay-type":"","overlay-color":"","overlay-opacity":"","overlay-gradient":""}}},"product_brand":[],"product_cat":[61,62,175,116],"product_tag":[140,138,141,139],"class_list":{"0":"post-2052","1":"product","2":"type-product","3":"status-publish","4":"has-post-thumbnail","6":"product_cat-hokery","7":"product_cat-kuchnia","8":"product_cat-ludwik-xvi","9":"product_cat-styl-klasyczny","10":"product_tag-hoker-klasyczny","11":"product_tag-hoker-ludwik-xvi","12":"product_tag-hoker-ludwikowski","13":"product_tag-hoker-medalion","14":"desktop-align-left","15":"tablet-align-left","16":"mobile-align-left","18":"first","19":"instock","20":"shipping-taxable","21":"product-type-simple"},"_links":{"self":[{"href":"https:\/\/www.greenvalley.pl\/en\/wp-json\/wp\/v2\/product\/2052","targetHints":{"allow":["GET"]}}],"collection":[{"href":"https:\/\/www.greenvalley.pl\/en\/wp-json\/wp\/v2\/product"}],"about":[{"href":"https:\/\/www.greenvalley.pl\/en\/wp-json\/wp\/v2\/types\/product"}],"replies":[{"embeddable":true,"href":"https:\/\/www.greenvalley.pl\/en\/wp-json\/wp\/v2\/comments?post=2052"}],"wp:featuredmedia":[{"embeddable":true,"href":"https:\/\/www.greenvalley.pl\/en\/wp-json\/wp\/v2\/media\/2192"}],"wp:attachment":[{"href":"https:\/\/www.greenvalley.pl\/en\/wp-json\/wp\/v2\/media?parent=2052"}],"wp:term":[{"taxonomy":"product_brand","embeddable":true,"href":"https:\/\/www.greenvalley.pl\/en\/wp-json\/wp\/v2\/product_brand?post=2052"},{"taxonomy":"product_cat","embeddable":true,"href":"https:\/\/www.greenvalley.pl\/en\/wp-json\/wp\/v2\/product_cat?post=2052"},{"taxonomy":"product_tag","embeddable":true,"href":"https:\/\/www.greenvalley.pl\/en\/wp-json\/wp\/v2\/product_tag?post=2052"}],"curies":[{"name":"wp","href":"https:\/\/api.w.org\/{rel}","templated":true}]}}