{"id":2048,"date":"2021-04-13T13:58:04","date_gmt":"2021-04-13T11:58:04","guid":{"rendered":"https:\/\/www.greenvalley.pl\/?post_type=product&#038;p=2048"},"modified":"2021-04-28T14:16:08","modified_gmt":"2021-04-28T12:16:08","slug":"krzeslo-z-podlokietnikami-ludwik-xvi","status":"publish","type":"product","link":"https:\/\/www.greenvalley.pl\/en\/product\/krzeslo-z-podlokietnikami-ludwik-xvi\/","title":{"rendered":"Luigi XVI armchair"},"content":{"rendered":"<p>Symbol:\u00a0<strong>1102\/F<\/strong><\/p>\n<p>Krzes\u0142o Ludwik XVI z charakterystycznym medalionowym oparciem oraz pod\u0142okietnikami.<\/p>\n<p class=\"translation-block\">Wszystkie realizacj\u0119 wykonujemy na indywidualne zam\u00f3wienie. Klient mo\u017ce skonfigurowa\u0107 sw\u00f3j mebel wybieraj\u0105c wybarwienie drewna, stopie\u0144 po\u0142ysku, tkanin\u0119 oraz spos\u00f3b wyko\u0144czenia.<br>\r\nKa\u017cde zam\u00f3wienie jest inne dlatego, wycena przygotowywana jest precyzyjnie pod konkretne zapytanie.<\/p>\n<p>Krzes\u0142o dost\u0119pne jest r\u00f3wnie\u017c w wersji bez pod\u0142okietnik\u00f3w oraz jako hoker w dw\u00f3ch wysoko\u015bciach (kuchenny i barowy).<\/p>\n<p>Zobacz r\u00f3wnie\u017c:\u00a0<a href=\"https:\/\/www.greenvalley.pl\/en\/product\/krzeslo-ludwik-xvi\/\">Luigi XVI chair<\/a> oraz\u00a0<a href=\"https:\/\/www.greenvalley.pl\/en\/product\/hoker-ludwik-xvi\/\">Luigi XVI stool<\/a><\/p>\n<p><strong>Dimensions:<\/strong><br \/>\n57 cm x 58 cm x H 98 cm<br \/>\nWysoko\u015b\u0107 pod\u0142okietnik\u00f3w: 68 cm<br \/>\nWysoko\u015b\u0107 siedziska: 55 cm<\/p>\n<p><img fetchpriority=\"high\" decoding=\"async\" class=\"alignnone size-large wp-image-2190\" src=\"https:\/\/www.greenvalley.pl\/wp-content\/uploads\/2021\/04\/1102F-Ludwik-XVI-3-1024x1024.jpg\" alt=\"\" width=\"1024\" height=\"1024\" title=\"\" srcset=\"https:\/\/www.greenvalley.pl\/wp-content\/uploads\/2021\/04\/1102F-Ludwik-XVI-3-1024x1024.jpg 1024w, https:\/\/www.greenvalley.pl\/wp-content\/uploads\/2021\/04\/1102F-Ludwik-XVI-3-300x300.jpg 300w, https:\/\/www.greenvalley.pl\/wp-content\/uploads\/2021\/04\/1102F-Ludwik-XVI-3-150x150.jpg 150w, https:\/\/www.greenvalley.pl\/wp-content\/uploads\/2021\/04\/1102F-Ludwik-XVI-3-768x768.jpg 768w, https:\/\/www.greenvalley.pl\/wp-content\/uploads\/2021\/04\/1102F-Ludwik-XVI-3-350x350.jpg 350w, https:\/\/www.greenvalley.pl\/wp-content\/uploads\/2021\/04\/1102F-Ludwik-XVI-3-600x600.jpg 600w, https:\/\/www.greenvalley.pl\/wp-content\/uploads\/2021\/04\/1102F-Ludwik-XVI-3-100x100.jpg 100w, https:\/\/www.greenvalley.pl\/wp-content\/uploads\/2021\/04\/1102F-Ludwik-XVI-3-64x64.jpg 64w, https:\/\/www.greenvalley.pl\/wp-content\/uploads\/2021\/04\/1102F-Ludwik-XVI-3.jpg 1500w\" sizes=\"(max-width: 1024px) 100vw, 1024px\" \/> <img decoding=\"async\" class=\"alignnone size-large wp-image-2189\" src=\"https:\/\/www.greenvalley.pl\/wp-content\/uploads\/2021\/04\/1102F-Ludwik-XVI-2-1024x1024.jpg\" alt=\"\" width=\"1024\" height=\"1024\" title=\"\" srcset=\"https:\/\/www.greenvalley.pl\/wp-content\/uploads\/2021\/04\/1102F-Ludwik-XVI-2-1024x1024.jpg 1024w, https:\/\/www.greenvalley.pl\/wp-content\/uploads\/2021\/04\/1102F-Ludwik-XVI-2-300x300.jpg 300w, https:\/\/www.greenvalley.pl\/wp-content\/uploads\/2021\/04\/1102F-Ludwik-XVI-2-150x150.jpg 150w, https:\/\/www.greenvalley.pl\/wp-content\/uploads\/2021\/04\/1102F-Ludwik-XVI-2-768x768.jpg 768w, https:\/\/www.greenvalley.pl\/wp-content\/uploads\/2021\/04\/1102F-Ludwik-XVI-2-350x350.jpg 350w, https:\/\/www.greenvalley.pl\/wp-content\/uploads\/2021\/04\/1102F-Ludwik-XVI-2-600x600.jpg 600w, https:\/\/www.greenvalley.pl\/wp-content\/uploads\/2021\/04\/1102F-Ludwik-XVI-2-100x100.jpg 100w, https:\/\/www.greenvalley.pl\/wp-content\/uploads\/2021\/04\/1102F-Ludwik-XVI-2-64x64.jpg 64w, https:\/\/www.greenvalley.pl\/wp-content\/uploads\/2021\/04\/1102F-Ludwik-XVI-2.jpg 1500w\" sizes=\"(max-width: 1024px) 100vw, 1024px\" \/> <img decoding=\"async\" class=\"alignnone size-large wp-image-2196\" src=\"https:\/\/www.greenvalley.pl\/wp-content\/uploads\/2021\/04\/1102K-Ludwik-XVI-4-1024x1024.jpg\" alt=\"\" width=\"1024\" height=\"1024\" title=\"\" srcset=\"https:\/\/www.greenvalley.pl\/wp-content\/uploads\/2021\/04\/1102K-Ludwik-XVI-4-1024x1024.jpg 1024w, https:\/\/www.greenvalley.pl\/wp-content\/uploads\/2021\/04\/1102K-Ludwik-XVI-4-300x300.jpg 300w, https:\/\/www.greenvalley.pl\/wp-content\/uploads\/2021\/04\/1102K-Ludwik-XVI-4-150x150.jpg 150w, https:\/\/www.greenvalley.pl\/wp-content\/uploads\/2021\/04\/1102K-Ludwik-XVI-4-768x768.jpg 768w, https:\/\/www.greenvalley.pl\/wp-content\/uploads\/2021\/04\/1102K-Ludwik-XVI-4-350x350.jpg 350w, https:\/\/www.greenvalley.pl\/wp-content\/uploads\/2021\/04\/1102K-Ludwik-XVI-4-600x600.jpg 600w, https:\/\/www.greenvalley.pl\/wp-content\/uploads\/2021\/04\/1102K-Ludwik-XVI-4-100x100.jpg 100w, https:\/\/www.greenvalley.pl\/wp-content\/uploads\/2021\/04\/1102K-Ludwik-XVI-4-64x64.jpg 64w, https:\/\/www.greenvalley.pl\/wp-content\/uploads\/2021\/04\/1102K-Ludwik-XVI-4.jpg 1500w\" sizes=\"(max-width: 1024px) 100vw, 1024px\" \/> <img loading=\"lazy\" decoding=\"async\" class=\"alignnone size-large wp-image-2188\" src=\"https:\/\/www.greenvalley.pl\/wp-content\/uploads\/2021\/04\/1102F-Ludwik-XVI-1-1024x1024.jpg\" alt=\"Klasyczne Krzes\u0142o Medalion Ludwik XVI z podlokietnikami 1102\/F\" width=\"1024\" height=\"1024\" title=\"\" srcset=\"https:\/\/www.greenvalley.pl\/wp-content\/uploads\/2021\/04\/1102F-Ludwik-XVI-1-1024x1024.jpg 1024w, https:\/\/www.greenvalley.pl\/wp-content\/uploads\/2021\/04\/1102F-Ludwik-XVI-1-300x300.jpg 300w, https:\/\/www.greenvalley.pl\/wp-content\/uploads\/2021\/04\/1102F-Ludwik-XVI-1-150x150.jpg 150w, https:\/\/www.greenvalley.pl\/wp-content\/uploads\/2021\/04\/1102F-Ludwik-XVI-1-768x768.jpg 768w, https:\/\/www.greenvalley.pl\/wp-content\/uploads\/2021\/04\/1102F-Ludwik-XVI-1-350x350.jpg 350w, https:\/\/www.greenvalley.pl\/wp-content\/uploads\/2021\/04\/1102F-Ludwik-XVI-1-600x600.jpg 600w, https:\/\/www.greenvalley.pl\/wp-content\/uploads\/2021\/04\/1102F-Ludwik-XVI-1-100x100.jpg 100w, https:\/\/www.greenvalley.pl\/wp-content\/uploads\/2021\/04\/1102F-Ludwik-XVI-1-64x64.jpg 64w, https:\/\/www.greenvalley.pl\/wp-content\/uploads\/2021\/04\/1102F-Ludwik-XVI-1.jpg 1500w\" sizes=\"(max-width: 1024px) 100vw, 1024px\" \/><\/p>","protected":false},"excerpt":{"rendered":"<p>Symbol:\u00a01102\/F Krzes\u0142o Ludwik XVI z charakterystycznym medalionowym oparciem oraz pod\u0142okietnikami. Wszystkie realizacj\u0119 wykonujemy na indywidualne zam\u00f3wienie. Klient mo\u017ce skonfigurowa\u0107 sw\u00f3j mebel wybieraj\u0105c wybarwienie drewna, stopie\u0144 po\u0142ysku, tkanin\u0119 oraz spos\u00f3b wyko\u0144czenia. Ka\u017cde zam\u00f3wienie jest inne dlatego, wycena przygotowywana jest precyzyjnie pod konkretne zapytanie. Krzes\u0142o dost\u0119pne jest r\u00f3wnie\u017c w wersji bez pod\u0142okietnik\u00f3w oraz jako hoker w dw\u00f3ch [&hellip;]<\/p>","protected":false},"featured_media":2261,"comment_status":"closed","ping_status":"closed","template":"","meta":{"site-sidebar-layout":"default","site-content-layout":"default","ast-site-content-layout":"","site-content-style":"default","site-sidebar-style":"default","ast-global-header-display":"","ast-banner-title-visibility":"","ast-main-header-display":"","ast-hfb-above-header-display":"","ast-hfb-below-header-display":"","ast-hfb-mobile-header-display":"","site-post-title":"","ast-breadcrumbs-content":"","ast-featured-img":"","footer-sml-layout":"","theme-transparent-header-meta":"default","adv-header-id-meta":"","stick-header-meta":"","header-above-stick-meta":"","header-main-stick-meta":"","header-below-stick-meta":"","astra-migrate-meta-layouts":"default","ast-page-background-enabled":"default","ast-page-background-meta":{"desktop":{"background-color":"","background-image":"","background-repeat":"repeat","background-position":"center center","background-size":"auto","background-attachment":"scroll","background-type":"","background-media":"","overlay-type":"","overlay-color":"","overlay-opacity":"","overlay-gradient":""},"tablet":{"background-color":"","background-image":"","background-repeat":"repeat","background-position":"center center","background-size":"auto","background-attachment":"scroll","background-type":"","background-media":"","overlay-type":"","overlay-color":"","overlay-opacity":"","overlay-gradient":""},"mobile":{"background-color":"","background-image":"","background-repeat":"repeat","background-position":"center center","background-size":"auto","background-attachment":"scroll","background-type":"","background-media":"","overlay-type":"","overlay-color":"","overlay-opacity":"","overlay-gradient":""}},"ast-content-background-meta":{"desktop":{"background-color":"var(--ast-global-color-5)","background-image":"","background-repeat":"repeat","background-position":"center center","background-size":"auto","background-attachment":"scroll","background-type":"","background-media":"","overlay-type":"","overlay-color":"","overlay-opacity":"","overlay-gradient":""},"tablet":{"background-color":"var(--ast-global-color-5)","background-image":"","background-repeat":"repeat","background-position":"center center","background-size":"auto","background-attachment":"scroll","background-type":"","background-media":"","overlay-type":"","overlay-color":"","overlay-opacity":"","overlay-gradient":""},"mobile":{"background-color":"var(--ast-global-color-5)","background-image":"","background-repeat":"repeat","background-position":"center center","background-size":"auto","background-attachment":"scroll","background-type":"","background-media":"","overlay-type":"","overlay-color":"","overlay-opacity":"","overlay-gradient":""}}},"product_brand":[],"product_cat":[34,52,175,59,116],"product_tag":[90,98],"class_list":{"0":"post-2048","1":"product","2":"type-product","3":"status-publish","4":"has-post-thumbnail","6":"product_cat-krzesla","7":"product_cat-jadalnia","8":"product_cat-ludwik-xvi","9":"product_cat-meble","10":"product_cat-styl-klasyczny","11":"product_tag-krzeslo-ludwik-xvi","12":"product_tag-krzeslo-z-podlokietnikami","13":"desktop-align-left","14":"tablet-align-left","15":"mobile-align-left","17":"first","18":"instock","19":"shipping-taxable","20":"product-type-simple"},"_links":{"self":[{"href":"https:\/\/www.greenvalley.pl\/en\/wp-json\/wp\/v2\/product\/2048","targetHints":{"allow":["GET"]}}],"collection":[{"href":"https:\/\/www.greenvalley.pl\/en\/wp-json\/wp\/v2\/product"}],"about":[{"href":"https:\/\/www.greenvalley.pl\/en\/wp-json\/wp\/v2\/types\/product"}],"replies":[{"embeddable":true,"href":"https:\/\/www.greenvalley.pl\/en\/wp-json\/wp\/v2\/comments?post=2048"}],"wp:featuredmedia":[{"embeddable":true,"href":"https:\/\/www.greenvalley.pl\/en\/wp-json\/wp\/v2\/media\/2261"}],"wp:attachment":[{"href":"https:\/\/www.greenvalley.pl\/en\/wp-json\/wp\/v2\/media?parent=2048"}],"wp:term":[{"taxonomy":"product_brand","embeddable":true,"href":"https:\/\/www.greenvalley.pl\/en\/wp-json\/wp\/v2\/product_brand?post=2048"},{"taxonomy":"product_cat","embeddable":true,"href":"https:\/\/www.greenvalley.pl\/en\/wp-json\/wp\/v2\/product_cat?post=2048"},{"taxonomy":"product_tag","embeddable":true,"href":"https:\/\/www.greenvalley.pl\/en\/wp-json\/wp\/v2\/product_tag?post=2048"}],"curies":[{"name":"wp","href":"https:\/\/api.w.org\/{rel}","templated":true}]}}