{"id":2029,"date":"2021-04-13T11:46:24","date_gmt":"2021-04-13T09:46:24","guid":{"rendered":"https:\/\/www.greenvalley.pl\/?post_type=product&#038;p=2029"},"modified":"2021-04-14T12:39:18","modified_gmt":"2021-04-14T10:39:18","slug":"sofa-duchessa","status":"publish","type":"product","link":"https:\/\/www.greenvalley.pl\/en\/product\/sofa-duchessa\/","title":{"rendered":"Duchessa sofa"},"content":{"rendered":"<p><strong>Dimensions:<\/strong><br \/>\n129 cm x 74 cm x H 89 cm<\/p>\n<p class=\"translation-block\">Wszystkie realizacj\u0119 wykonujemy na indywidualne zam\u00f3wienie. Klient mo\u017ce skonfigurowa\u0107 sw\u00f3j mebel wybieraj\u0105c wybarwienie drewna, stopie\u0144 po\u0142ysku, tkanin\u0119 oraz spos\u00f3b wyko\u0144czenia.<br>\r\nKa\u017cde zam\u00f3wienie jest inne dlatego, wycena przygotowywana jest precyzyjnie pod konkretne zapytanie.<\/p>\n<p><img fetchpriority=\"high\" decoding=\"async\" class=\"alignnone size-large wp-image-2034\" src=\"https:\/\/www.greenvalley.pl\/wp-content\/uploads\/2021\/04\/Sofa-Duchessa-2-1-1024x1024.png\" alt=\"Sofa Duchessa 2osobowa\" width=\"1024\" height=\"1024\" title=\"\" srcset=\"https:\/\/www.greenvalley.pl\/wp-content\/uploads\/2021\/04\/Sofa-Duchessa-2-1-1024x1024.png 1024w, https:\/\/www.greenvalley.pl\/wp-content\/uploads\/2021\/04\/Sofa-Duchessa-2-1-300x300.png 300w, https:\/\/www.greenvalley.pl\/wp-content\/uploads\/2021\/04\/Sofa-Duchessa-2-1-150x150.png 150w, https:\/\/www.greenvalley.pl\/wp-content\/uploads\/2021\/04\/Sofa-Duchessa-2-1-768x768.png 768w, https:\/\/www.greenvalley.pl\/wp-content\/uploads\/2021\/04\/Sofa-Duchessa-2-1-350x350.png 350w, https:\/\/www.greenvalley.pl\/wp-content\/uploads\/2021\/04\/Sofa-Duchessa-2-1-600x600.png 600w, https:\/\/www.greenvalley.pl\/wp-content\/uploads\/2021\/04\/Sofa-Duchessa-2-1-100x100.png 100w, https:\/\/www.greenvalley.pl\/wp-content\/uploads\/2021\/04\/Sofa-Duchessa-2-1-64x64.png 64w, https:\/\/www.greenvalley.pl\/wp-content\/uploads\/2021\/04\/Sofa-Duchessa-2-1.png 1500w\" sizes=\"(max-width: 1024px) 100vw, 1024px\" \/> <img decoding=\"async\" class=\"alignnone size-large wp-image-2030\" src=\"https:\/\/www.greenvalley.pl\/wp-content\/uploads\/2021\/04\/Sofa-Duchessa-1024x1024.png\" alt=\"Sofa Duchessa 2 osobowa\" width=\"1024\" height=\"1024\" title=\"\" srcset=\"https:\/\/www.greenvalley.pl\/wp-content\/uploads\/2021\/04\/Sofa-Duchessa-1024x1024.png 1024w, https:\/\/www.greenvalley.pl\/wp-content\/uploads\/2021\/04\/Sofa-Duchessa-300x300.png 300w, https:\/\/www.greenvalley.pl\/wp-content\/uploads\/2021\/04\/Sofa-Duchessa-150x150.png 150w, https:\/\/www.greenvalley.pl\/wp-content\/uploads\/2021\/04\/Sofa-Duchessa-768x768.png 768w, https:\/\/www.greenvalley.pl\/wp-content\/uploads\/2021\/04\/Sofa-Duchessa-350x350.png 350w, https:\/\/www.greenvalley.pl\/wp-content\/uploads\/2021\/04\/Sofa-Duchessa-600x600.png 600w, https:\/\/www.greenvalley.pl\/wp-content\/uploads\/2021\/04\/Sofa-Duchessa-100x100.png 100w, https:\/\/www.greenvalley.pl\/wp-content\/uploads\/2021\/04\/Sofa-Duchessa-64x64.png 64w, https:\/\/www.greenvalley.pl\/wp-content\/uploads\/2021\/04\/Sofa-Duchessa.png 1500w\" sizes=\"(max-width: 1024px) 100vw, 1024px\" \/><\/p>","protected":false},"excerpt":{"rendered":"<p>Wymiary: 129 cm x 74 cm x H 89 cm Wszystkie realizacj\u0119 wykonujemy na indywidualne zam\u00f3wienie. Klient mo\u017ce skonfigurowa\u0107 sw\u00f3j mebel wybieraj\u0105c wybarwienie drewna, stopie\u0144 po\u0142ysku, tkanin\u0119 oraz spos\u00f3b wyko\u0144czenia. Ka\u017cde zam\u00f3wienie jest inne dlatego, wycena przygotowywana jest precyzyjnie pod konkretne zapytanie.<\/p>","protected":false},"featured_media":2080,"comment_status":"open","ping_status":"closed","template":"","meta":{"site-sidebar-layout":"default","site-content-layout":"default","ast-site-content-layout":"","site-content-style":"default","site-sidebar-style":"default","ast-global-header-display":"","ast-banner-title-visibility":"","ast-main-header-display":"","ast-hfb-above-header-display":"","ast-hfb-below-header-display":"","ast-hfb-mobile-header-display":"","site-post-title":"","ast-breadcrumbs-content":"","ast-featured-img":"","footer-sml-layout":"","theme-transparent-header-meta":"default","adv-header-id-meta":"","stick-header-meta":"","header-above-stick-meta":"","header-main-stick-meta":"","header-below-stick-meta":"","astra-migrate-meta-layouts":"default","ast-page-background-enabled":"default","ast-page-background-meta":{"desktop":{"background-color":"","background-image":"","background-repeat":"repeat","background-position":"center center","background-size":"auto","background-attachment":"scroll","background-type":"","background-media":"","overlay-type":"","overlay-color":"","overlay-opacity":"","overlay-gradient":""},"tablet":{"background-color":"","background-image":"","background-repeat":"repeat","background-position":"center center","background-size":"auto","background-attachment":"scroll","background-type":"","background-media":"","overlay-type":"","overlay-color":"","overlay-opacity":"","overlay-gradient":""},"mobile":{"background-color":"","background-image":"","background-repeat":"repeat","background-position":"center center","background-size":"auto","background-attachment":"scroll","background-type":"","background-media":"","overlay-type":"","overlay-color":"","overlay-opacity":"","overlay-gradient":""}},"ast-content-background-meta":{"desktop":{"background-color":"var(--ast-global-color-5)","background-image":"","background-repeat":"repeat","background-position":"center center","background-size":"auto","background-attachment":"scroll","background-type":"","background-media":"","overlay-type":"","overlay-color":"","overlay-opacity":"","overlay-gradient":""},"tablet":{"background-color":"var(--ast-global-color-5)","background-image":"","background-repeat":"repeat","background-position":"center center","background-size":"auto","background-attachment":"scroll","background-type":"","background-media":"","overlay-type":"","overlay-color":"","overlay-opacity":"","overlay-gradient":""},"mobile":{"background-color":"var(--ast-global-color-5)","background-image":"","background-repeat":"repeat","background-position":"center center","background-size":"auto","background-attachment":"scroll","background-type":"","background-media":"","overlay-type":"","overlay-color":"","overlay-opacity":"","overlay-gradient":""}}},"product_brand":[],"product_cat":[36,59,118],"product_tag":[130,131],"class_list":{"0":"post-2029","1":"product","2":"type-product","3":"status-publish","4":"has-post-thumbnail","6":"product_cat-sofy","7":"product_cat-meble","8":"product_cat-salon","9":"product_tag-sofa-duchessa","10":"product_tag-sofa-dwuosobowa","11":"desktop-align-left","12":"tablet-align-left","13":"mobile-align-left","15":"first","16":"instock","17":"shipping-taxable","18":"product-type-simple"},"_links":{"self":[{"href":"https:\/\/www.greenvalley.pl\/en\/wp-json\/wp\/v2\/product\/2029","targetHints":{"allow":["GET"]}}],"collection":[{"href":"https:\/\/www.greenvalley.pl\/en\/wp-json\/wp\/v2\/product"}],"about":[{"href":"https:\/\/www.greenvalley.pl\/en\/wp-json\/wp\/v2\/types\/product"}],"replies":[{"embeddable":true,"href":"https:\/\/www.greenvalley.pl\/en\/wp-json\/wp\/v2\/comments?post=2029"}],"wp:featuredmedia":[{"embeddable":true,"href":"https:\/\/www.greenvalley.pl\/en\/wp-json\/wp\/v2\/media\/2080"}],"wp:attachment":[{"href":"https:\/\/www.greenvalley.pl\/en\/wp-json\/wp\/v2\/media?parent=2029"}],"wp:term":[{"taxonomy":"product_brand","embeddable":true,"href":"https:\/\/www.greenvalley.pl\/en\/wp-json\/wp\/v2\/product_brand?post=2029"},{"taxonomy":"product_cat","embeddable":true,"href":"https:\/\/www.greenvalley.pl\/en\/wp-json\/wp\/v2\/product_cat?post=2029"},{"taxonomy":"product_tag","embeddable":true,"href":"https:\/\/www.greenvalley.pl\/en\/wp-json\/wp\/v2\/product_tag?post=2029"}],"curies":[{"name":"wp","href":"https:\/\/api.w.org\/{rel}","templated":true}]}}