{"id":1985,"date":"2021-04-09T10:38:48","date_gmt":"2021-04-09T08:38:48","guid":{"rendered":"https:\/\/www.greenvalley.pl\/?post_type=product&#038;p=1985"},"modified":"2021-04-13T14:54:58","modified_gmt":"2021-04-13T12:54:58","slug":"fotel-america","status":"publish","type":"product","link":"https:\/\/www.greenvalley.pl\/en\/product\/fotel-america\/","title":{"rendered":"America armchair"},"content":{"rendered":"<p><img fetchpriority=\"high\" decoding=\"async\" class=\"alignnone size-large wp-image-1990\" src=\"https:\/\/www.greenvalley.pl\/wp-content\/uploads\/2021\/04\/Fotel3-1-1024x1024.png\" alt=\"Stylowy fotel\" width=\"1024\" height=\"1024\" title=\"\" srcset=\"https:\/\/www.greenvalley.pl\/wp-content\/uploads\/2021\/04\/Fotel3-1-1024x1024.png 1024w, https:\/\/www.greenvalley.pl\/wp-content\/uploads\/2021\/04\/Fotel3-1-300x300.png 300w, https:\/\/www.greenvalley.pl\/wp-content\/uploads\/2021\/04\/Fotel3-1-150x150.png 150w, https:\/\/www.greenvalley.pl\/wp-content\/uploads\/2021\/04\/Fotel3-1-768x768.png 768w, https:\/\/www.greenvalley.pl\/wp-content\/uploads\/2021\/04\/Fotel3-1-350x350.png 350w, https:\/\/www.greenvalley.pl\/wp-content\/uploads\/2021\/04\/Fotel3-1-600x600.png 600w, https:\/\/www.greenvalley.pl\/wp-content\/uploads\/2021\/04\/Fotel3-1-100x100.png 100w, https:\/\/www.greenvalley.pl\/wp-content\/uploads\/2021\/04\/Fotel3-1-64x64.png 64w, https:\/\/www.greenvalley.pl\/wp-content\/uploads\/2021\/04\/Fotel3-1.png 1500w\" sizes=\"(max-width: 1024px) 100vw, 1024px\" \/> <img decoding=\"async\" class=\"alignnone size-large wp-image-1992\" src=\"https:\/\/www.greenvalley.pl\/wp-content\/uploads\/2021\/04\/Fotel4-1024x1024.png\" alt=\"Stylowy fotel\" width=\"1024\" height=\"1024\" title=\"\" srcset=\"https:\/\/www.greenvalley.pl\/wp-content\/uploads\/2021\/04\/Fotel4-1024x1024.png 1024w, https:\/\/www.greenvalley.pl\/wp-content\/uploads\/2021\/04\/Fotel4-300x300.png 300w, https:\/\/www.greenvalley.pl\/wp-content\/uploads\/2021\/04\/Fotel4-150x150.png 150w, https:\/\/www.greenvalley.pl\/wp-content\/uploads\/2021\/04\/Fotel4-768x768.png 768w, https:\/\/www.greenvalley.pl\/wp-content\/uploads\/2021\/04\/Fotel4-350x350.png 350w, https:\/\/www.greenvalley.pl\/wp-content\/uploads\/2021\/04\/Fotel4-600x600.png 600w, https:\/\/www.greenvalley.pl\/wp-content\/uploads\/2021\/04\/Fotel4-100x100.png 100w, https:\/\/www.greenvalley.pl\/wp-content\/uploads\/2021\/04\/Fotel4-64x64.png 64w, https:\/\/www.greenvalley.pl\/wp-content\/uploads\/2021\/04\/Fotel4.png 1500w\" sizes=\"(max-width: 1024px) 100vw, 1024px\" \/><\/p>\n<p class=\"translation-block\">Wszystkie realizacj\u0119 wykonujemy na indywidualne zam\u00f3wienie. Klient mo\u017ce skonfigurowa\u0107 sw\u00f3j mebel wybieraj\u0105c wybarwienie drewna, stopie\u0144 po\u0142ysku, tkanin\u0119 oraz spos\u00f3b wyko\u0144czenia.<br>\r\nKa\u017cde zam\u00f3wienie jest inne dlatego, wycena przygotowywana jest precyzyjnie pod konkretne zapytanie.<\/p>","protected":false},"excerpt":{"rendered":"<p class=\"translation-block\">Wszystkie realizacj\u0119 wykonujemy na indywidualne zam\u00f3wienie. Klient mo\u017ce skonfigurowa\u0107 sw\u00f3j mebel wybieraj\u0105c wybarwienie drewna, stopie\u0144 po\u0142ysku, tkanin\u0119 oraz spos\u00f3b wyko\u0144czenia.<br>\r\nKa\u017cde zam\u00f3wienie jest inne dlatego, wycena przygotowywana jest precyzyjnie pod konkretne zapytanie.<\/p>","protected":false},"featured_media":1986,"comment_status":"open","ping_status":"closed","template":"","meta":{"site-sidebar-layout":"default","site-content-layout":"default","ast-site-content-layout":"","site-content-style":"default","site-sidebar-style":"default","ast-global-header-display":"","ast-banner-title-visibility":"","ast-main-header-display":"","ast-hfb-above-header-display":"","ast-hfb-below-header-display":"","ast-hfb-mobile-header-display":"","site-post-title":"","ast-breadcrumbs-content":"","ast-featured-img":"","footer-sml-layout":"","theme-transparent-header-meta":"default","adv-header-id-meta":"","stick-header-meta":"","header-above-stick-meta":"","header-main-stick-meta":"","header-below-stick-meta":"","astra-migrate-meta-layouts":"default","ast-page-background-enabled":"default","ast-page-background-meta":{"desktop":{"background-color":"","background-image":"","background-repeat":"repeat","background-position":"center center","background-size":"auto","background-attachment":"scroll","background-type":"","background-media":"","overlay-type":"","overlay-color":"","overlay-opacity":"","overlay-gradient":""},"tablet":{"background-color":"","background-image":"","background-repeat":"repeat","background-position":"center center","background-size":"auto","background-attachment":"scroll","background-type":"","background-media":"","overlay-type":"","overlay-color":"","overlay-opacity":"","overlay-gradient":""},"mobile":{"background-color":"","background-image":"","background-repeat":"repeat","background-position":"center center","background-size":"auto","background-attachment":"scroll","background-type":"","background-media":"","overlay-type":"","overlay-color":"","overlay-opacity":"","overlay-gradient":""}},"ast-content-background-meta":{"desktop":{"background-color":"var(--ast-global-color-5)","background-image":"","background-repeat":"repeat","background-position":"center center","background-size":"auto","background-attachment":"scroll","background-type":"","background-media":"","overlay-type":"","overlay-color":"","overlay-opacity":"","overlay-gradient":""},"tablet":{"background-color":"var(--ast-global-color-5)","background-image":"","background-repeat":"repeat","background-position":"center center","background-size":"auto","background-attachment":"scroll","background-type":"","background-media":"","overlay-type":"","overlay-color":"","overlay-opacity":"","overlay-gradient":""},"mobile":{"background-color":"var(--ast-global-color-5)","background-image":"","background-repeat":"repeat","background-position":"center center","background-size":"auto","background-attachment":"scroll","background-type":"","background-media":"","overlay-type":"","overlay-color":"","overlay-opacity":"","overlay-gradient":""}}},"product_brand":[],"product_cat":[35,59,118,55],"product_tag":[121,120,119],"class_list":{"0":"post-1985","1":"product","2":"type-product","3":"status-publish","4":"has-post-thumbnail","6":"product_cat-fotele","7":"product_cat-meble","8":"product_cat-salon","9":"product_cat-styl-prowansalski","10":"product_tag-fotel-america","11":"product_tag-fotel-stylowy","12":"product_tag-fotel-z-podnozkiem","13":"desktop-align-left","14":"tablet-align-left","15":"mobile-align-left","17":"first","18":"instock","19":"shipping-taxable","20":"product-type-simple"},"_links":{"self":[{"href":"https:\/\/www.greenvalley.pl\/en\/wp-json\/wp\/v2\/product\/1985","targetHints":{"allow":["GET"]}}],"collection":[{"href":"https:\/\/www.greenvalley.pl\/en\/wp-json\/wp\/v2\/product"}],"about":[{"href":"https:\/\/www.greenvalley.pl\/en\/wp-json\/wp\/v2\/types\/product"}],"replies":[{"embeddable":true,"href":"https:\/\/www.greenvalley.pl\/en\/wp-json\/wp\/v2\/comments?post=1985"}],"wp:featuredmedia":[{"embeddable":true,"href":"https:\/\/www.greenvalley.pl\/en\/wp-json\/wp\/v2\/media\/1986"}],"wp:attachment":[{"href":"https:\/\/www.greenvalley.pl\/en\/wp-json\/wp\/v2\/media?parent=1985"}],"wp:term":[{"taxonomy":"product_brand","embeddable":true,"href":"https:\/\/www.greenvalley.pl\/en\/wp-json\/wp\/v2\/product_brand?post=1985"},{"taxonomy":"product_cat","embeddable":true,"href":"https:\/\/www.greenvalley.pl\/en\/wp-json\/wp\/v2\/product_cat?post=1985"},{"taxonomy":"product_tag","embeddable":true,"href":"https:\/\/www.greenvalley.pl\/en\/wp-json\/wp\/v2\/product_tag?post=1985"}],"curies":[{"name":"wp","href":"https:\/\/api.w.org\/{rel}","templated":true}]}}