{"id":1975,"date":"2021-04-08T15:26:04","date_gmt":"2021-04-08T13:26:04","guid":{"rendered":"https:\/\/www.greenvalley.pl\/?post_type=product&#038;p=1975"},"modified":"2021-04-20T12:57:14","modified_gmt":"2021-04-20T10:57:14","slug":"krzeslo-molly","status":"publish","type":"product","link":"https:\/\/www.greenvalley.pl\/en\/product\/krzeslo-molly\/","title":{"rendered":"Molly chair"},"content":{"rendered":"<h4><\/h4>\n<p class=\"translation-block\">Wszystkie realizacj\u0119 wykonujemy na indywidualne zam\u00f3wienie. Klient mo\u017ce skonfigurowa\u0107 sw\u00f3j mebel wybieraj\u0105c wybarwienie drewna, stopie\u0144 po\u0142ysku, tkanin\u0119 oraz spos\u00f3b wyko\u0144czenia.<br>\r\nKa\u017cde zam\u00f3wienie jest inne dlatego, wycena przygotowywana jest precyzyjnie pod konkretne zapytanie.<\/p>\n<p><img fetchpriority=\"high\" decoding=\"async\" class=\"alignnone size-large wp-image-1976\" src=\"https:\/\/www.greenvalley.pl\/wp-content\/uploads\/2021\/04\/1166_K-Molly-1024x1024.png\" alt=\"Krzes\u0142o Molly - Krzes\u0142o z owalnym oparciem\" width=\"1024\" height=\"1024\" title=\"\" srcset=\"https:\/\/www.greenvalley.pl\/wp-content\/uploads\/2021\/04\/1166_K-Molly-1024x1024.png 1024w, https:\/\/www.greenvalley.pl\/wp-content\/uploads\/2021\/04\/1166_K-Molly-300x300.png 300w, https:\/\/www.greenvalley.pl\/wp-content\/uploads\/2021\/04\/1166_K-Molly-150x150.png 150w, https:\/\/www.greenvalley.pl\/wp-content\/uploads\/2021\/04\/1166_K-Molly-768x768.png 768w, https:\/\/www.greenvalley.pl\/wp-content\/uploads\/2021\/04\/1166_K-Molly-350x350.png 350w, https:\/\/www.greenvalley.pl\/wp-content\/uploads\/2021\/04\/1166_K-Molly-600x600.png 600w, https:\/\/www.greenvalley.pl\/wp-content\/uploads\/2021\/04\/1166_K-Molly-100x100.png 100w, https:\/\/www.greenvalley.pl\/wp-content\/uploads\/2021\/04\/1166_K-Molly-64x64.png 64w, https:\/\/www.greenvalley.pl\/wp-content\/uploads\/2021\/04\/1166_K-Molly.png 1500w\" sizes=\"(max-width: 1024px) 100vw, 1024px\" \/> <img decoding=\"async\" class=\"alignnone size-large wp-image-1977\" src=\"https:\/\/www.greenvalley.pl\/wp-content\/uploads\/2021\/04\/1166_K-Molly-2-1024x1024.png\" alt=\"Krzes\u0142o Molly - Krzes\u0142o z owalnym oparciem\" width=\"1024\" height=\"1024\" title=\"\" srcset=\"https:\/\/www.greenvalley.pl\/wp-content\/uploads\/2021\/04\/1166_K-Molly-2-1024x1024.png 1024w, https:\/\/www.greenvalley.pl\/wp-content\/uploads\/2021\/04\/1166_K-Molly-2-300x300.png 300w, https:\/\/www.greenvalley.pl\/wp-content\/uploads\/2021\/04\/1166_K-Molly-2-150x150.png 150w, https:\/\/www.greenvalley.pl\/wp-content\/uploads\/2021\/04\/1166_K-Molly-2-768x768.png 768w, https:\/\/www.greenvalley.pl\/wp-content\/uploads\/2021\/04\/1166_K-Molly-2-350x350.png 350w, https:\/\/www.greenvalley.pl\/wp-content\/uploads\/2021\/04\/1166_K-Molly-2-600x600.png 600w, https:\/\/www.greenvalley.pl\/wp-content\/uploads\/2021\/04\/1166_K-Molly-2-100x100.png 100w, https:\/\/www.greenvalley.pl\/wp-content\/uploads\/2021\/04\/1166_K-Molly-2-64x64.png 64w, https:\/\/www.greenvalley.pl\/wp-content\/uploads\/2021\/04\/1166_K-Molly-2.png 1500w\" sizes=\"(max-width: 1024px) 100vw, 1024px\" \/> <img decoding=\"async\" class=\"alignnone size-large wp-image-1978\" src=\"https:\/\/www.greenvalley.pl\/wp-content\/uploads\/2021\/04\/1166_K-Molly-3-1024x1024.png\" alt=\"Krzes\u0142o Molly - Krzes\u0142o z owalnym oparciem\" width=\"1024\" height=\"1024\" title=\"\" srcset=\"https:\/\/www.greenvalley.pl\/wp-content\/uploads\/2021\/04\/1166_K-Molly-3-1024x1024.png 1024w, https:\/\/www.greenvalley.pl\/wp-content\/uploads\/2021\/04\/1166_K-Molly-3-300x300.png 300w, https:\/\/www.greenvalley.pl\/wp-content\/uploads\/2021\/04\/1166_K-Molly-3-150x150.png 150w, https:\/\/www.greenvalley.pl\/wp-content\/uploads\/2021\/04\/1166_K-Molly-3-768x768.png 768w, https:\/\/www.greenvalley.pl\/wp-content\/uploads\/2021\/04\/1166_K-Molly-3-350x350.png 350w, https:\/\/www.greenvalley.pl\/wp-content\/uploads\/2021\/04\/1166_K-Molly-3-600x600.png 600w, https:\/\/www.greenvalley.pl\/wp-content\/uploads\/2021\/04\/1166_K-Molly-3-100x100.png 100w, https:\/\/www.greenvalley.pl\/wp-content\/uploads\/2021\/04\/1166_K-Molly-3-64x64.png 64w, https:\/\/www.greenvalley.pl\/wp-content\/uploads\/2021\/04\/1166_K-Molly-3.png 1500w\" sizes=\"(max-width: 1024px) 100vw, 1024px\" \/> <img loading=\"lazy\" decoding=\"async\" class=\"alignnone size-large wp-image-1979\" src=\"https:\/\/www.greenvalley.pl\/wp-content\/uploads\/2021\/04\/1166_K-Molly-4-1024x1024.png\" alt=\"Krzes\u0142o Molly - Krzes\u0142o z owalnym oparciem\" width=\"1024\" height=\"1024\" title=\"\" srcset=\"https:\/\/www.greenvalley.pl\/wp-content\/uploads\/2021\/04\/1166_K-Molly-4-1024x1024.png 1024w, https:\/\/www.greenvalley.pl\/wp-content\/uploads\/2021\/04\/1166_K-Molly-4-300x300.png 300w, https:\/\/www.greenvalley.pl\/wp-content\/uploads\/2021\/04\/1166_K-Molly-4-150x150.png 150w, https:\/\/www.greenvalley.pl\/wp-content\/uploads\/2021\/04\/1166_K-Molly-4-768x768.png 768w, https:\/\/www.greenvalley.pl\/wp-content\/uploads\/2021\/04\/1166_K-Molly-4-350x350.png 350w, https:\/\/www.greenvalley.pl\/wp-content\/uploads\/2021\/04\/1166_K-Molly-4-600x600.png 600w, https:\/\/www.greenvalley.pl\/wp-content\/uploads\/2021\/04\/1166_K-Molly-4-100x100.png 100w, https:\/\/www.greenvalley.pl\/wp-content\/uploads\/2021\/04\/1166_K-Molly-4-64x64.png 64w, https:\/\/www.greenvalley.pl\/wp-content\/uploads\/2021\/04\/1166_K-Molly-4.png 1500w\" sizes=\"(max-width: 1024px) 100vw, 1024px\" \/><\/p>","protected":false},"excerpt":{"rendered":"<p class=\"translation-block\">Wszystkie realizacj\u0119 wykonujemy na indywidualne zam\u00f3wienie. Klient mo\u017ce skonfigurowa\u0107 sw\u00f3j mebel wybieraj\u0105c wybarwienie drewna, stopie\u0144 po\u0142ysku, tkanin\u0119 oraz spos\u00f3b wyko\u0144czenia.<br>\r\nKa\u017cde zam\u00f3wienie jest inne dlatego, wycena przygotowywana jest precyzyjnie pod konkretne zapytanie.<\/p>","protected":false},"featured_media":1976,"comment_status":"open","ping_status":"closed","template":"","meta":{"site-sidebar-layout":"default","site-content-layout":"default","ast-site-content-layout":"","site-content-style":"default","site-sidebar-style":"default","ast-global-header-display":"","ast-banner-title-visibility":"","ast-main-header-display":"","ast-hfb-above-header-display":"","ast-hfb-below-header-display":"","ast-hfb-mobile-header-display":"","site-post-title":"","ast-breadcrumbs-content":"","ast-featured-img":"","footer-sml-layout":"","theme-transparent-header-meta":"default","adv-header-id-meta":"","stick-header-meta":"","header-above-stick-meta":"","header-main-stick-meta":"","header-below-stick-meta":"","astra-migrate-meta-layouts":"default","ast-page-background-enabled":"default","ast-page-background-meta":{"desktop":{"background-color":"","background-image":"","background-repeat":"repeat","background-position":"center center","background-size":"auto","background-attachment":"scroll","background-type":"","background-media":"","overlay-type":"","overlay-color":"","overlay-opacity":"","overlay-gradient":""},"tablet":{"background-color":"","background-image":"","background-repeat":"repeat","background-position":"center center","background-size":"auto","background-attachment":"scroll","background-type":"","background-media":"","overlay-type":"","overlay-color":"","overlay-opacity":"","overlay-gradient":""},"mobile":{"background-color":"","background-image":"","background-repeat":"repeat","background-position":"center center","background-size":"auto","background-attachment":"scroll","background-type":"","background-media":"","overlay-type":"","overlay-color":"","overlay-opacity":"","overlay-gradient":""}},"ast-content-background-meta":{"desktop":{"background-color":"var(--ast-global-color-5)","background-image":"","background-repeat":"repeat","background-position":"center center","background-size":"auto","background-attachment":"scroll","background-type":"","background-media":"","overlay-type":"","overlay-color":"","overlay-opacity":"","overlay-gradient":""},"tablet":{"background-color":"var(--ast-global-color-5)","background-image":"","background-repeat":"repeat","background-position":"center center","background-size":"auto","background-attachment":"scroll","background-type":"","background-media":"","overlay-type":"","overlay-color":"","overlay-opacity":"","overlay-gradient":""},"mobile":{"background-color":"var(--ast-global-color-5)","background-image":"","background-repeat":"repeat","background-position":"center center","background-size":"auto","background-attachment":"scroll","background-type":"","background-media":"","overlay-type":"","overlay-color":"","overlay-opacity":"","overlay-gradient":""}}},"product_brand":[],"product_cat":[34,52,59],"product_tag":[117,178],"class_list":{"0":"post-1975","1":"product","2":"type-product","3":"status-publish","4":"has-post-thumbnail","6":"product_cat-krzesla","7":"product_cat-jadalnia","8":"product_cat-meble","9":"product_tag-krzeslo-molly","10":"product_tag-krzeslo-zlote-glamour","11":"desktop-align-left","12":"tablet-align-left","13":"mobile-align-left","15":"first","16":"instock","17":"shipping-taxable","18":"product-type-simple"},"_links":{"self":[{"href":"https:\/\/www.greenvalley.pl\/en\/wp-json\/wp\/v2\/product\/1975","targetHints":{"allow":["GET"]}}],"collection":[{"href":"https:\/\/www.greenvalley.pl\/en\/wp-json\/wp\/v2\/product"}],"about":[{"href":"https:\/\/www.greenvalley.pl\/en\/wp-json\/wp\/v2\/types\/product"}],"replies":[{"embeddable":true,"href":"https:\/\/www.greenvalley.pl\/en\/wp-json\/wp\/v2\/comments?post=1975"}],"wp:featuredmedia":[{"embeddable":true,"href":"https:\/\/www.greenvalley.pl\/en\/wp-json\/wp\/v2\/media\/1976"}],"wp:attachment":[{"href":"https:\/\/www.greenvalley.pl\/en\/wp-json\/wp\/v2\/media?parent=1975"}],"wp:term":[{"taxonomy":"product_brand","embeddable":true,"href":"https:\/\/www.greenvalley.pl\/en\/wp-json\/wp\/v2\/product_brand?post=1975"},{"taxonomy":"product_cat","embeddable":true,"href":"https:\/\/www.greenvalley.pl\/en\/wp-json\/wp\/v2\/product_cat?post=1975"},{"taxonomy":"product_tag","embeddable":true,"href":"https:\/\/www.greenvalley.pl\/en\/wp-json\/wp\/v2\/product_tag?post=1975"}],"curies":[{"name":"wp","href":"https:\/\/api.w.org\/{rel}","templated":true}]}}