{"id":1960,"date":"2021-04-08T15:03:34","date_gmt":"2021-04-08T13:03:34","guid":{"rendered":"https:\/\/www.greenvalley.pl\/?post_type=product&#038;p=1960"},"modified":"2021-04-13T14:24:06","modified_gmt":"2021-04-13T12:24:06","slug":"krzeslo-traforata","status":"publish","type":"product","link":"https:\/\/www.greenvalley.pl\/en\/product\/krzeslo-traforata\/","title":{"rendered":"Traforata chair"},"content":{"rendered":"<p class=\"translation-block\">Wszystkie realizacj\u0119 wykonujemy na indywidualne zam\u00f3wienie. Klient mo\u017ce skonfigurowa\u0107 sw\u00f3j mebel wybieraj\u0105c wybarwienie drewna, stopie\u0144 po\u0142ysku, tkanin\u0119 oraz spos\u00f3b wyko\u0144czenia.<br>\r\nKa\u017cde zam\u00f3wienie jest inne dlatego, wycena przygotowywana jest precyzyjnie pod konkretne zapytanie.<\/p>\n<p><img fetchpriority=\"high\" decoding=\"async\" class=\"alignnone size-large wp-image-2000\" src=\"https:\/\/www.greenvalley.pl\/wp-content\/uploads\/2021\/04\/Traforata-3-1024x1024.png\" alt=\"Klasyczne krzes\u0142o Traforata\" width=\"1024\" height=\"1024\" title=\"\" srcset=\"https:\/\/www.greenvalley.pl\/wp-content\/uploads\/2021\/04\/Traforata-3-1024x1024.png 1024w, https:\/\/www.greenvalley.pl\/wp-content\/uploads\/2021\/04\/Traforata-3-300x300.png 300w, https:\/\/www.greenvalley.pl\/wp-content\/uploads\/2021\/04\/Traforata-3-150x150.png 150w, https:\/\/www.greenvalley.pl\/wp-content\/uploads\/2021\/04\/Traforata-3-768x768.png 768w, https:\/\/www.greenvalley.pl\/wp-content\/uploads\/2021\/04\/Traforata-3-350x350.png 350w, https:\/\/www.greenvalley.pl\/wp-content\/uploads\/2021\/04\/Traforata-3-600x600.png 600w, https:\/\/www.greenvalley.pl\/wp-content\/uploads\/2021\/04\/Traforata-3-100x100.png 100w, https:\/\/www.greenvalley.pl\/wp-content\/uploads\/2021\/04\/Traforata-3-64x64.png 64w, https:\/\/www.greenvalley.pl\/wp-content\/uploads\/2021\/04\/Traforata-3.png 1500w\" sizes=\"(max-width: 1024px) 100vw, 1024px\" \/><\/p>\n<p><img decoding=\"async\" class=\"alignnone size-large wp-image-1961\" src=\"https:\/\/www.greenvalley.pl\/wp-content\/uploads\/2021\/04\/1103_K-Traforata-2-1024x1024.png\" alt=\"Krzes\u0142a 14\/K Traforata 1103\/K\" width=\"1024\" height=\"1024\" title=\"\" srcset=\"https:\/\/www.greenvalley.pl\/wp-content\/uploads\/2021\/04\/1103_K-Traforata-2-1024x1024.png 1024w, https:\/\/www.greenvalley.pl\/wp-content\/uploads\/2021\/04\/1103_K-Traforata-2-300x300.png 300w, https:\/\/www.greenvalley.pl\/wp-content\/uploads\/2021\/04\/1103_K-Traforata-2-150x150.png 150w, https:\/\/www.greenvalley.pl\/wp-content\/uploads\/2021\/04\/1103_K-Traforata-2-768x768.png 768w, https:\/\/www.greenvalley.pl\/wp-content\/uploads\/2021\/04\/1103_K-Traforata-2-350x350.png 350w, https:\/\/www.greenvalley.pl\/wp-content\/uploads\/2021\/04\/1103_K-Traforata-2-600x600.png 600w, https:\/\/www.greenvalley.pl\/wp-content\/uploads\/2021\/04\/1103_K-Traforata-2-100x100.png 100w, https:\/\/www.greenvalley.pl\/wp-content\/uploads\/2021\/04\/1103_K-Traforata-2-64x64.png 64w, https:\/\/www.greenvalley.pl\/wp-content\/uploads\/2021\/04\/1103_K-Traforata-2.png 1500w\" sizes=\"(max-width: 1024px) 100vw, 1024px\" \/><\/p>\n<p><img decoding=\"async\" class=\"alignnone size-large wp-image-1967\" src=\"https:\/\/www.greenvalley.pl\/wp-content\/uploads\/2021\/04\/D57364AF-4F27-4829-9195-53A302E33B07_1_105_c-1024x683.jpeg\" alt=\"Klasyczne krzes\u0142o Traforata\" width=\"1024\" height=\"683\" title=\"\" srcset=\"https:\/\/www.greenvalley.pl\/wp-content\/uploads\/2021\/04\/D57364AF-4F27-4829-9195-53A302E33B07_1_105_c-1024x683.jpeg 1024w, https:\/\/www.greenvalley.pl\/wp-content\/uploads\/2021\/04\/D57364AF-4F27-4829-9195-53A302E33B07_1_105_c-300x200.jpeg 300w, https:\/\/www.greenvalley.pl\/wp-content\/uploads\/2021\/04\/D57364AF-4F27-4829-9195-53A302E33B07_1_105_c-768x512.jpeg 768w, https:\/\/www.greenvalley.pl\/wp-content\/uploads\/2021\/04\/D57364AF-4F27-4829-9195-53A302E33B07_1_105_c-600x400.jpeg 600w, https:\/\/www.greenvalley.pl\/wp-content\/uploads\/2021\/04\/D57364AF-4F27-4829-9195-53A302E33B07_1_105_c-64x43.jpeg 64w, https:\/\/www.greenvalley.pl\/wp-content\/uploads\/2021\/04\/D57364AF-4F27-4829-9195-53A302E33B07_1_105_c.jpeg 1086w\" sizes=\"(max-width: 1024px) 100vw, 1024px\" \/><img loading=\"lazy\" decoding=\"async\" class=\"alignnone size-large wp-image-1965\" src=\"https:\/\/www.greenvalley.pl\/wp-content\/uploads\/2021\/04\/7AAFD891-4BA0-425D-948F-D936834DC2E8_1_105_c-1024x683.jpeg\" alt=\"Klasyczne krzes\u0142o Traforata\" width=\"1024\" height=\"683\" title=\"\" srcset=\"https:\/\/www.greenvalley.pl\/wp-content\/uploads\/2021\/04\/7AAFD891-4BA0-425D-948F-D936834DC2E8_1_105_c-1024x683.jpeg 1024w, https:\/\/www.greenvalley.pl\/wp-content\/uploads\/2021\/04\/7AAFD891-4BA0-425D-948F-D936834DC2E8_1_105_c-300x200.jpeg 300w, https:\/\/www.greenvalley.pl\/wp-content\/uploads\/2021\/04\/7AAFD891-4BA0-425D-948F-D936834DC2E8_1_105_c-768x512.jpeg 768w, https:\/\/www.greenvalley.pl\/wp-content\/uploads\/2021\/04\/7AAFD891-4BA0-425D-948F-D936834DC2E8_1_105_c-600x400.jpeg 600w, https:\/\/www.greenvalley.pl\/wp-content\/uploads\/2021\/04\/7AAFD891-4BA0-425D-948F-D936834DC2E8_1_105_c-64x43.jpeg 64w, https:\/\/www.greenvalley.pl\/wp-content\/uploads\/2021\/04\/7AAFD891-4BA0-425D-948F-D936834DC2E8_1_105_c.jpeg 1086w\" sizes=\"(max-width: 1024px) 100vw, 1024px\" \/> <img loading=\"lazy\" decoding=\"async\" class=\"alignnone size-large wp-image-1966\" src=\"https:\/\/www.greenvalley.pl\/wp-content\/uploads\/2021\/04\/657AFA90-7961-457C-BA4A-33DC1EE93836_1_105_c-1024x683.jpeg\" alt=\"Klasyczne krzes\u0142o Traforata\" width=\"1024\" height=\"683\" title=\"\" srcset=\"https:\/\/www.greenvalley.pl\/wp-content\/uploads\/2021\/04\/657AFA90-7961-457C-BA4A-33DC1EE93836_1_105_c-1024x683.jpeg 1024w, https:\/\/www.greenvalley.pl\/wp-content\/uploads\/2021\/04\/657AFA90-7961-457C-BA4A-33DC1EE93836_1_105_c-300x200.jpeg 300w, https:\/\/www.greenvalley.pl\/wp-content\/uploads\/2021\/04\/657AFA90-7961-457C-BA4A-33DC1EE93836_1_105_c-768x512.jpeg 768w, https:\/\/www.greenvalley.pl\/wp-content\/uploads\/2021\/04\/657AFA90-7961-457C-BA4A-33DC1EE93836_1_105_c-600x400.jpeg 600w, https:\/\/www.greenvalley.pl\/wp-content\/uploads\/2021\/04\/657AFA90-7961-457C-BA4A-33DC1EE93836_1_105_c-64x43.jpeg 64w, https:\/\/www.greenvalley.pl\/wp-content\/uploads\/2021\/04\/657AFA90-7961-457C-BA4A-33DC1EE93836_1_105_c.jpeg 1086w\" sizes=\"(max-width: 1024px) 100vw, 1024px\" \/><\/p>","protected":false},"excerpt":{"rendered":"<p class=\"translation-block\">Wszystkie realizacj\u0119 wykonujemy na indywidualne zam\u00f3wienie. Klient mo\u017ce skonfigurowa\u0107 sw\u00f3j mebel wybieraj\u0105c wybarwienie drewna, stopie\u0144 po\u0142ysku, tkanin\u0119 oraz spos\u00f3b wyko\u0144czenia.<br>\r\nKa\u017cde zam\u00f3wienie jest inne dlatego, wycena przygotowywana jest precyzyjnie pod konkretne zapytanie.<\/p>","protected":false},"featured_media":1964,"comment_status":"open","ping_status":"closed","template":"","meta":{"site-sidebar-layout":"default","site-content-layout":"default","ast-site-content-layout":"","site-content-style":"default","site-sidebar-style":"default","ast-global-header-display":"","ast-banner-title-visibility":"","ast-main-header-display":"","ast-hfb-above-header-display":"","ast-hfb-below-header-display":"","ast-hfb-mobile-header-display":"","site-post-title":"","ast-breadcrumbs-content":"","ast-featured-img":"","footer-sml-layout":"","theme-transparent-header-meta":"default","adv-header-id-meta":"","stick-header-meta":"","header-above-stick-meta":"","header-main-stick-meta":"","header-below-stick-meta":"","astra-migrate-meta-layouts":"default","ast-page-background-enabled":"default","ast-page-background-meta":{"desktop":{"background-color":"","background-image":"","background-repeat":"repeat","background-position":"center center","background-size":"auto","background-attachment":"scroll","background-type":"","background-media":"","overlay-type":"","overlay-color":"","overlay-opacity":"","overlay-gradient":""},"tablet":{"background-color":"","background-image":"","background-repeat":"repeat","background-position":"center center","background-size":"auto","background-attachment":"scroll","background-type":"","background-media":"","overlay-type":"","overlay-color":"","overlay-opacity":"","overlay-gradient":""},"mobile":{"background-color":"","background-image":"","background-repeat":"repeat","background-position":"center center","background-size":"auto","background-attachment":"scroll","background-type":"","background-media":"","overlay-type":"","overlay-color":"","overlay-opacity":"","overlay-gradient":""}},"ast-content-background-meta":{"desktop":{"background-color":"var(--ast-global-color-5)","background-image":"","background-repeat":"repeat","background-position":"center center","background-size":"auto","background-attachment":"scroll","background-type":"","background-media":"","overlay-type":"","overlay-color":"","overlay-opacity":"","overlay-gradient":""},"tablet":{"background-color":"var(--ast-global-color-5)","background-image":"","background-repeat":"repeat","background-position":"center center","background-size":"auto","background-attachment":"scroll","background-type":"","background-media":"","overlay-type":"","overlay-color":"","overlay-opacity":"","overlay-gradient":""},"mobile":{"background-color":"var(--ast-global-color-5)","background-image":"","background-repeat":"repeat","background-position":"center center","background-size":"auto","background-attachment":"scroll","background-type":"","background-media":"","overlay-type":"","overlay-color":"","overlay-opacity":"","overlay-gradient":""}}},"product_brand":[],"product_cat":[34,68,52,59,116],"product_tag":[114,115,113,98],"class_list":{"0":"post-1960","1":"product","2":"type-product","3":"status-publish","4":"has-post-thumbnail","6":"product_cat-krzesla","7":"product_cat-gabinet","8":"product_cat-jadalnia","9":"product_cat-meble","10":"product_cat-styl-klasyczny","11":"product_tag-chair-traforata","12":"product_tag-krzeslo-14-k","13":"product_tag-krzeslo-traforata","14":"product_tag-krzeslo-z-podlokietnikami","15":"desktop-align-left","16":"tablet-align-left","17":"mobile-align-left","19":"first","20":"instock","21":"shipping-taxable","22":"product-type-simple"},"_links":{"self":[{"href":"https:\/\/www.greenvalley.pl\/en\/wp-json\/wp\/v2\/product\/1960","targetHints":{"allow":["GET"]}}],"collection":[{"href":"https:\/\/www.greenvalley.pl\/en\/wp-json\/wp\/v2\/product"}],"about":[{"href":"https:\/\/www.greenvalley.pl\/en\/wp-json\/wp\/v2\/types\/product"}],"replies":[{"embeddable":true,"href":"https:\/\/www.greenvalley.pl\/en\/wp-json\/wp\/v2\/comments?post=1960"}],"wp:featuredmedia":[{"embeddable":true,"href":"https:\/\/www.greenvalley.pl\/en\/wp-json\/wp\/v2\/media\/1964"}],"wp:attachment":[{"href":"https:\/\/www.greenvalley.pl\/en\/wp-json\/wp\/v2\/media?parent=1960"}],"wp:term":[{"taxonomy":"product_brand","embeddable":true,"href":"https:\/\/www.greenvalley.pl\/en\/wp-json\/wp\/v2\/product_brand?post=1960"},{"taxonomy":"product_cat","embeddable":true,"href":"https:\/\/www.greenvalley.pl\/en\/wp-json\/wp\/v2\/product_cat?post=1960"},{"taxonomy":"product_tag","embeddable":true,"href":"https:\/\/www.greenvalley.pl\/en\/wp-json\/wp\/v2\/product_tag?post=1960"}],"curies":[{"name":"wp","href":"https:\/\/api.w.org\/{rel}","templated":true}]}}