{"id":1915,"date":"2021-04-06T13:19:38","date_gmt":"2021-04-06T11:19:38","guid":{"rendered":"https:\/\/www.greenvalley.pl\/?post_type=product&#038;p=1915"},"modified":"2021-08-18T19:29:22","modified_gmt":"2021-08-18T17:29:22","slug":"stol-parigina","status":"publish","type":"product","link":"https:\/\/www.greenvalley.pl\/en\/product\/stol-parigina\/","title":{"rendered":"St\u00f3\u0142 Parigina"},"content":{"rendered":"<p><img fetchpriority=\"high\" decoding=\"async\" class=\"alignnone size-large wp-image-1916\" src=\"https:\/\/www.greenvalley.pl\/wp-content\/uploads\/2021\/04\/kompozycja3-1024x675.jpg\" alt=\"St\u00f3\u0142 owalny Parigina Ludwik XV\" width=\"1024\" height=\"675\" title=\"\" srcset=\"https:\/\/www.greenvalley.pl\/wp-content\/uploads\/2021\/04\/kompozycja3-1024x675.jpg 1024w, https:\/\/www.greenvalley.pl\/wp-content\/uploads\/2021\/04\/kompozycja3-300x198.jpg 300w, https:\/\/www.greenvalley.pl\/wp-content\/uploads\/2021\/04\/kompozycja3-768x506.jpg 768w, https:\/\/www.greenvalley.pl\/wp-content\/uploads\/2021\/04\/kompozycja3-1536x1013.jpg 1536w, https:\/\/www.greenvalley.pl\/wp-content\/uploads\/2021\/04\/kompozycja3-2048x1350.jpg 2048w, https:\/\/www.greenvalley.pl\/wp-content\/uploads\/2021\/04\/kompozycja3-600x396.jpg 600w, https:\/\/www.greenvalley.pl\/wp-content\/uploads\/2021\/04\/kompozycja3-64x42.jpg 64w\" sizes=\"(max-width: 1024px) 100vw, 1024px\" \/> <a href=\"\/en\/product\/stelaz-krzesla-z-podlokietnikami-1105-f-parigina\/\"><img decoding=\"async\" class=\"alignnone wp-image-1914 size-full\" src=\"https:\/\/www.greenvalley.pl\/wp-content\/uploads\/2021\/04\/1105_FR.png\" alt=\"Stela\u017c drewniany krzes\u0142a Parigina 1105\/FR z rafi\u0105 rattanow\u0105\" width=\"1000\" height=\"1000\" title=\"\" srcset=\"https:\/\/www.greenvalley.pl\/wp-content\/uploads\/2021\/04\/1105_FR.png 1000w, https:\/\/www.greenvalley.pl\/wp-content\/uploads\/2021\/04\/1105_FR-300x300.png 300w, https:\/\/www.greenvalley.pl\/wp-content\/uploads\/2021\/04\/1105_FR-150x150.png 150w, https:\/\/www.greenvalley.pl\/wp-content\/uploads\/2021\/04\/1105_FR-768x768.png 768w, https:\/\/www.greenvalley.pl\/wp-content\/uploads\/2021\/04\/1105_FR-350x350.png 350w, https:\/\/www.greenvalley.pl\/wp-content\/uploads\/2021\/04\/1105_FR-600x600.png 600w, https:\/\/www.greenvalley.pl\/wp-content\/uploads\/2021\/04\/1105_FR-100x100.png 100w, https:\/\/www.greenvalley.pl\/wp-content\/uploads\/2021\/04\/1105_FR-64x64.png 64w\" sizes=\"(max-width: 1000px) 100vw, 1000px\" \/><\/a> <a href=\"\/en\/product\/stelaz-krzesla-1105-kr-parigina\/\"><img decoding=\"async\" class=\"alignnone wp-image-1912 size-full\" src=\"https:\/\/www.greenvalley.pl\/wp-content\/uploads\/2021\/04\/1105_KR.png\" alt=\"Stela\u017c drewniany krzes\u0142a Parigina 1105\/KR z rafi\u0105 rattanow\u0105\" width=\"1000\" height=\"1000\" title=\"\" srcset=\"https:\/\/www.greenvalley.pl\/wp-content\/uploads\/2021\/04\/1105_KR.png 1000w, https:\/\/www.greenvalley.pl\/wp-content\/uploads\/2021\/04\/1105_KR-300x300.png 300w, https:\/\/www.greenvalley.pl\/wp-content\/uploads\/2021\/04\/1105_KR-150x150.png 150w, https:\/\/www.greenvalley.pl\/wp-content\/uploads\/2021\/04\/1105_KR-768x768.png 768w, https:\/\/www.greenvalley.pl\/wp-content\/uploads\/2021\/04\/1105_KR-350x350.png 350w, https:\/\/www.greenvalley.pl\/wp-content\/uploads\/2021\/04\/1105_KR-600x600.png 600w, https:\/\/www.greenvalley.pl\/wp-content\/uploads\/2021\/04\/1105_KR-100x100.png 100w, https:\/\/www.greenvalley.pl\/wp-content\/uploads\/2021\/04\/1105_KR-64x64.png 64w\" sizes=\"(max-width: 1000px) 100vw, 1000px\" \/><\/a><\/p>","protected":false},"excerpt":{"rendered":"<p><strong>Dost\u0119pne wymiary:<\/strong><br \/>\n&#8211; St\u00f3\u0142 Parigina okr\u0105g\u0142y \u00d8 120 cm nierozk\u0142adany<br \/>\n&#8211; St\u00f3\u0142 Parigina okr\u0105g\u0142y \u00d8 120 cm rozk\u0142adany z wk\u0142adk\u0105 +40cm<br \/>\n&#8211; St\u00f3\u0142 Parigina owalny 180 x 105 cm nierozk\u0142adany<br \/>\n&#8211; St\u00f3\u0142 Parigina owalny 180 x 105 cm rozk\u0142adany z wk\u0142adk\u0105 + 40cm<\/p>","protected":false},"featured_media":1916,"comment_status":"open","ping_status":"closed","template":"","meta":{"site-sidebar-layout":"default","site-content-layout":"default","ast-site-content-layout":"","site-content-style":"default","site-sidebar-style":"default","ast-global-header-display":"","ast-banner-title-visibility":"","ast-main-header-display":"","ast-hfb-above-header-display":"","ast-hfb-below-header-display":"","ast-hfb-mobile-header-display":"","site-post-title":"","ast-breadcrumbs-content":"","ast-featured-img":"","footer-sml-layout":"","theme-transparent-header-meta":"default","adv-header-id-meta":"","stick-header-meta":"","header-above-stick-meta":"","header-main-stick-meta":"","header-below-stick-meta":"","astra-migrate-meta-layouts":"default","ast-page-background-enabled":"default","ast-page-background-meta":{"desktop":{"background-color":"","background-image":"","background-repeat":"repeat","background-position":"center center","background-size":"auto","background-attachment":"scroll","background-type":"","background-media":"","overlay-type":"","overlay-color":"","overlay-opacity":"","overlay-gradient":""},"tablet":{"background-color":"","background-image":"","background-repeat":"repeat","background-position":"center center","background-size":"auto","background-attachment":"scroll","background-type":"","background-media":"","overlay-type":"","overlay-color":"","overlay-opacity":"","overlay-gradient":""},"mobile":{"background-color":"","background-image":"","background-repeat":"repeat","background-position":"center center","background-size":"auto","background-attachment":"scroll","background-type":"","background-media":"","overlay-type":"","overlay-color":"","overlay-opacity":"","overlay-gradient":""}},"ast-content-background-meta":{"desktop":{"background-color":"var(--ast-global-color-5)","background-image":"","background-repeat":"repeat","background-position":"center center","background-size":"auto","background-attachment":"scroll","background-type":"","background-media":"","overlay-type":"","overlay-color":"","overlay-opacity":"","overlay-gradient":""},"tablet":{"background-color":"var(--ast-global-color-5)","background-image":"","background-repeat":"repeat","background-position":"center center","background-size":"auto","background-attachment":"scroll","background-type":"","background-media":"","overlay-type":"","overlay-color":"","overlay-opacity":"","overlay-gradient":""},"mobile":{"background-color":"var(--ast-global-color-5)","background-image":"","background-repeat":"repeat","background-position":"center center","background-size":"auto","background-attachment":"scroll","background-type":"","background-media":"","overlay-type":"","overlay-color":"","overlay-opacity":"","overlay-gradient":""}}},"product_brand":[],"product_cat":[72],"product_tag":[111,75],"class_list":{"0":"post-1915","1":"product","2":"type-product","3":"status-publish","4":"has-post-thumbnail","6":"product_cat-stelaze-drewniane","7":"product_tag-stol-180x105","8":"product_tag-stol-parigina","9":"desktop-align-left","10":"tablet-align-left","11":"mobile-align-left","13":"first","14":"instock","15":"shipping-taxable","16":"product-type-simple"},"_links":{"self":[{"href":"https:\/\/www.greenvalley.pl\/en\/wp-json\/wp\/v2\/product\/1915","targetHints":{"allow":["GET"]}}],"collection":[{"href":"https:\/\/www.greenvalley.pl\/en\/wp-json\/wp\/v2\/product"}],"about":[{"href":"https:\/\/www.greenvalley.pl\/en\/wp-json\/wp\/v2\/types\/product"}],"replies":[{"embeddable":true,"href":"https:\/\/www.greenvalley.pl\/en\/wp-json\/wp\/v2\/comments?post=1915"}],"wp:featuredmedia":[{"embeddable":true,"href":"https:\/\/www.greenvalley.pl\/en\/wp-json\/wp\/v2\/media\/1916"}],"wp:attachment":[{"href":"https:\/\/www.greenvalley.pl\/en\/wp-json\/wp\/v2\/media?parent=1915"}],"wp:term":[{"taxonomy":"product_brand","embeddable":true,"href":"https:\/\/www.greenvalley.pl\/en\/wp-json\/wp\/v2\/product_brand?post=1915"},{"taxonomy":"product_cat","embeddable":true,"href":"https:\/\/www.greenvalley.pl\/en\/wp-json\/wp\/v2\/product_cat?post=1915"},{"taxonomy":"product_tag","embeddable":true,"href":"https:\/\/www.greenvalley.pl\/en\/wp-json\/wp\/v2\/product_tag?post=1915"}],"curies":[{"name":"wp","href":"https:\/\/api.w.org\/{rel}","templated":true}]}}