{"id":1432,"date":"2022-03-29T11:40:48","date_gmt":"2022-03-29T09:40:48","guid":{"rendered":"https:\/\/www.greenvalley.pl\/?post_type=product&#038;p=1432"},"modified":"2025-05-14T12:17:54","modified_gmt":"2025-05-14T10:17:54","slug":"hoker-karab","status":"publish","type":"product","link":"https:\/\/www.greenvalley.pl\/en\/product\/hoker-karab\/","title":{"rendered":"Karab stool"},"content":{"rendered":"<p class=\"translation-block\">Wszystkie realizacj\u0119 wykonujemy na indywidualne zam\u00f3wienie. Klient mo\u017ce skonfigurowa\u0107 sw\u00f3j mebel wybieraj\u0105c wybarwienie drewna, stopie\u0144 po\u0142ysku, tkanin\u0119 oraz spos\u00f3b wyko\u0144czenia.<br>\r\nKa\u017cde zam\u00f3wienie jest inne dlatego, wycena przygotowywana jest precyzyjnie pod konkretne zapytanie.<\/p>\n<h2>Hoker Karab znany jako <a title=\"Krzes\u0142o Astra\" href=\"https:\/\/www.greenvalley.pl\/en\/tag\/hoker-astra\/\">Hoker Astra<\/a><\/h2>\n<p><img fetchpriority=\"high\" decoding=\"async\" class=\"alignnone size-full wp-image-1433\" src=\"https:\/\/www.greenvalley.pl\/wp-content\/uploads\/2021\/03\/hoker-karab.jpeg\" alt=\"Hoker kuchenny Karab\" width=\"1000\" height=\"1000\" title=\"\" srcset=\"https:\/\/www.greenvalley.pl\/wp-content\/uploads\/2021\/03\/hoker-karab.jpeg 1000w, https:\/\/www.greenvalley.pl\/wp-content\/uploads\/2021\/03\/hoker-karab-350x350.jpeg 350w, https:\/\/www.greenvalley.pl\/wp-content\/uploads\/2021\/03\/hoker-karab-100x100.jpeg 100w, https:\/\/www.greenvalley.pl\/wp-content\/uploads\/2021\/03\/hoker-karab-600x600.jpeg 600w, https:\/\/www.greenvalley.pl\/wp-content\/uploads\/2021\/03\/hoker-karab-300x300.jpeg 300w, https:\/\/www.greenvalley.pl\/wp-content\/uploads\/2021\/03\/hoker-karab-150x150.jpeg 150w, https:\/\/www.greenvalley.pl\/wp-content\/uploads\/2021\/03\/hoker-karab-768x768.jpeg 768w, https:\/\/www.greenvalley.pl\/wp-content\/uploads\/2021\/03\/hoker-karab-75x75.jpeg 75w, https:\/\/www.greenvalley.pl\/wp-content\/uploads\/2021\/03\/hoker-karab-64x64.jpeg 64w\" sizes=\"(max-width: 1000px) 100vw, 1000px\" \/> <img decoding=\"async\" class=\"alignnone size-large wp-image-1430\" src=\"https:\/\/www.greenvalley.pl\/wp-content\/uploads\/2021\/03\/krzeslo-karab6-1024x1024.png\" alt=\"W\u0142oskie krzes\u0142o karab z uchwytem\" width=\"1024\" height=\"1024\" title=\"\" srcset=\"https:\/\/www.greenvalley.pl\/wp-content\/uploads\/2021\/03\/krzeslo-karab6-1024x1024.png 1024w, https:\/\/www.greenvalley.pl\/wp-content\/uploads\/2021\/03\/krzeslo-karab6-350x350.png 350w, https:\/\/www.greenvalley.pl\/wp-content\/uploads\/2021\/03\/krzeslo-karab6-100x100.png 100w, https:\/\/www.greenvalley.pl\/wp-content\/uploads\/2021\/03\/krzeslo-karab6-600x600.png 600w, https:\/\/www.greenvalley.pl\/wp-content\/uploads\/2021\/03\/krzeslo-karab6-64x64.png 64w, https:\/\/www.greenvalley.pl\/wp-content\/uploads\/2021\/03\/krzeslo-karab6-300x300.png 300w, https:\/\/www.greenvalley.pl\/wp-content\/uploads\/2021\/03\/krzeslo-karab6-150x150.png 150w, https:\/\/www.greenvalley.pl\/wp-content\/uploads\/2021\/03\/krzeslo-karab6-768x768.png 768w, https:\/\/www.greenvalley.pl\/wp-content\/uploads\/2021\/03\/krzeslo-karab6-75x75.png 75w, https:\/\/www.greenvalley.pl\/wp-content\/uploads\/2021\/03\/krzeslo-karab6.png 1500w\" sizes=\"(max-width: 1024px) 100vw, 1024px\" \/><\/p>","protected":false},"excerpt":{"rendered":"<p class=\"p1\">L. 51 P. 55 H. 115 &#8211; HS. 76<\/p>","protected":false},"featured_media":1433,"comment_status":"open","ping_status":"closed","template":"","meta":{"site-sidebar-layout":"default","site-content-layout":"default","ast-site-content-layout":"","site-content-style":"default","site-sidebar-style":"default","ast-global-header-display":"","ast-banner-title-visibility":"","ast-main-header-display":"","ast-hfb-above-header-display":"","ast-hfb-below-header-display":"","ast-hfb-mobile-header-display":"","site-post-title":"","ast-breadcrumbs-content":"","ast-featured-img":"","footer-sml-layout":"","theme-transparent-header-meta":"default","adv-header-id-meta":"","stick-header-meta":"","header-above-stick-meta":"","header-main-stick-meta":"","header-below-stick-meta":"","astra-migrate-meta-layouts":"default","ast-page-background-enabled":"default","ast-page-background-meta":{"desktop":{"background-color":"","background-image":"","background-repeat":"repeat","background-position":"center center","background-size":"auto","background-attachment":"scroll","background-type":"","background-media":"","overlay-type":"","overlay-color":"","overlay-opacity":"","overlay-gradient":""},"tablet":{"background-color":"","background-image":"","background-repeat":"repeat","background-position":"center center","background-size":"auto","background-attachment":"scroll","background-type":"","background-media":"","overlay-type":"","overlay-color":"","overlay-opacity":"","overlay-gradient":""},"mobile":{"background-color":"","background-image":"","background-repeat":"repeat","background-position":"center center","background-size":"auto","background-attachment":"scroll","background-type":"","background-media":"","overlay-type":"","overlay-color":"","overlay-opacity":"","overlay-gradient":""}},"ast-content-background-meta":{"desktop":{"background-color":"var(--ast-global-color-5)","background-image":"","background-repeat":"repeat","background-position":"center center","background-size":"auto","background-attachment":"scroll","background-type":"","background-media":"","overlay-type":"","overlay-color":"","overlay-opacity":"","overlay-gradient":""},"tablet":{"background-color":"var(--ast-global-color-5)","background-image":"","background-repeat":"repeat","background-position":"center center","background-size":"auto","background-attachment":"scroll","background-type":"","background-media":"","overlay-type":"","overlay-color":"","overlay-opacity":"","overlay-gradient":""},"mobile":{"background-color":"var(--ast-global-color-5)","background-image":"","background-repeat":"repeat","background-position":"center center","background-size":"auto","background-attachment":"scroll","background-type":"","background-media":"","overlay-type":"","overlay-color":"","overlay-opacity":"","overlay-gradient":""}}},"product_brand":[],"product_cat":[61,62,59,51,56,54,53],"product_tag":[145,79,80],"class_list":{"0":"post-1432","1":"product","2":"type-product","3":"status-publish","4":"has-post-thumbnail","6":"product_cat-hokery","7":"product_cat-kuchnia","8":"product_cat-meble","9":"product_cat-pomieszczenia","10":"product_cat-styl-glamour","11":"product_cat-styl-nowojorski","12":"product_cat-wnetrza-w-stylu","13":"product_tag-hoker-astra","14":"product_tag-hoker-karab","15":"product_tag-hoker-z-uchwytem","16":"desktop-align-left","17":"tablet-align-left","18":"mobile-align-left","20":"first","21":"instock","22":"shipping-taxable","23":"product-type-simple"},"_links":{"self":[{"href":"https:\/\/www.greenvalley.pl\/en\/wp-json\/wp\/v2\/product\/1432","targetHints":{"allow":["GET"]}}],"collection":[{"href":"https:\/\/www.greenvalley.pl\/en\/wp-json\/wp\/v2\/product"}],"about":[{"href":"https:\/\/www.greenvalley.pl\/en\/wp-json\/wp\/v2\/types\/product"}],"replies":[{"embeddable":true,"href":"https:\/\/www.greenvalley.pl\/en\/wp-json\/wp\/v2\/comments?post=1432"}],"wp:featuredmedia":[{"embeddable":true,"href":"https:\/\/www.greenvalley.pl\/en\/wp-json\/wp\/v2\/media\/1433"}],"wp:attachment":[{"href":"https:\/\/www.greenvalley.pl\/en\/wp-json\/wp\/v2\/media?parent=1432"}],"wp:term":[{"taxonomy":"product_brand","embeddable":true,"href":"https:\/\/www.greenvalley.pl\/en\/wp-json\/wp\/v2\/product_brand?post=1432"},{"taxonomy":"product_cat","embeddable":true,"href":"https:\/\/www.greenvalley.pl\/en\/wp-json\/wp\/v2\/product_cat?post=1432"},{"taxonomy":"product_tag","embeddable":true,"href":"https:\/\/www.greenvalley.pl\/en\/wp-json\/wp\/v2\/product_tag?post=1432"}],"curies":[{"name":"wp","href":"https:\/\/api.w.org\/{rel}","templated":true}]}}