{"id":1428,"date":"2022-03-29T11:33:15","date_gmt":"2022-03-29T09:33:15","guid":{"rendered":"https:\/\/www.greenvalley.pl\/?post_type=product&#038;p=1428"},"modified":"2025-05-14T12:17:49","modified_gmt":"2025-05-14T10:17:49","slug":"krzeslo-karab","status":"publish","type":"product","link":"https:\/\/www.greenvalley.pl\/en\/product\/krzeslo-karab\/","title":{"rendered":"Karab chair"},"content":{"rendered":"<p>Stylowe krzes\u0142o<strong> Karab<br \/>\n<\/strong><\/p>\n<p class=\"translation-block\">Wszystkie realizacj\u0119 wykonujemy na indywidualne zam\u00f3wienie. Klient mo\u017ce skonfigurowa\u0107 sw\u00f3j mebel wybieraj\u0105c wybarwienie drewna, stopie\u0144 po\u0142ysku, tkanin\u0119 oraz spos\u00f3b wyko\u0144czenia.<br>\r\nKa\u017cde zam\u00f3wienie jest inne dlatego, wycena przygotowywana jest precyzyjnie pod konkretne zapytanie.<\/p>\n<p><img fetchpriority=\"high\" decoding=\"async\" class=\"alignnone size-large wp-image-1429\" src=\"https:\/\/www.greenvalley.pl\/wp-content\/uploads\/2021\/03\/krzeslo-karab-tapicerowane4-1024x1024.png\" alt=\"W\u0142oskie krzes\u0142o karab\" width=\"1024\" height=\"1024\" title=\"\" srcset=\"https:\/\/www.greenvalley.pl\/wp-content\/uploads\/2021\/03\/krzeslo-karab-tapicerowane4-1024x1024.png 1024w, https:\/\/www.greenvalley.pl\/wp-content\/uploads\/2021\/03\/krzeslo-karab-tapicerowane4-350x350.png 350w, https:\/\/www.greenvalley.pl\/wp-content\/uploads\/2021\/03\/krzeslo-karab-tapicerowane4-100x100.png 100w, https:\/\/www.greenvalley.pl\/wp-content\/uploads\/2021\/03\/krzeslo-karab-tapicerowane4-600x600.png 600w, https:\/\/www.greenvalley.pl\/wp-content\/uploads\/2021\/03\/krzeslo-karab-tapicerowane4-64x64.png 64w, https:\/\/www.greenvalley.pl\/wp-content\/uploads\/2021\/03\/krzeslo-karab-tapicerowane4-300x300.png 300w, https:\/\/www.greenvalley.pl\/wp-content\/uploads\/2021\/03\/krzeslo-karab-tapicerowane4-150x150.png 150w, https:\/\/www.greenvalley.pl\/wp-content\/uploads\/2021\/03\/krzeslo-karab-tapicerowane4-768x768.png 768w, https:\/\/www.greenvalley.pl\/wp-content\/uploads\/2021\/03\/krzeslo-karab-tapicerowane4-75x75.png 75w, https:\/\/www.greenvalley.pl\/wp-content\/uploads\/2021\/03\/krzeslo-karab-tapicerowane4.png 1500w\" sizes=\"(max-width: 1024px) 100vw, 1024px\" \/> <img decoding=\"async\" class=\"alignnone size-large wp-image-1430\" src=\"https:\/\/www.greenvalley.pl\/wp-content\/uploads\/2021\/03\/krzeslo-karab6-1024x1024.png\" alt=\"W\u0142oskie krzes\u0142o karab z uchwytem\" width=\"1024\" height=\"1024\" title=\"\" srcset=\"https:\/\/www.greenvalley.pl\/wp-content\/uploads\/2021\/03\/krzeslo-karab6-1024x1024.png 1024w, https:\/\/www.greenvalley.pl\/wp-content\/uploads\/2021\/03\/krzeslo-karab6-350x350.png 350w, https:\/\/www.greenvalley.pl\/wp-content\/uploads\/2021\/03\/krzeslo-karab6-100x100.png 100w, https:\/\/www.greenvalley.pl\/wp-content\/uploads\/2021\/03\/krzeslo-karab6-600x600.png 600w, https:\/\/www.greenvalley.pl\/wp-content\/uploads\/2021\/03\/krzeslo-karab6-64x64.png 64w, https:\/\/www.greenvalley.pl\/wp-content\/uploads\/2021\/03\/krzeslo-karab6-300x300.png 300w, https:\/\/www.greenvalley.pl\/wp-content\/uploads\/2021\/03\/krzeslo-karab6-150x150.png 150w, https:\/\/www.greenvalley.pl\/wp-content\/uploads\/2021\/03\/krzeslo-karab6-768x768.png 768w, https:\/\/www.greenvalley.pl\/wp-content\/uploads\/2021\/03\/krzeslo-karab6-75x75.png 75w, https:\/\/www.greenvalley.pl\/wp-content\/uploads\/2021\/03\/krzeslo-karab6.png 1500w\" sizes=\"(max-width: 1024px) 100vw, 1024px\" \/> <img decoding=\"async\" class=\"alignnone size-large wp-image-1431\" src=\"https:\/\/www.greenvalley.pl\/wp-content\/uploads\/2021\/03\/krzeslo-karab-1024x1024.png\" alt=\"Krzes\u0142o Karab z uchwytem\" width=\"1024\" height=\"1024\" title=\"\" srcset=\"https:\/\/www.greenvalley.pl\/wp-content\/uploads\/2021\/03\/krzeslo-karab-1024x1024.png 1024w, https:\/\/www.greenvalley.pl\/wp-content\/uploads\/2021\/03\/krzeslo-karab-350x350.png 350w, https:\/\/www.greenvalley.pl\/wp-content\/uploads\/2021\/03\/krzeslo-karab-100x100.png 100w, https:\/\/www.greenvalley.pl\/wp-content\/uploads\/2021\/03\/krzeslo-karab-600x600.png 600w, https:\/\/www.greenvalley.pl\/wp-content\/uploads\/2021\/03\/krzeslo-karab-64x64.png 64w, https:\/\/www.greenvalley.pl\/wp-content\/uploads\/2021\/03\/krzeslo-karab-300x300.png 300w, https:\/\/www.greenvalley.pl\/wp-content\/uploads\/2021\/03\/krzeslo-karab-150x150.png 150w, https:\/\/www.greenvalley.pl\/wp-content\/uploads\/2021\/03\/krzeslo-karab-768x768.png 768w, https:\/\/www.greenvalley.pl\/wp-content\/uploads\/2021\/03\/krzeslo-karab-75x75.png 75w, https:\/\/www.greenvalley.pl\/wp-content\/uploads\/2021\/03\/krzeslo-karab.png 1500w\" sizes=\"(max-width: 1024px) 100vw, 1024px\" \/><\/p>\n<div class=\"krzeslo-karab\">\n<h3>Krzes\u0142o Karab znane jako <a title=\"Krzes\u0142o Astra\" href=\"https:\/\/www.greenvalley.pl\/en\/tag\/krzeslo-astra\/\">Krzes\u0142o Astra<\/a><\/h3>\n<\/div>","protected":false},"excerpt":{"rendered":"<p class=\"p1\">L. 58 P. 69 H. 104 &#8211; HS. 49<\/p>","protected":false},"featured_media":1429,"comment_status":"open","ping_status":"closed","template":"","meta":{"site-sidebar-layout":"right-sidebar","site-content-layout":"default","ast-site-content-layout":"default","site-content-style":"default","site-sidebar-style":"default","ast-global-header-display":"","ast-banner-title-visibility":"","ast-main-header-display":"","ast-hfb-above-header-display":"","ast-hfb-below-header-display":"","ast-hfb-mobile-header-display":"","site-post-title":"","ast-breadcrumbs-content":"","ast-featured-img":"","footer-sml-layout":"","theme-transparent-header-meta":"default","adv-header-id-meta":"","stick-header-meta":"","header-above-stick-meta":"","header-main-stick-meta":"","header-below-stick-meta":"","astra-migrate-meta-layouts":"set","ast-page-background-enabled":"default","ast-page-background-meta":{"desktop":{"background-color":"","background-image":"","background-repeat":"repeat","background-position":"center center","background-size":"auto","background-attachment":"scroll","background-type":"","background-media":"","overlay-type":"","overlay-color":"","overlay-opacity":"","overlay-gradient":""},"tablet":{"background-color":"","background-image":"","background-repeat":"repeat","background-position":"center center","background-size":"auto","background-attachment":"scroll","background-type":"","background-media":"","overlay-type":"","overlay-color":"","overlay-opacity":"","overlay-gradient":""},"mobile":{"background-color":"","background-image":"","background-repeat":"repeat","background-position":"center center","background-size":"auto","background-attachment":"scroll","background-type":"","background-media":"","overlay-type":"","overlay-color":"","overlay-opacity":"","overlay-gradient":""}},"ast-content-background-meta":{"desktop":{"background-color":"var(--ast-global-color-5)","background-image":"","background-repeat":"repeat","background-position":"center center","background-size":"auto","background-attachment":"scroll","background-type":"","background-media":"","overlay-type":"","overlay-color":"","overlay-opacity":"","overlay-gradient":""},"tablet":{"background-color":"var(--ast-global-color-5)","background-image":"","background-repeat":"repeat","background-position":"center center","background-size":"auto","background-attachment":"scroll","background-type":"","background-media":"","overlay-type":"","overlay-color":"","overlay-opacity":"","overlay-gradient":""},"mobile":{"background-color":"var(--ast-global-color-5)","background-image":"","background-repeat":"repeat","background-position":"center center","background-size":"auto","background-attachment":"scroll","background-type":"","background-media":"","overlay-type":"","overlay-color":"","overlay-opacity":"","overlay-gradient":""}}},"product_brand":[],"product_cat":[34,52,59,51,56,54],"product_tag":[144,76,77,78],"class_list":{"0":"post-1428","1":"product","2":"type-product","3":"status-publish","4":"has-post-thumbnail","6":"product_cat-krzesla","7":"product_cat-jadalnia","8":"product_cat-meble","9":"product_cat-pomieszczenia","10":"product_cat-styl-glamour","11":"product_cat-styl-nowojorski","12":"product_tag-krzeslo-astra","13":"product_tag-krzeslo-karab","14":"product_tag-krzeslo-z-uchwytem","15":"product_tag-wloskie-krzeslo","16":"desktop-align-left","17":"tablet-align-left","18":"mobile-align-left","20":"first","21":"instock","22":"shipping-taxable","23":"product-type-simple"},"_links":{"self":[{"href":"https:\/\/www.greenvalley.pl\/en\/wp-json\/wp\/v2\/product\/1428","targetHints":{"allow":["GET"]}}],"collection":[{"href":"https:\/\/www.greenvalley.pl\/en\/wp-json\/wp\/v2\/product"}],"about":[{"href":"https:\/\/www.greenvalley.pl\/en\/wp-json\/wp\/v2\/types\/product"}],"replies":[{"embeddable":true,"href":"https:\/\/www.greenvalley.pl\/en\/wp-json\/wp\/v2\/comments?post=1428"}],"wp:featuredmedia":[{"embeddable":true,"href":"https:\/\/www.greenvalley.pl\/en\/wp-json\/wp\/v2\/media\/1429"}],"wp:attachment":[{"href":"https:\/\/www.greenvalley.pl\/en\/wp-json\/wp\/v2\/media?parent=1428"}],"wp:term":[{"taxonomy":"product_brand","embeddable":true,"href":"https:\/\/www.greenvalley.pl\/en\/wp-json\/wp\/v2\/product_brand?post=1428"},{"taxonomy":"product_cat","embeddable":true,"href":"https:\/\/www.greenvalley.pl\/en\/wp-json\/wp\/v2\/product_cat?post=1428"},{"taxonomy":"product_tag","embeddable":true,"href":"https:\/\/www.greenvalley.pl\/en\/wp-json\/wp\/v2\/product_tag?post=1428"}],"curies":[{"name":"wp","href":"https:\/\/api.w.org\/{rel}","templated":true}]}}