{"id":1391,"date":"2021-03-18T10:10:22","date_gmt":"2021-03-18T09:10:22","guid":{"rendered":"https:\/\/www.greenvalley.pl\/?post_type=product&#038;p=1391"},"modified":"2021-05-25T13:21:32","modified_gmt":"2021-05-25T11:21:32","slug":"fotel-gabinetowy-tulipano","status":"publish","type":"product","link":"https:\/\/www.greenvalley.pl\/en\/product\/fotel-gabinetowy-tulipano\/","title":{"rendered":"Tulipano swivel armchair"},"content":{"rendered":"<p class=\"translation-block\">Wszystkie realizacj\u0119 wykonujemy na indywidualne zam\u00f3wienie. Klient mo\u017ce skonfigurowa\u0107 sw\u00f3j mebel wybieraj\u0105c wybarwienie drewna, stopie\u0144 po\u0142ysku, tkanin\u0119 oraz spos\u00f3b wyko\u0144czenia.<br>\r\nKa\u017cde zam\u00f3wienie jest inne dlatego, wycena przygotowywana jest precyzyjnie pod konkretne zapytanie.<\/p>\n<p><img fetchpriority=\"high\" decoding=\"async\" class=\"alignnone size-large wp-image-1394\" src=\"https:\/\/www.greenvalley.pl\/wp-content\/uploads\/2021\/03\/fotel-obrotowy-tulipano-1000x1024.jpg\" alt=\"Fotel obrotowy Tulipano - Fotel gabinetowy\" width=\"1000\" height=\"1024\" title=\"\" srcset=\"https:\/\/www.greenvalley.pl\/wp-content\/uploads\/2021\/03\/fotel-obrotowy-tulipano-1000x1024.jpg 1000w, https:\/\/www.greenvalley.pl\/wp-content\/uploads\/2021\/03\/fotel-obrotowy-tulipano-600x614.jpg 600w, https:\/\/www.greenvalley.pl\/wp-content\/uploads\/2021\/03\/fotel-obrotowy-tulipano-64x66.jpg 64w, https:\/\/www.greenvalley.pl\/wp-content\/uploads\/2021\/03\/fotel-obrotowy-tulipano-293x300.jpg 293w, https:\/\/www.greenvalley.pl\/wp-content\/uploads\/2021\/03\/fotel-obrotowy-tulipano-768x786.jpg 768w, https:\/\/www.greenvalley.pl\/wp-content\/uploads\/2021\/03\/fotel-obrotowy-tulipano.jpg 1085w\" sizes=\"(max-width: 1000px) 100vw, 1000px\" \/><\/p>\n<p><img decoding=\"async\" class=\"alignnone size-full wp-image-1397\" src=\"https:\/\/www.greenvalley.pl\/wp-content\/uploads\/2021\/03\/Projekt-bez-tytulu-1.png\" alt=\"Hoker Tulipano z drewnian\u0105 podstaw\u0105\" width=\"1000\" height=\"1000\" title=\"\" srcset=\"https:\/\/www.greenvalley.pl\/wp-content\/uploads\/2021\/03\/Projekt-bez-tytulu-1.png 1000w, https:\/\/www.greenvalley.pl\/wp-content\/uploads\/2021\/03\/Projekt-bez-tytulu-1-350x350.png 350w, https:\/\/www.greenvalley.pl\/wp-content\/uploads\/2021\/03\/Projekt-bez-tytulu-1-100x100.png 100w, https:\/\/www.greenvalley.pl\/wp-content\/uploads\/2021\/03\/Projekt-bez-tytulu-1-600x600.png 600w, https:\/\/www.greenvalley.pl\/wp-content\/uploads\/2021\/03\/Projekt-bez-tytulu-1-64x64.png 64w, https:\/\/www.greenvalley.pl\/wp-content\/uploads\/2021\/03\/Projekt-bez-tytulu-1-300x300.png 300w, https:\/\/www.greenvalley.pl\/wp-content\/uploads\/2021\/03\/Projekt-bez-tytulu-1-150x150.png 150w, https:\/\/www.greenvalley.pl\/wp-content\/uploads\/2021\/03\/Projekt-bez-tytulu-1-768x768.png 768w, https:\/\/www.greenvalley.pl\/wp-content\/uploads\/2021\/03\/Projekt-bez-tytulu-1-75x75.png 75w\" sizes=\"(max-width: 1000px) 100vw, 1000px\" \/><\/p>","protected":false},"excerpt":{"rendered":"<p>Dost\u0119pny w wersji z nog\u0105 drewnian\u0105 lub metalow\u0105.<\/p>","protected":false},"featured_media":1394,"comment_status":"open","ping_status":"closed","template":"","meta":{"site-sidebar-layout":"default","site-content-layout":"default","ast-site-content-layout":"","site-content-style":"default","site-sidebar-style":"default","ast-global-header-display":"","ast-banner-title-visibility":"","ast-main-header-display":"","ast-hfb-above-header-display":"","ast-hfb-below-header-display":"","ast-hfb-mobile-header-display":"","site-post-title":"","ast-breadcrumbs-content":"","ast-featured-img":"","footer-sml-layout":"","theme-transparent-header-meta":"default","adv-header-id-meta":"","stick-header-meta":"","header-above-stick-meta":"","header-main-stick-meta":"","header-below-stick-meta":"","astra-migrate-meta-layouts":"default","ast-page-background-enabled":"default","ast-page-background-meta":{"desktop":{"background-color":"","background-image":"","background-repeat":"repeat","background-position":"center center","background-size":"auto","background-attachment":"scroll","background-type":"","background-media":"","overlay-type":"","overlay-color":"","overlay-opacity":"","overlay-gradient":""},"tablet":{"background-color":"","background-image":"","background-repeat":"repeat","background-position":"center center","background-size":"auto","background-attachment":"scroll","background-type":"","background-media":"","overlay-type":"","overlay-color":"","overlay-opacity":"","overlay-gradient":""},"mobile":{"background-color":"","background-image":"","background-repeat":"repeat","background-position":"center center","background-size":"auto","background-attachment":"scroll","background-type":"","background-media":"","overlay-type":"","overlay-color":"","overlay-opacity":"","overlay-gradient":""}},"ast-content-background-meta":{"desktop":{"background-color":"var(--ast-global-color-5)","background-image":"","background-repeat":"repeat","background-position":"center center","background-size":"auto","background-attachment":"scroll","background-type":"","background-media":"","overlay-type":"","overlay-color":"","overlay-opacity":"","overlay-gradient":""},"tablet":{"background-color":"var(--ast-global-color-5)","background-image":"","background-repeat":"repeat","background-position":"center center","background-size":"auto","background-attachment":"scroll","background-type":"","background-media":"","overlay-type":"","overlay-color":"","overlay-opacity":"","overlay-gradient":""},"mobile":{"background-color":"var(--ast-global-color-5)","background-image":"","background-repeat":"repeat","background-position":"center center","background-size":"auto","background-attachment":"scroll","background-type":"","background-media":"","overlay-type":"","overlay-color":"","overlay-opacity":"","overlay-gradient":""}}},"product_brand":[],"product_cat":[67,68,56,54],"product_tag":[70,71,69],"class_list":{"0":"post-1391","1":"product","2":"type-product","3":"status-publish","4":"has-post-thumbnail","6":"product_cat-fotele-obrotowe","7":"product_cat-gabinet","8":"product_cat-styl-glamour","9":"product_cat-styl-nowojorski","10":"product_tag-fotel-gabinetowy-tulipano","11":"product_tag-fotel-obrotowy","12":"product_tag-fotel-obrotowy-tulipano","13":"desktop-align-left","14":"tablet-align-left","15":"mobile-align-left","17":"first","18":"instock","19":"shipping-taxable","20":"product-type-simple"},"_links":{"self":[{"href":"https:\/\/www.greenvalley.pl\/en\/wp-json\/wp\/v2\/product\/1391","targetHints":{"allow":["GET"]}}],"collection":[{"href":"https:\/\/www.greenvalley.pl\/en\/wp-json\/wp\/v2\/product"}],"about":[{"href":"https:\/\/www.greenvalley.pl\/en\/wp-json\/wp\/v2\/types\/product"}],"replies":[{"embeddable":true,"href":"https:\/\/www.greenvalley.pl\/en\/wp-json\/wp\/v2\/comments?post=1391"}],"wp:featuredmedia":[{"embeddable":true,"href":"https:\/\/www.greenvalley.pl\/en\/wp-json\/wp\/v2\/media\/1394"}],"wp:attachment":[{"href":"https:\/\/www.greenvalley.pl\/en\/wp-json\/wp\/v2\/media?parent=1391"}],"wp:term":[{"taxonomy":"product_brand","embeddable":true,"href":"https:\/\/www.greenvalley.pl\/en\/wp-json\/wp\/v2\/product_brand?post=1391"},{"taxonomy":"product_cat","embeddable":true,"href":"https:\/\/www.greenvalley.pl\/en\/wp-json\/wp\/v2\/product_cat?post=1391"},{"taxonomy":"product_tag","embeddable":true,"href":"https:\/\/www.greenvalley.pl\/en\/wp-json\/wp\/v2\/product_tag?post=1391"}],"curies":[{"name":"wp","href":"https:\/\/api.w.org\/{rel}","templated":true}]}}