{"id":1258,"date":"2022-03-17T11:22:27","date_gmt":"2022-03-17T10:22:27","guid":{"rendered":"https:\/\/www.greenvalley.pl\/?post_type=product&#038;p=1258"},"modified":"2025-05-14T12:17:33","modified_gmt":"2025-05-14T10:17:33","slug":"krzeslo-tulipano","status":"publish","type":"product","link":"https:\/\/www.greenvalley.pl\/en\/product\/krzeslo-tulipano\/","title":{"rendered":"Tulipano chair"},"content":{"rendered":"<p>Stylowe krzes\u0142o tapicerowane wykonane z <strong>drewna bukowego<\/strong>.<br \/>\nModel: Krzes\u0142o Tulipano<\/p>\n<p class=\"translation-block\">Wszystkie realizacj\u0119 wykonujemy na indywidualne zam\u00f3wienie. Klient mo\u017ce skonfigurowa\u0107 sw\u00f3j mebel wybieraj\u0105c wybarwienie drewna, stopie\u0144 po\u0142ysku, tkanin\u0119 oraz spos\u00f3b wyko\u0144czenia.<br>\r\nKa\u017cde zam\u00f3wienie jest inne dlatego, wycena przygotowywana jest precyzyjnie pod konkretne zapytanie.<\/p>\n<p><img fetchpriority=\"high\" decoding=\"async\" class=\"alignnone size-large wp-image-1260\" src=\"https:\/\/www.greenvalley.pl\/wp-content\/uploads\/2021\/03\/Zrzut-ekranu-2020-12-06-o-21.03.52-923x1024.png\" alt=\"Krzes\u0142o Tulipano Fotel Ze \u015alimakiem Tulipano\" width=\"923\" height=\"1024\" title=\"\" srcset=\"https:\/\/www.greenvalley.pl\/wp-content\/uploads\/2021\/03\/Zrzut-ekranu-2020-12-06-o-21.03.52-923x1024.png 923w, https:\/\/www.greenvalley.pl\/wp-content\/uploads\/2021\/03\/Zrzut-ekranu-2020-12-06-o-21.03.52-600x666.png 600w, https:\/\/www.greenvalley.pl\/wp-content\/uploads\/2021\/03\/Zrzut-ekranu-2020-12-06-o-21.03.52-64x71.png 64w, https:\/\/www.greenvalley.pl\/wp-content\/uploads\/2021\/03\/Zrzut-ekranu-2020-12-06-o-21.03.52-270x300.png 270w, https:\/\/www.greenvalley.pl\/wp-content\/uploads\/2021\/03\/Zrzut-ekranu-2020-12-06-o-21.03.52-768x852.png 768w, https:\/\/www.greenvalley.pl\/wp-content\/uploads\/2021\/03\/Zrzut-ekranu-2020-12-06-o-21.03.52.png 1238w\" sizes=\"(max-width: 923px) 100vw, 923px\" \/> <img decoding=\"async\" class=\"alignnone size-large wp-image-1261\" src=\"https:\/\/www.greenvalley.pl\/wp-content\/uploads\/2021\/03\/Zrzut-ekranu-2020-12-06-o-21.06.24-1024x977.png\" alt=\"Krzes\u0142o Tulipano Fotel Ze \u015alimakiem Tulipano\" width=\"1024\" height=\"977\" title=\"\" srcset=\"https:\/\/www.greenvalley.pl\/wp-content\/uploads\/2021\/03\/Zrzut-ekranu-2020-12-06-o-21.06.24-1024x977.png 1024w, https:\/\/www.greenvalley.pl\/wp-content\/uploads\/2021\/03\/Zrzut-ekranu-2020-12-06-o-21.06.24-600x573.png 600w, https:\/\/www.greenvalley.pl\/wp-content\/uploads\/2021\/03\/Zrzut-ekranu-2020-12-06-o-21.06.24-64x61.png 64w, https:\/\/www.greenvalley.pl\/wp-content\/uploads\/2021\/03\/Zrzut-ekranu-2020-12-06-o-21.06.24-300x286.png 300w, https:\/\/www.greenvalley.pl\/wp-content\/uploads\/2021\/03\/Zrzut-ekranu-2020-12-06-o-21.06.24-768x733.png 768w, https:\/\/www.greenvalley.pl\/wp-content\/uploads\/2021\/03\/Zrzut-ekranu-2020-12-06-o-21.06.24.png 1442w\" sizes=\"(max-width: 1024px) 100vw, 1024px\" \/> <img decoding=\"async\" class=\"alignnone size-full wp-image-1262\" src=\"https:\/\/www.greenvalley.pl\/wp-content\/uploads\/2021\/03\/Zrzut-ekranu-2020-12-06-o-21.06.59.png\" alt=\"Krzes\u0142o Tulipano Fotel Ze \u015alimakiem Tulipano\" width=\"708\" height=\"770\" title=\"\" srcset=\"https:\/\/www.greenvalley.pl\/wp-content\/uploads\/2021\/03\/Zrzut-ekranu-2020-12-06-o-21.06.59.png 708w, https:\/\/www.greenvalley.pl\/wp-content\/uploads\/2021\/03\/Zrzut-ekranu-2020-12-06-o-21.06.59-600x653.png 600w, https:\/\/www.greenvalley.pl\/wp-content\/uploads\/2021\/03\/Zrzut-ekranu-2020-12-06-o-21.06.59-64x70.png 64w, https:\/\/www.greenvalley.pl\/wp-content\/uploads\/2021\/03\/Zrzut-ekranu-2020-12-06-o-21.06.59-276x300.png 276w\" sizes=\"(max-width: 708px) 100vw, 708px\" \/><\/p>","protected":false},"excerpt":{"rendered":"<p><strong>Dimensions:<\/strong><br \/>\nL. 60 P. 68 H. 95 &#8211; HS. 50<\/p>","protected":false},"featured_media":1315,"comment_status":"open","ping_status":"closed","template":"","meta":{"site-sidebar-layout":"default","site-content-layout":"default","ast-site-content-layout":"default","site-content-style":"default","site-sidebar-style":"default","ast-global-header-display":"","ast-banner-title-visibility":"","ast-main-header-display":"","ast-hfb-above-header-display":"","ast-hfb-below-header-display":"","ast-hfb-mobile-header-display":"","site-post-title":"","ast-breadcrumbs-content":"","ast-featured-img":"","footer-sml-layout":"","theme-transparent-header-meta":"default","adv-header-id-meta":"","stick-header-meta":"","header-above-stick-meta":"","header-main-stick-meta":"","header-below-stick-meta":"","astra-migrate-meta-layouts":"set","ast-page-background-enabled":"default","ast-page-background-meta":{"desktop":{"background-color":"","background-image":"","background-repeat":"repeat","background-position":"center center","background-size":"auto","background-attachment":"scroll","background-type":"","background-media":"","overlay-type":"","overlay-color":"","overlay-opacity":"","overlay-gradient":""},"tablet":{"background-color":"","background-image":"","background-repeat":"repeat","background-position":"center center","background-size":"auto","background-attachment":"scroll","background-type":"","background-media":"","overlay-type":"","overlay-color":"","overlay-opacity":"","overlay-gradient":""},"mobile":{"background-color":"","background-image":"","background-repeat":"repeat","background-position":"center center","background-size":"auto","background-attachment":"scroll","background-type":"","background-media":"","overlay-type":"","overlay-color":"","overlay-opacity":"","overlay-gradient":""}},"ast-content-background-meta":{"desktop":{"background-color":"var(--ast-global-color-5)","background-image":"","background-repeat":"repeat","background-position":"center center","background-size":"auto","background-attachment":"scroll","background-type":"","background-media":"","overlay-type":"","overlay-color":"","overlay-opacity":"","overlay-gradient":""},"tablet":{"background-color":"var(--ast-global-color-5)","background-image":"","background-repeat":"repeat","background-position":"center center","background-size":"auto","background-attachment":"scroll","background-type":"","background-media":"","overlay-type":"","overlay-color":"","overlay-opacity":"","overlay-gradient":""},"mobile":{"background-color":"var(--ast-global-color-5)","background-image":"","background-repeat":"repeat","background-position":"center center","background-size":"auto","background-attachment":"scroll","background-type":"","background-media":"","overlay-type":"","overlay-color":"","overlay-opacity":"","overlay-gradient":""}}},"product_brand":[],"product_cat":[34,52,56,54],"product_tag":[58,57],"class_list":{"0":"post-1258","1":"product","2":"type-product","3":"status-publish","4":"has-post-thumbnail","6":"product_cat-krzesla","7":"product_cat-jadalnia","8":"product_cat-styl-glamour","9":"product_cat-styl-nowojorski","10":"product_tag-krzeslo-slimak","11":"product_tag-krzeslo-tulipano","12":"desktop-align-left","13":"tablet-align-left","14":"mobile-align-left","16":"first","17":"instock","18":"shipping-taxable","19":"product-type-simple"},"_links":{"self":[{"href":"https:\/\/www.greenvalley.pl\/en\/wp-json\/wp\/v2\/product\/1258","targetHints":{"allow":["GET"]}}],"collection":[{"href":"https:\/\/www.greenvalley.pl\/en\/wp-json\/wp\/v2\/product"}],"about":[{"href":"https:\/\/www.greenvalley.pl\/en\/wp-json\/wp\/v2\/types\/product"}],"replies":[{"embeddable":true,"href":"https:\/\/www.greenvalley.pl\/en\/wp-json\/wp\/v2\/comments?post=1258"}],"wp:featuredmedia":[{"embeddable":true,"href":"https:\/\/www.greenvalley.pl\/en\/wp-json\/wp\/v2\/media\/1315"}],"wp:attachment":[{"href":"https:\/\/www.greenvalley.pl\/en\/wp-json\/wp\/v2\/media?parent=1258"}],"wp:term":[{"taxonomy":"product_brand","embeddable":true,"href":"https:\/\/www.greenvalley.pl\/en\/wp-json\/wp\/v2\/product_brand?post=1258"},{"taxonomy":"product_cat","embeddable":true,"href":"https:\/\/www.greenvalley.pl\/en\/wp-json\/wp\/v2\/product_cat?post=1258"},{"taxonomy":"product_tag","embeddable":true,"href":"https:\/\/www.greenvalley.pl\/en\/wp-json\/wp\/v2\/product_tag?post=1258"}],"curies":[{"name":"wp","href":"https:\/\/api.w.org\/{rel}","templated":true}]}}